{"id":7618,"date":"2024-10-23T18:37:51","date_gmt":"2024-10-23T16:37:51","guid":{"rendered":"http:\/\/billigtrikots.com\/?post_type=product&#038;p=7618"},"modified":"2024-10-24T01:00:01","modified_gmt":"2024-10-23T23:00:01","slug":"herren-fc-barcelona-22-23-heimtrikot-dunkelblau-kurzarm-kurze-hosen-aubameyang-25","status":"publish","type":"product","link":"https:\/\/www.billigtrikotde.com\/cs\/herren-fc-barcelona-22-23-heimtrikot-dunkelblau-kurzarm-kurze-hosen-aubameyang-25\/","title":{"rendered":"P\u00e1nsk\u00e9 dresy FC Barcelona 22\/23 dom\u00e1c\u00ed dres tmav\u011b modr\u00e1 kr\u00e1tk\u00fd ruk\u00e1v + kr\u00e1tk\u00e9 nohavice AUBAMEYANG 25"},"content":{"rendered":"<p>Objevte dom\u00e1c\u00ed dres Barcelony 2022\/2023. Hrd\u011b noste barvy Blaugrana na h\u0159i\u0161ti nebo venku.<\/p>\n<p>Flexibiln\u00ed a lehk\u00fd dres s technologi\u00ed Nike Dri-Fit, od\u011bv, kter\u00fd zabra\u0148uje pronik\u00e1n\u00ed potu do va\u0161eho z\u00e1pasu nebo tr\u00e9ninku. Z\u016fsta\u0148te such\u00ed po sv\u00fdch zrychlen\u00edch.<\/p>\n<p>P\u0159edstavte si, \u017ee v\u00e1s div\u00e1ci na Camp Nou povzbuzuj\u00ed po skv\u011bl\u00e9m g\u00f3lu. Vzru\u0161uj\u00edc\u00ed, \u017ee ano?<\/p>\n<p>Tipy pro tisk: Pokud jsou jm\u00e9no a \u010d\u00edslo na obr\u00e1zku p\u0159esn\u011b takov\u00e9, jak\u00e9 chcete, nemus\u00edte je zad\u00e1vat znovu. Pokud tomu tak nen\u00ed, m\u011bli byste zadat po\u017eadovan\u00e9 jm\u00e9no a \u010d\u00edslo.<\/p>\n<p>Tipy pro pran\u00ed: Doporu\u010dujeme pr\u00e1t fotbalov\u00e1 tri\u010dka v ruce. Pokud chcete pou\u017e\u00edt pra\u010dku, nezapome\u0148te fotbalov\u00e1 tri\u010dka obr\u00e1tit naruby a pot\u00e9 je vyprat. Pra\u010dku napl\u0148te studenou vodou a pou\u017eijte jemn\u00fd cyklus, abyste l\u00e9pe ochr\u00e1nili barvy.<\/p>","protected":false},"excerpt":{"rendered":"<p>Objevte dom\u00e1c\u00ed dres Bar\u00e7a 2022\/2023. Hrd\u011b noste barvy Blaugrana na h\u0159i\u0161ti nebo venku. Flexibiln\u00ed a lehk\u00fd dres s technologi\u00ed Nike Dri-FIT, od\u011bv, kter\u00fd zabra\u0148uje pronik\u00e1n\u00ed potu do va\u0161eho z\u00e1pasu nebo tr\u00e9ninku. Z\u016fsta\u0148te such\u00ed po sv\u00e9m zrychlen\u00ed. P\u0159edstavte si, \u017ee div\u00e1ci na Camp Nou by [\u2026]<\/p>","protected":false},"featured_media":7660,"comment_status":"open","ping_status":"closed","template":"","meta":[],"product_brand":[],"product_cat":[31],"product_tag":[32,20,33,21,22,23,24],"class_list":{"0":"post-7618","1":"product","2":"type-product","3":"status-publish","4":"has-post-thumbnail","6":"product_cat-fc-barcelona","7":"product_tag-barcelona-heimtrikot","8":"product_tag-coole-fussballtrikots","9":"product_tag-fc-barcelona-trikots","10":"product_tag-fussballtrikot-fuer-herren","11":"product_tag-fussballtrikot-guenstig-kaufen","12":"product_tag-fussballtrikot-kurzarm","13":"product_tag-guenstiges-fussballtrikot","15":"first","16":"instock","17":"shipping-taxable","18":"purchasable","19":"product-type-variable"},"_links":{"self":[{"href":"https:\/\/www.billigtrikotde.com\/cs\/wp-json\/wp\/v2\/product\/7618","targetHints":{"allow":["GET"]}}],"collection":[{"href":"https:\/\/www.billigtrikotde.com\/cs\/wp-json\/wp\/v2\/product"}],"about":[{"href":"https:\/\/www.billigtrikotde.com\/cs\/wp-json\/wp\/v2\/types\/product"}],"replies":[{"embeddable":true,"href":"https:\/\/www.billigtrikotde.com\/cs\/wp-json\/wp\/v2\/comments?post=7618"}],"wp:featuredmedia":[{"embeddable":true,"href":"https:\/\/www.billigtrikotde.com\/cs\/wp-json\/wp\/v2\/media\/7660"}],"wp:attachment":[{"href":"https:\/\/www.billigtrikotde.com\/cs\/wp-json\/wp\/v2\/media?parent=7618"}],"wp:term":[{"taxonomy":"product_brand","embeddable":true,"href":"https:\/\/www.billigtrikotde.com\/cs\/wp-json\/wp\/v2\/product_brand?post=7618"},{"taxonomy":"product_cat","embeddable":true,"href":"https:\/\/www.billigtrikotde.com\/cs\/wp-json\/wp\/v2\/product_cat?post=7618"},{"taxonomy":"product_tag","embeddable":true,"href":"https:\/\/www.billigtrikotde.com\/cs\/wp-json\/wp\/v2\/product_tag?post=7618"}],"curies":[{"name":"wp","href":"https:\/\/api.w.org\/{rel}","templated":true}]}}