{"id":760,"date":"2024-10-23T13:03:00","date_gmt":"2024-10-23T11:03:00","guid":{"rendered":"http:\/\/billigtrikots.com\/?post_type=product&#038;p=760"},"modified":"2024-10-23T13:04:29","modified_gmt":"2024-10-23T11:04:29","slug":"fussball-trikot-away-blau-real-madrid-auswaertstrikot-2022-mit-aufdruck-chust-32","status":"publish","type":"product","link":"https:\/\/www.billigtrikotde.com\/cs\/fussball-trikot-away-blau-real-madrid-auswaertstrikot-2022-mit-aufdruck-chust-32\/","title":{"rendered":"Fotbalov\u00e9 tri\u010dko Away Blue Real Madrid Away Shirt 2022 s potiskem Chust 32"},"content":{"rendered":"<p>Uk\u00e1\u017e sv\u016fj t\u00fdmov\u00fd hrdost a podpo\u0159 Real Madrid v sez\u00f3n\u011b 2021\/2022 v ofici\u00e1ln\u00edm venkovn\u00edm dresu adidas. Fanou\u0161kovsk\u00e1 verze venkovn\u00edho dresu pro mu\u017ee vypad\u00e1 jako model, kter\u00fd nos\u00ed profesion\u00e1lov\u00e9 Realu na h\u0159i\u0161ti. Udr\u017eiteln\u00fd materi\u00e1l Primegreen je vyroben z recyklovan\u00e9ho polyesteru a d\u00edky technologii odv\u00e1d\u011bn\u00ed vlhkosti AEROREADY poskytuje p\u0159\u00edjemn\u00fd pocit sucha. Autentick\u00e9 t\u00fdmov\u00e9 detaily, jako je klubov\u00e1 zna\u010dka na hrudi, potvrzuj\u00ed tv\u00e9 spojen\u00ed s Kr\u00e1lovsk\u00fdmi.<\/p>\n<p>Tipy pro tisk: Pokud jsou jm\u00e9no a \u010d\u00edslo na obr\u00e1zku p\u0159esn\u011b takov\u00e9, jak\u00e9 chcete, nemus\u00edte je zad\u00e1vat znovu. Pokud tomu tak nen\u00ed, m\u011bli byste zadat po\u017eadovan\u00e9 jm\u00e9no a \u010d\u00edslo.<\/p>\n<p>Tipy pro pran\u00ed: Doporu\u010dujeme pr\u00e1t fotbalov\u00e1 tri\u010dka v ruce. Pokud chcete pou\u017e\u00edt pra\u010dku, nezapome\u0148te fotbalov\u00e1 tri\u010dka obr\u00e1tit naruby a pot\u00e9 je vyprat. Pra\u010dku napl\u0148te studenou vodou a pou\u017eijte jemn\u00fd cyklus, abyste l\u00e9pe ochr\u00e1nili barvy.<\/p>","protected":false},"excerpt":{"rendered":"<p>Zeige deinen Teamstolz und unterst\u00fctze Real Madrid in der Saison 2021\/2022 im offiziellen adidas Ausw\u00e4rtstrikot. Die Fan-Version des Away Jerseys f\u00fcr Herren sieht aus wie das Modell, das die Real-Profis auf dem Platz tragen. Das nachhaltige Primegreen-Material besteht aus recyceltem Polyester und sorgt dank der feuchtigkeitsableitenden AEROREADY-Technologie f\u00fcr ein angenehm trockenes Tragegef\u00fchl. Authentische Teamdetails wie [&hellip;]<\/p>","protected":false},"featured_media":795,"comment_status":"open","ping_status":"closed","template":"","meta":[],"product_brand":[],"product_cat":[45],"product_tag":[20,21,22,23,24,49,47],"class_list":{"0":"post-760","1":"product","2":"type-product","3":"status-publish","4":"has-post-thumbnail","6":"product_cat-real-madrid","7":"product_tag-coole-fussballtrikots","8":"product_tag-fussballtrikot-fuer-herren","9":"product_tag-fussballtrikot-guenstig-kaufen","10":"product_tag-fussballtrikot-kurzarm","11":"product_tag-guenstiges-fussballtrikot","12":"product_tag-real-madrid-auswaertstrikot","13":"product_tag-real-madrid-trikots","15":"first","16":"instock","17":"shipping-taxable","18":"purchasable","19":"product-type-variable"},"_links":{"self":[{"href":"https:\/\/www.billigtrikotde.com\/cs\/wp-json\/wp\/v2\/product\/760","targetHints":{"allow":["GET"]}}],"collection":[{"href":"https:\/\/www.billigtrikotde.com\/cs\/wp-json\/wp\/v2\/product"}],"about":[{"href":"https:\/\/www.billigtrikotde.com\/cs\/wp-json\/wp\/v2\/types\/product"}],"replies":[{"embeddable":true,"href":"https:\/\/www.billigtrikotde.com\/cs\/wp-json\/wp\/v2\/comments?post=760"}],"wp:featuredmedia":[{"embeddable":true,"href":"https:\/\/www.billigtrikotde.com\/cs\/wp-json\/wp\/v2\/media\/795"}],"wp:attachment":[{"href":"https:\/\/www.billigtrikotde.com\/cs\/wp-json\/wp\/v2\/media?parent=760"}],"wp:term":[{"taxonomy":"product_brand","embeddable":true,"href":"https:\/\/www.billigtrikotde.com\/cs\/wp-json\/wp\/v2\/product_brand?post=760"},{"taxonomy":"product_cat","embeddable":true,"href":"https:\/\/www.billigtrikotde.com\/cs\/wp-json\/wp\/v2\/product_cat?post=760"},{"taxonomy":"product_tag","embeddable":true,"href":"https:\/\/www.billigtrikotde.com\/cs\/wp-json\/wp\/v2\/product_tag?post=760"}],"curies":[{"name":"wp","href":"https:\/\/api.w.org\/{rel}","templated":true}]}}