{"id":7548,"date":"2024-10-23T18:34:30","date_gmt":"2024-10-23T16:34:30","guid":{"rendered":"http:\/\/billigtrikots.com\/?post_type=product&#038;p=7548"},"modified":"2024-10-23T18:36:35","modified_gmt":"2024-10-23T16:36:35","slug":"herren-fc-barcelona-2022-23-ausweichtrikot-weiss-online-kaufen-ronaldinho-10","status":"publish","type":"product","link":"https:\/\/www.billigtrikotde.com\/cs\/herren-fc-barcelona-2022-23-ausweichtrikot-weiss-online-kaufen-ronaldinho-10\/","title":{"rendered":"P\u00e1nsk\u00e9 FC Barcelona 2022\/23 N\u00e1hradn\u00ed dres b\u00edl\u00fd Online Koupit RONALDINHO 10"},"content":{"rendered":"<p>Nike Barcelona 2022-2023 t\u0159et\u00ed fotbalov\u00fd dres m\u00e1 n\u00e1padn\u00fd design. Kombinuje sv\u011btle \u0161edou z\u00e1kladn\u00ed barvu s modrogranov\u00fdm k\u0159\u00ed\u017eem na p\u0159edn\u00ed stran\u011b.<\/p>\n<p>Ofici\u00e1ln\u00ed barva t\u0159et\u00edho dresu Nike FC Barcelona 2022-2023 je pops\u00e1na jako \u201enebesky \u0161ed\u00e1\u201c a vzbudila ur\u010dit\u00e9 obavy v nov\u00e9 spr\u00e1vn\u00ed rad\u011b, proto\u017ee je p\u0159\u00edli\u0161 podobn\u00e1 b\u00edl\u00e9 barv\u011b Realu Madrid.<\/p>\n<p>Barcelona v\u0161ak ji\u017e mezi lety 1998 a 2001 m\u011bla velmi podobn\u00fd st\u0159\u00edbrn\u00fd venkovn\u00ed dres. Tento dres byl v\u0161ak p\u0159ed 20 lety kombinov\u00e1n s modr\u00fdmi kalhotami.<\/p>\n<p>K\u0159\u00ed\u017e uprost\u0159ed symbolizuje k\u0159\u00ed\u017e svat\u00e9ho Ji\u0159\u00ed (k\u0159\u00ed\u017e svat\u00e9ho Ji\u0159\u00ed), kter\u00fd je sou\u010d\u00e1st\u00ed klubov\u00e9 znaku.<\/p>\n<p>Tento dres p\u0159ipom\u00edn\u00e1, \u017ee v roce 2022 uplyne 30 let od doby, kdy Generalitat ud\u011blila FC Barcelona Creu de Sant Jordi.<\/p>\n<p>Tipy pro tisk: Pokud jsou jm\u00e9no a \u010d\u00edslo na obr\u00e1zku p\u0159esn\u011b takov\u00e9, jak\u00e9 chcete, nemus\u00edte je zad\u00e1vat znovu. Pokud tomu tak nen\u00ed, m\u011bli byste zadat po\u017eadovan\u00e9 jm\u00e9no a \u010d\u00edslo.<\/p>\n<p>Tipy pro pran\u00ed: Doporu\u010dujeme pr\u00e1t fotbalov\u00e1 tri\u010dka v ruce. Pokud chcete pou\u017e\u00edt pra\u010dku, nezapome\u0148te fotbalov\u00e1 tri\u010dka obr\u00e1tit naruby a pot\u00e9 je vyprat. Pra\u010dku napl\u0148te studenou vodou a pou\u017eijte jemn\u00fd cyklus, abyste l\u00e9pe ochr\u00e1nili barvy.<\/p>","protected":false},"excerpt":{"rendered":"<p>Nike Barcelona 2022-2023 t\u0159et\u00ed fotbalov\u00fd dres m\u00e1 v\u00fdrazn\u00fd design. Kombinuje sv\u011btle \u0161edou z\u00e1kladn\u00ed barvu s modrogranov\u00fdm k\u0159\u00ed\u017eem na p\u0159edn\u00ed stran\u011b. Ofici\u00e1ln\u00ed barva t\u0159et\u00edho dresu Nike FC Barcelona 2022-2023 je pops\u00e1na jako \u201enebesky \u0161ed\u00e1\u201c a vzbudila ur\u010dit\u00e9 obavy v nov\u00e9m veden\u00ed, proto\u017ee je p\u0159\u00edli\u0161 podobn\u00e1 b\u00edl\u00e9 barv\u011b, barv\u011b Realu Madrid [...]<\/p>","protected":false},"featured_media":7586,"comment_status":"open","ping_status":"closed","template":"","meta":[],"product_brand":[],"product_cat":[31],"product_tag":[20,37,33,21,22,23,24],"class_list":{"0":"post-7548","1":"product","2":"type-product","3":"status-publish","4":"has-post-thumbnail","6":"product_cat-fc-barcelona","7":"product_tag-coole-fussballtrikots","8":"product_tag-fc-barcelona-ausweichtrikot","9":"product_tag-fc-barcelona-trikots","10":"product_tag-fussballtrikot-fuer-herren","11":"product_tag-fussballtrikot-guenstig-kaufen","12":"product_tag-fussballtrikot-kurzarm","13":"product_tag-guenstiges-fussballtrikot","15":"first","16":"instock","17":"shipping-taxable","18":"purchasable","19":"product-type-variable"},"_links":{"self":[{"href":"https:\/\/www.billigtrikotde.com\/cs\/wp-json\/wp\/v2\/product\/7548","targetHints":{"allow":["GET"]}}],"collection":[{"href":"https:\/\/www.billigtrikotde.com\/cs\/wp-json\/wp\/v2\/product"}],"about":[{"href":"https:\/\/www.billigtrikotde.com\/cs\/wp-json\/wp\/v2\/types\/product"}],"replies":[{"embeddable":true,"href":"https:\/\/www.billigtrikotde.com\/cs\/wp-json\/wp\/v2\/comments?post=7548"}],"wp:featuredmedia":[{"embeddable":true,"href":"https:\/\/www.billigtrikotde.com\/cs\/wp-json\/wp\/v2\/media\/7586"}],"wp:attachment":[{"href":"https:\/\/www.billigtrikotde.com\/cs\/wp-json\/wp\/v2\/media?parent=7548"}],"wp:term":[{"taxonomy":"product_brand","embeddable":true,"href":"https:\/\/www.billigtrikotde.com\/cs\/wp-json\/wp\/v2\/product_brand?post=7548"},{"taxonomy":"product_cat","embeddable":true,"href":"https:\/\/www.billigtrikotde.com\/cs\/wp-json\/wp\/v2\/product_cat?post=7548"},{"taxonomy":"product_tag","embeddable":true,"href":"https:\/\/www.billigtrikotde.com\/cs\/wp-json\/wp\/v2\/product_tag?post=7548"}],"curies":[{"name":"wp","href":"https:\/\/api.w.org\/{rel}","templated":true}]}}