{"id":7498,"date":"2024-10-23T18:32:15","date_gmt":"2024-10-23T16:32:15","guid":{"rendered":"http:\/\/billigtrikots.com\/?post_type=product&#038;p=7498"},"modified":"2024-10-23T18:34:20","modified_gmt":"2024-10-23T16:34:20","slug":"lyon-22-23-viertes-trikot-blaue-neuen-fussballtrikots-set-online","status":"publish","type":"product","link":"https:\/\/www.billigtrikotde.com\/cs\/lyon-22-23-viertes-trikot-blaue-neuen-fussballtrikots-set-online\/","title":{"rendered":"Lyon 22-23 \u010ctvrt\u00fd dres modr\u00e9 nov\u00e9 fotbalov\u00e9 dresy sada Online"},"content":{"rendered":"<p>Das &#8222;Maillot Lyonnais&#8220; (Lyon-Trikot) genannte Adidas Lyon 2022-23 Event-Trikot basiert auf der neuen Adidas mi License 22 Template. Das Trikot kombiniert eine blaue Grundfarbe mit den anderen traditionellen Farben des Vereins, Rot und Gold.<br \/>\nGold wird f\u00fcr die Logos, die Schulterstreifen und die Paspel entlang des Kragens verwendet. Die Grafik auf der Vorderseite des Trikots besteht aus vielen kleinen roten Rauten, die einen subtilen Wellen-Look erzeugen. Die Raglan\u00e4rmel und der gr\u00f6\u00dfte Teil des R\u00fcckens sind einfarbig blau, wobei die Felder unter den \u00c4rmeln mit Rot gef\u00fcllt sind.<\/p>\n<p>Tipy pro tisk: Pokud jsou jm\u00e9no a \u010d\u00edslo na obr\u00e1zku p\u0159esn\u011b takov\u00e9, jak\u00e9 chcete, nemus\u00edte je zad\u00e1vat znovu. Pokud tomu tak nen\u00ed, m\u011bli byste zadat po\u017eadovan\u00e9 jm\u00e9no a \u010d\u00edslo.<\/p>\n<p>Tipy pro pran\u00ed: Doporu\u010dujeme pr\u00e1t fotbalov\u00e1 tri\u010dka v ruce. Pokud chcete pou\u017e\u00edt pra\u010dku, nezapome\u0148te fotbalov\u00e1 tri\u010dka obr\u00e1tit naruby a pot\u00e9 je vyprat. Pra\u010dku napl\u0148te studenou vodou a pou\u017eijte jemn\u00fd cyklus, abyste l\u00e9pe ochr\u00e1nili barvy.<\/p>","protected":false},"excerpt":{"rendered":"<p>Dres \u201eMaillot Lyonnais\u201c (Lyon dres) naz\u00fdvan\u00fd Adidas Lyon 2022-23 ud\u00e1lostn\u00ed dres je zalo\u017een na nov\u00e9m Adidas mi License 22 \u0161ablon\u011b. Dres kombinuje modrou z\u00e1kladn\u00ed barvu s dal\u0161\u00edmi tradi\u010dn\u00edmi barvami klubu, \u010dervenou a zlatou. Zlato je pou\u017eito pro loga, ramenn\u00ed pruhy a lem kolem l\u00edmce. Grafika na p\u0159edn\u00ed stran\u011b dresu [\u2026]<\/p>","protected":false},"featured_media":7537,"comment_status":"open","ping_status":"closed","template":"","meta":[],"product_brand":[],"product_cat":[15],"product_tag":[339,20,43,21,22,23,24,340,341,342],"class_list":{"0":"post-7498","1":"product","2":"type-product","3":"status-publish","4":"has-post-thumbnail","6":"product_cat-unkategorisiert","7":"product_tag-alle-neuen-lyon-trikots","8":"product_tag-coole-fussballtrikots","9":"product_tag-fussballkleidung","10":"product_tag-fussballtrikot-fuer-herren","11":"product_tag-fussballtrikot-guenstig-kaufen","12":"product_tag-fussballtrikot-kurzarm","13":"product_tag-guenstiges-fussballtrikot","14":"product_tag-lyon-trikot-2022-23","15":"product_tag-lyon-trikot-2022-23-fussballtrikots","16":"product_tag-lyon-trikots","18":"first","19":"instock","20":"shipping-taxable","21":"purchasable","22":"product-type-variable"},"_links":{"self":[{"href":"https:\/\/www.billigtrikotde.com\/cs\/wp-json\/wp\/v2\/product\/7498","targetHints":{"allow":["GET"]}}],"collection":[{"href":"https:\/\/www.billigtrikotde.com\/cs\/wp-json\/wp\/v2\/product"}],"about":[{"href":"https:\/\/www.billigtrikotde.com\/cs\/wp-json\/wp\/v2\/types\/product"}],"replies":[{"embeddable":true,"href":"https:\/\/www.billigtrikotde.com\/cs\/wp-json\/wp\/v2\/comments?post=7498"}],"wp:featuredmedia":[{"embeddable":true,"href":"https:\/\/www.billigtrikotde.com\/cs\/wp-json\/wp\/v2\/media\/7537"}],"wp:attachment":[{"href":"https:\/\/www.billigtrikotde.com\/cs\/wp-json\/wp\/v2\/media?parent=7498"}],"wp:term":[{"taxonomy":"product_brand","embeddable":true,"href":"https:\/\/www.billigtrikotde.com\/cs\/wp-json\/wp\/v2\/product_brand?post=7498"},{"taxonomy":"product_cat","embeddable":true,"href":"https:\/\/www.billigtrikotde.com\/cs\/wp-json\/wp\/v2\/product_cat?post=7498"},{"taxonomy":"product_tag","embeddable":true,"href":"https:\/\/www.billigtrikotde.com\/cs\/wp-json\/wp\/v2\/product_tag?post=7498"}],"curies":[{"name":"wp","href":"https:\/\/api.w.org\/{rel}","templated":true}]}}