{"id":7482,"date":"2024-10-23T18:31:37","date_gmt":"2024-10-23T16:31:37","guid":{"rendered":"http:\/\/billigtrikots.com\/?post_type=product&#038;p=7482"},"modified":"2024-10-23T18:33:13","modified_gmt":"2024-10-23T16:33:13","slug":"manchester-city-torwarttrikot-fuer-herren-2022-23-langarm-orange-trikotsatz-ederson-m-31","status":"publish","type":"product","link":"https:\/\/www.billigtrikotde.com\/cs\/manchester-city-torwarttrikot-fuer-herren-2022-23-langarm-orange-trikotsatz-ederson-m-31\/","title":{"rendered":"Manchester City brank\u00e1\u0159sk\u00fd dres pro mu\u017ee 2022\/23 dlouh\u00fd ruk\u00e1v oran\u017eov\u00e1 souprava EDERSON M.31"},"content":{"rendered":"<p>Dom\u00e1c\u00ed brank\u00e1\u0159sk\u00fd dres Manchester City pro sez\u00f3nu 22\/23 je naprostou nutnost\u00ed pro ka\u017edou mladou garderobu Cityzen. M\u00e1 kulat\u00fd v\u00fdst\u0159ih a jedine\u010dnou \u201erychlou grafiku\u201c PUMA na p\u0159edn\u00ed stran\u011b dresu. Tento dres pro chlapce a d\u00edvky s dlouh\u00fdmi ruk\u00e1vy a norm\u00e1ln\u00edm st\u0159ihem ti dod\u00e1 stejn\u00fd st\u0159ih jako Ederson.<\/p>\n<p>Tipy pro tisk: Pokud jsou jm\u00e9no a \u010d\u00edslo na obr\u00e1zku p\u0159esn\u011b takov\u00e9, jak\u00e9 chcete, nemus\u00edte je zad\u00e1vat znovu. Pokud tomu tak nen\u00ed, m\u011bli byste zadat po\u017eadovan\u00e9 jm\u00e9no a \u010d\u00edslo.<\/p>\n<p>Tipy pro pran\u00ed: Doporu\u010dujeme pr\u00e1t fotbalov\u00e1 tri\u010dka v ruce. Pokud chcete pou\u017e\u00edt pra\u010dku, nezapome\u0148te fotbalov\u00e1 tri\u010dka obr\u00e1tit naruby a pot\u00e9 je vyprat. Pra\u010dku napl\u0148te studenou vodou a pou\u017eijte jemn\u00fd cyklus, abyste l\u00e9pe ochr\u00e1nili barvy.<\/p>","protected":false},"excerpt":{"rendered":"<p>Dom\u00e1c\u00ed brank\u00e1\u0159sk\u00fd dres Manchester City pro sez\u00f3nu 22\/23 je naprostou nutnost\u00ed pro ka\u017edou mladou garderobu Cityzen. M\u00e1 kulat\u00fd v\u00fdst\u0159ih a jedine\u010dnou \u201erychlou grafiku\u201c PUMA na p\u0159edn\u00ed stran\u011b dresu. Tento dres pro chlapce a d\u00edvky s dlouh\u00fdmi ruk\u00e1vy a norm\u00e1ln\u00edm st\u0159ihem ti dod\u00e1 stejn\u00fd st\u0159ih jako Ederson.<\/p>","protected":false},"featured_media":7515,"comment_status":"open","ping_status":"closed","template":"","meta":[],"product_brand":[],"product_cat":[82],"product_tag":[20,21,22,333,24,334,273,84],"class_list":{"0":"post-7482","1":"product","2":"type-product","3":"status-publish","4":"has-post-thumbnail","6":"product_cat-manchester-city","7":"product_tag-coole-fussballtrikots","8":"product_tag-fussballtrikot-fuer-herren","9":"product_tag-fussballtrikot-guenstig-kaufen","10":"product_tag-fussballtrikot-langaermeliges","11":"product_tag-guenstiges-fussballtrikot","12":"product_tag-manchester-city-torwarttrikot","13":"product_tag-manchester-city-trikot-22-23","14":"product_tag-manchester-city-trikots","16":"first","17":"instock","18":"shipping-taxable","19":"purchasable","20":"product-type-variable"},"_links":{"self":[{"href":"https:\/\/www.billigtrikotde.com\/cs\/wp-json\/wp\/v2\/product\/7482","targetHints":{"allow":["GET"]}}],"collection":[{"href":"https:\/\/www.billigtrikotde.com\/cs\/wp-json\/wp\/v2\/product"}],"about":[{"href":"https:\/\/www.billigtrikotde.com\/cs\/wp-json\/wp\/v2\/types\/product"}],"replies":[{"embeddable":true,"href":"https:\/\/www.billigtrikotde.com\/cs\/wp-json\/wp\/v2\/comments?post=7482"}],"wp:featuredmedia":[{"embeddable":true,"href":"https:\/\/www.billigtrikotde.com\/cs\/wp-json\/wp\/v2\/media\/7515"}],"wp:attachment":[{"href":"https:\/\/www.billigtrikotde.com\/cs\/wp-json\/wp\/v2\/media?parent=7482"}],"wp:term":[{"taxonomy":"product_brand","embeddable":true,"href":"https:\/\/www.billigtrikotde.com\/cs\/wp-json\/wp\/v2\/product_brand?post=7482"},{"taxonomy":"product_cat","embeddable":true,"href":"https:\/\/www.billigtrikotde.com\/cs\/wp-json\/wp\/v2\/product_cat?post=7482"},{"taxonomy":"product_tag","embeddable":true,"href":"https:\/\/www.billigtrikotde.com\/cs\/wp-json\/wp\/v2\/product_tag?post=7482"}],"curies":[{"name":"wp","href":"https:\/\/api.w.org\/{rel}","templated":true}]}}