{"id":7404,"date":"2024-10-23T18:27:37","date_gmt":"2024-10-23T16:27:37","guid":{"rendered":"http:\/\/billigtrikots.com\/?post_type=product&#038;p=7404"},"modified":"2024-10-23T18:29:46","modified_gmt":"2024-10-23T16:29:46","slug":"kinder-fussball-argentinien-heimtrikot-wm-2022-weiss-blau-trikotsatz-lautaro-22","status":"publish","type":"product","link":"https:\/\/www.billigtrikotde.com\/cs\/kinder-fussball-argentinien-heimtrikot-wm-2022-weiss-blau-trikotsatz-lautaro-22\/","title":{"rendered":"D\u011btsk\u00e1 fotbalov\u00e1 Argentina dom\u00e1c\u00ed tri\u010dko Sv\u011btov\u00fd poh\u00e1r 2022 b\u00edl\u00e1 modr\u00e1 Kit LAUTARO 22"},"content":{"rendered":"<p>Nov\u00fd dres Argentiny pro rok 2022 je p\u0159ev\u00e1\u017en\u011b b\u00edl\u00fd s \u010dern\u00fdmi logy \u2013 v\u010detn\u011b \u00fapln\u011b nov\u00e9ho loga Adidas, kter\u00e9 slav\u00ed sv\u016fj fotbalov\u00fd debut s dresy MS 2022.<\/p>\n<p>Pruhy na nov\u00e9m dresu Argentiny na MS 2022 jsou klasick\u00e9, ale pouze na p\u0159edn\u00ed stran\u011b. Pruhy na zadn\u00ed stran\u011b jsou opravdu neobvykl\u00e9: m\u00edsto toho, aby byly stejn\u011b \u0161irok\u00e9, jsou uprost\u0159ed dv\u011b ten\u010d\u00ed nebesky modr\u00e9 pruhy a na okraj\u00edch dresu dv\u011b \u0161ir\u0161\u00ed. Tyto \u0161ir\u0161\u00ed pruhy jsou asi t\u0159ikr\u00e1t tak \u0161irok\u00e9 jako pruhy uprost\u0159ed.<\/p>\n<p>M\u011blo by to vypadat jako argentinsk\u00e1 vlajka. Tak\u00e9 v odkazov\u00e1n\u00ed na vlajku je na zadn\u00ed stran\u011b pod l\u00edmcem symbol Sol de Mayo, argentinsk\u00fd n\u00e1rodn\u00ed znak.<\/p>\n<p>\u010cern\u00e9 kalhoty a b\u00edl\u00e9 n\u00e1vleky dopl\u0148uj\u00ed dres Argentiny 2022.<\/p>\n<p>Tipy pro tisk: Pokud jsou jm\u00e9no a \u010d\u00edslo na obr\u00e1zku p\u0159esn\u011b takov\u00e9, jak\u00e9 chcete, nemus\u00edte je zad\u00e1vat znovu. Pokud tomu tak nen\u00ed, m\u011bli byste zadat po\u017eadovan\u00e9 jm\u00e9no a \u010d\u00edslo.<\/p>\n<p>Tipy pro pran\u00ed: Doporu\u010dujeme pr\u00e1t fotbalov\u00e1 tri\u010dka v ruce. Pokud chcete pou\u017e\u00edt pra\u010dku, nezapome\u0148te fotbalov\u00e1 tri\u010dka obr\u00e1tit naruby a pot\u00e9 je vyprat. Pra\u010dku napl\u0148te studenou vodou a pou\u017eijte jemn\u00fd cyklus, abyste l\u00e9pe ochr\u00e1nili barvy.<\/p>","protected":false},"excerpt":{"rendered":"<p>Argentiniens neues Trikot f\u00fcr 2022 ist \u00fcberwiegend wei\u00df mit schwarzen Logos \u2013 darunter das brandneue Adidas-Logo, das mit den WM-Trikots 2022 sein Fu\u00dfballdeb\u00fct feiert. Die Streifen auf dem neuen Argentinien WM 2022 Trikot sind klassisch, aber nur auf der Vorderseite. Die Streifen auf der R\u00fcckseite sind wirklich ungew\u00f6hnlich: Anstatt gleich breit zu sein, gibt es [&hellip;]<\/p>","protected":false},"featured_media":7442,"comment_status":"open","ping_status":"closed","template":"","meta":[],"product_brand":[],"product_cat":[325,91],"product_tag":[231,326,20,222,21,22,23,24,94],"class_list":{"0":"post-7404","1":"product","2":"type-product","3":"status-publish","4":"has-post-thumbnail","6":"product_cat-argentinien-trikots","7":"product_cat-kindertrikots","8":"product_tag-argentina-trikots","9":"product_tag-argentina-trikotsatz-fuer-kinder","10":"product_tag-coole-fussballtrikots","11":"product_tag-fussball-wm-2022-trikots","12":"product_tag-fussballtrikot-fuer-herren","13":"product_tag-fussballtrikot-guenstig-kaufen","14":"product_tag-fussballtrikot-kurzarm","15":"product_tag-guenstiges-fussballtrikot","16":"product_tag-kinder-fussball-trikotsatz","18":"first","19":"instock","20":"shipping-taxable","21":"purchasable","22":"product-type-variable"},"_links":{"self":[{"href":"https:\/\/www.billigtrikotde.com\/cs\/wp-json\/wp\/v2\/product\/7404","targetHints":{"allow":["GET"]}}],"collection":[{"href":"https:\/\/www.billigtrikotde.com\/cs\/wp-json\/wp\/v2\/product"}],"about":[{"href":"https:\/\/www.billigtrikotde.com\/cs\/wp-json\/wp\/v2\/types\/product"}],"replies":[{"embeddable":true,"href":"https:\/\/www.billigtrikotde.com\/cs\/wp-json\/wp\/v2\/comments?post=7404"}],"wp:featuredmedia":[{"embeddable":true,"href":"https:\/\/www.billigtrikotde.com\/cs\/wp-json\/wp\/v2\/media\/7442"}],"wp:attachment":[{"href":"https:\/\/www.billigtrikotde.com\/cs\/wp-json\/wp\/v2\/media?parent=7404"}],"wp:term":[{"taxonomy":"product_brand","embeddable":true,"href":"https:\/\/www.billigtrikotde.com\/cs\/wp-json\/wp\/v2\/product_brand?post=7404"},{"taxonomy":"product_cat","embeddable":true,"href":"https:\/\/www.billigtrikotde.com\/cs\/wp-json\/wp\/v2\/product_cat?post=7404"},{"taxonomy":"product_tag","embeddable":true,"href":"https:\/\/www.billigtrikotde.com\/cs\/wp-json\/wp\/v2\/product_tag?post=7404"}],"curies":[{"name":"wp","href":"https:\/\/api.w.org\/{rel}","templated":true}]}}