{"id":7364,"date":"2024-10-23T18:25:51","date_gmt":"2024-10-23T16:25:51","guid":{"rendered":"http:\/\/billigtrikots.com\/?post_type=product&#038;p=7364"},"modified":"2024-10-23T18:28:00","modified_gmt":"2024-10-23T16:28:00","slug":"kinder-ac-mailand-2022-23-heimtrikot-rot-schwarz-billige-fussballtrikots","status":"publish","type":"product","link":"https:\/\/www.billigtrikotde.com\/cs\/kinder-ac-mailand-2022-23-heimtrikot-rot-schwarz-billige-fussballtrikots\/","title":{"rendered":"D\u011btsk\u00e9 AC Milan 2022\/23 dom\u00e1c\u00ed tri\u010dko \u010derven\u00e9 \u010dern\u00e9 Levn\u00e9 fotbalov\u00e9 dresy"},"content":{"rendered":"<p>Objevte nov\u00e9 dom\u00e1c\u00ed dres Milan 2022\/2023. Hrd\u011b noste barvy sv\u00e9ho obl\u00edben\u00e9ho t\u00fdmu na h\u0159i\u0161ti nebo venku.<\/p>\n<p>Flexibiln\u00ed a lehk\u00fd dres s technologi\u00ed Puma DryCELL \u2013 od\u011bv, kter\u00fd zabra\u0148uje pronik\u00e1n\u00ed potu b\u011bhem va\u0161eho z\u00e1pasu nebo tr\u00e9ninku. Z\u016fsta\u0148te such\u00ed po va\u0161ich zrychlen\u00edch.<\/p>\n<p>P\u0159edstavte si, \u017ee div\u00e1ci ze San Sira v\u00e1s povzbuzuj\u00ed po skv\u011bl\u00e9m g\u00f3lu.<\/p>\n<p>Dres je inspirov\u00e1n dresy profesion\u00e1ln\u00edho t\u00fdmu b\u011bhem z\u00e1pas\u016f.<\/p>\n<p>Z\u016eSTA\u0147TE SUCH\u00dd I POD T\u00cdSKEM<\/p>\n<p>Skl\u00e1d\u00e1 se z technologie Puma DryCELL a pom\u00e1h\u00e1 absorbovat pot. Tak z\u016fstanete such\u00ed b\u011bhem va\u0161ich n\u00e1mahy.<\/p>\n<p>Tipy pro tisk: Pokud jsou jm\u00e9no a \u010d\u00edslo na obr\u00e1zku p\u0159esn\u011b takov\u00e9, jak\u00e9 chcete, nemus\u00edte je zad\u00e1vat znovu. Pokud tomu tak nen\u00ed, m\u011bli byste zadat po\u017eadovan\u00e9 jm\u00e9no a \u010d\u00edslo.<\/p>\n<p>Tipy pro pran\u00ed: Doporu\u010dujeme pr\u00e1t fotbalov\u00e1 tri\u010dka v ruce. Pokud chcete pou\u017e\u00edt pra\u010dku, nezapome\u0148te fotbalov\u00e1 tri\u010dka obr\u00e1tit naruby a pot\u00e9 je vyprat. Pra\u010dku napl\u0148te studenou vodou a pou\u017eijte jemn\u00fd cyklus, abyste l\u00e9pe ochr\u00e1nili barvy.<\/p>","protected":false},"excerpt":{"rendered":"<p>Entdecke das neue Milan 2022\/2023 Heimtrikot . Tragen Sie stolz die Farben Ihres Lieblingsteams auf dem Platz oder drau\u00dfen. Ein flexibles und leichtes Trikot mit Puma DryCELL -Technologie, ein Kleidungsst\u00fcck, das das Eindringen von Schwei\u00df w\u00e4hrend Ihres Spiels oder Trainings verhindert. Bleiben Sie nach Ihren Beschleunigungen trocken. Stellen Sie sich vor, die Zuschauer von San [&hellip;]<\/p>","protected":false},"featured_media":7396,"comment_status":"open","ping_status":"closed","template":"","meta":[],"product_brand":[],"product_cat":[92],"product_tag":[25,93,20,21,23,24,94],"class_list":{"0":"post-7364","1":"product","2":"type-product","3":"status-publish","4":"has-post-thumbnail","6":"product_cat-ac-mailand-kindertrikot","7":"product_tag-ac-milan-heimtrikot","8":"product_tag-ac-milan-trikotsatz-fuer-kinder","9":"product_tag-coole-fussballtrikots","10":"product_tag-fussballtrikot-fuer-herren","11":"product_tag-fussballtrikot-kurzarm","12":"product_tag-guenstiges-fussballtrikot","13":"product_tag-kinder-fussball-trikotsatz","15":"first","16":"instock","17":"shipping-taxable","18":"purchasable","19":"product-type-variable"},"_links":{"self":[{"href":"https:\/\/www.billigtrikotde.com\/cs\/wp-json\/wp\/v2\/product\/7364","targetHints":{"allow":["GET"]}}],"collection":[{"href":"https:\/\/www.billigtrikotde.com\/cs\/wp-json\/wp\/v2\/product"}],"about":[{"href":"https:\/\/www.billigtrikotde.com\/cs\/wp-json\/wp\/v2\/types\/product"}],"replies":[{"embeddable":true,"href":"https:\/\/www.billigtrikotde.com\/cs\/wp-json\/wp\/v2\/comments?post=7364"}],"wp:featuredmedia":[{"embeddable":true,"href":"https:\/\/www.billigtrikotde.com\/cs\/wp-json\/wp\/v2\/media\/7396"}],"wp:attachment":[{"href":"https:\/\/www.billigtrikotde.com\/cs\/wp-json\/wp\/v2\/media?parent=7364"}],"wp:term":[{"taxonomy":"product_brand","embeddable":true,"href":"https:\/\/www.billigtrikotde.com\/cs\/wp-json\/wp\/v2\/product_brand?post=7364"},{"taxonomy":"product_cat","embeddable":true,"href":"https:\/\/www.billigtrikotde.com\/cs\/wp-json\/wp\/v2\/product_cat?post=7364"},{"taxonomy":"product_tag","embeddable":true,"href":"https:\/\/www.billigtrikotde.com\/cs\/wp-json\/wp\/v2\/product_tag?post=7364"}],"curies":[{"name":"wp","href":"https:\/\/api.w.org\/{rel}","templated":true}]}}