{"id":7362,"date":"2024-10-23T18:25:49","date_gmt":"2024-10-23T16:25:49","guid":{"rendered":"http:\/\/billigtrikots.com\/?post_type=product&#038;p=7362"},"modified":"2024-10-23T18:27:28","modified_gmt":"2024-10-23T16:27:28","slug":"herren-leicester-city-2022-23-heimtrikot-blau-weiss-trikotsatz-online-bestellen","status":"publish","type":"product","link":"https:\/\/www.billigtrikotde.com\/cs\/herren-leicester-city-2022-23-heimtrikot-blau-weiss-trikotsatz-online-bestellen\/","title":{"rendered":"P\u00e1nsk\u00e9 dresy Leicester City 2022-23 Home Jersey blue white Kit Order Online"},"content":{"rendered":"<p>Dom\u00e1c\u00ed dres Adidas Leicester City 2022-23 je v obvykl\u00e9 modr\u00e9 barv\u011b klubu a m\u00e1 jednoduchou z\u00e1kladn\u00ed barvu bez grafiky. Stejn\u011b jako u n\u011bkolika dal\u0161\u00edch leto\u0161n\u00edch t\u00fdm\u016f Adidas B je pou\u017eita standardn\u00ed \u0161ablona s b\u00edl\u00fdm l\u00edmcem a pruhy Adidas na ramenou jsou b\u00edl\u00e9, stejn\u011b jako loga sponzor\u016f. Znak Leicesteru je v\u0161ak ve zlat\u00e9 a modr\u00e9 barv\u011b a logo Adidas m\u00e1 rovn\u011b\u017e zlatou barvu, \u010d\u00edm\u017e Adidas pokra\u010duje v pou\u017e\u00edv\u00e1n\u00ed zlat\u00e9 barvy na v\u0161ech souprav\u00e1ch Leicesteru, kter\u00e9 dosud vyrobil.<\/p>\n<p>Tipy pro tisk: Pokud jsou jm\u00e9no a \u010d\u00edslo na obr\u00e1zku p\u0159esn\u011b takov\u00e9, jak\u00e9 chcete, nemus\u00edte je zad\u00e1vat znovu. Pokud tomu tak nen\u00ed, m\u011bli byste zadat po\u017eadovan\u00e9 jm\u00e9no a \u010d\u00edslo.<\/p>\n<p>Tipy pro pran\u00ed: Doporu\u010dujeme pr\u00e1t fotbalov\u00e1 tri\u010dka v ruce. Pokud chcete pou\u017e\u00edt pra\u010dku, nezapome\u0148te fotbalov\u00e1 tri\u010dka obr\u00e1tit naruby a pot\u00e9 je vyprat. Pra\u010dku napl\u0148te studenou vodou a pou\u017eijte jemn\u00fd cyklus, abyste l\u00e9pe ochr\u00e1nili barvy.<\/p>","protected":false},"excerpt":{"rendered":"<p>Das Adidas Leicester City 2022-23 Heim trikot kommt im gewohnten Blauton des Vereins daher und hat einen einfarbigen Grundton ohne Grafik. Wie schon bei einigen anderen B-Mannschaften von Adidas in diesem Jahr wird eine Standardvorlage mit einem wei\u00dfen Kragen verwendet.Die Adidas-Streifen auf den Schultern erscheinen in Wei\u00df, genau wie die Sponsorenlogos. Das Wappen von Leicester [&hellip;]<\/p>","protected":false},"featured_media":7395,"comment_status":"open","ping_status":"closed","template":"","meta":[],"product_brand":[],"product_cat":[80],"product_tag":[20,21,22,23,54,24,323,324],"class_list":{"0":"post-7362","1":"product","2":"type-product","3":"status-publish","4":"has-post-thumbnail","6":"product_cat-leicester-city","7":"product_tag-coole-fussballtrikots","8":"product_tag-fussballtrikot-fuer-herren","9":"product_tag-fussballtrikot-guenstig-kaufen","10":"product_tag-fussballtrikot-kurzarm","11":"product_tag-fussballtrikot-set","12":"product_tag-guenstiges-fussballtrikot","13":"product_tag-leicester-city-2022-23-heimtrikot","14":"product_tag-leicester-city-heimtrikot","16":"first","17":"instock","18":"shipping-taxable","19":"purchasable","20":"product-type-variable"},"_links":{"self":[{"href":"https:\/\/www.billigtrikotde.com\/cs\/wp-json\/wp\/v2\/product\/7362","targetHints":{"allow":["GET"]}}],"collection":[{"href":"https:\/\/www.billigtrikotde.com\/cs\/wp-json\/wp\/v2\/product"}],"about":[{"href":"https:\/\/www.billigtrikotde.com\/cs\/wp-json\/wp\/v2\/types\/product"}],"replies":[{"embeddable":true,"href":"https:\/\/www.billigtrikotde.com\/cs\/wp-json\/wp\/v2\/comments?post=7362"}],"wp:featuredmedia":[{"embeddable":true,"href":"https:\/\/www.billigtrikotde.com\/cs\/wp-json\/wp\/v2\/media\/7395"}],"wp:attachment":[{"href":"https:\/\/www.billigtrikotde.com\/cs\/wp-json\/wp\/v2\/media?parent=7362"}],"wp:term":[{"taxonomy":"product_brand","embeddable":true,"href":"https:\/\/www.billigtrikotde.com\/cs\/wp-json\/wp\/v2\/product_brand?post=7362"},{"taxonomy":"product_cat","embeddable":true,"href":"https:\/\/www.billigtrikotde.com\/cs\/wp-json\/wp\/v2\/product_cat?post=7362"},{"taxonomy":"product_tag","embeddable":true,"href":"https:\/\/www.billigtrikotde.com\/cs\/wp-json\/wp\/v2\/product_tag?post=7362"}],"curies":[{"name":"wp","href":"https:\/\/api.w.org\/{rel}","templated":true}]}}