{"id":7316,"date":"2024-10-23T18:23:35","date_gmt":"2024-10-23T16:23:35","guid":{"rendered":"http:\/\/billigtrikots.com\/?post_type=product&#038;p=7316"},"modified":"2024-10-23T18:25:42","modified_gmt":"2024-10-23T16:25:42","slug":"herren-castore-wolverhampton-wanderers-f-c-2022-23-heimtrikot-gelb-kurzarm-kurze-hosen-adama-37","status":"publish","type":"product","link":"https:\/\/www.billigtrikotde.com\/cs\/herren-castore-wolverhampton-wanderers-f-c-2022-23-heimtrikot-gelb-kurzarm-kurze-hosen-adama-37\/","title":{"rendered":"P\u00e1nsk\u00e9 tri\u010dko Castore Wolverhampton Wanderers F.C. 2022-23 Home Shirt Yellow Short Sleeve + Shorts ADAMA 37"},"content":{"rendered":"<p>Toto tri\u010dko Castore s starozlat\u00fdmi dresy a stutzy a \u010dern\u00fdmi \u0161ortkami bylo op\u011bt pe\u010dliv\u011b slad\u011bno s nezam\u011bnitelnou barvou Pantone klubu. Po podrobn\u00e9 lad\u011bn\u00ed barev a barven\u00ed bylo znovu zrealizov\u00e1no prav\u00e9 Wolves zlat\u00e9, zat\u00edmco matn\u00fd leskl\u00fd materi\u00e1l na zadn\u00ed stran\u011b napodobuje tok a pohyb na h\u0159i\u0161ti a l\u00edmec s p\u00e1skem dod\u00e1v\u00e1 osobn\u011bj\u0161\u00ed n\u00e1dech.<\/p>\n<p>Tipy pro tisk: Pokud jsou jm\u00e9no a \u010d\u00edslo na obr\u00e1zku p\u0159esn\u011b takov\u00e9, jak\u00e9 chcete, nemus\u00edte je zad\u00e1vat znovu. Pokud tomu tak nen\u00ed, m\u011bli byste zadat po\u017eadovan\u00e9 jm\u00e9no a \u010d\u00edslo.<\/p>\n<p>Tipy pro pran\u00ed: Doporu\u010dujeme pr\u00e1t fotbalov\u00e1 tri\u010dka v ruce. Pokud chcete pou\u017e\u00edt pra\u010dku, nezapome\u0148te fotbalov\u00e1 tri\u010dka obr\u00e1tit naruby a pot\u00e9 je vyprat. Pra\u010dku napl\u0148te studenou vodou a pou\u017eijte jemn\u00fd cyklus, abyste l\u00e9pe ochr\u00e1nili barvy.<\/p>","protected":false},"excerpt":{"rendered":"<p>Toto tri\u010dko Castore s starozlat\u00fdmi dresy a stutzy a \u010dern\u00fdmi \u0161ortkami bylo op\u011bt pe\u010dliv\u011b slad\u011bno s nezam\u011bnitelnou barvou Pantone klubu. Po podrobn\u00e9 lad\u011bn\u00ed barev a barven\u00ed bylo znovu zrealizov\u00e1no prav\u00e9 Wolves zlat\u00e9, zat\u00edmco matn\u00fd leskl\u00fd materi\u00e1l na zadn\u00ed stran\u011b napodobuje tok a pohyb na h\u0159i\u0161ti a l\u00edmec s p\u00e1skem dod\u00e1v\u00e1 osobn\u011bj\u0161\u00ed n\u00e1dech.<\/p>","protected":false},"featured_media":7348,"comment_status":"open","ping_status":"closed","template":"","meta":[],"product_brand":[],"product_cat":[69],"product_tag":[20,70,21,22,23,24,71],"class_list":{"0":"post-7316","1":"product","2":"type-product","3":"status-publish","4":"has-post-thumbnail","6":"product_cat-wolverhampton-wanderers","7":"product_tag-coole-fussballtrikots","8":"product_tag-castore-wolves-heimtrikot","9":"product_tag-fussballtrikot-fuer-herren","10":"product_tag-fussballtrikot-guenstig-kaufen","11":"product_tag-fussballtrikot-kurzarm","12":"product_tag-guenstiges-fussballtrikot","13":"product_tag-wolverhampton-wanderers-trikots","15":"first","16":"instock","17":"shipping-taxable","18":"purchasable","19":"product-type-variable"},"_links":{"self":[{"href":"https:\/\/www.billigtrikotde.com\/cs\/wp-json\/wp\/v2\/product\/7316","targetHints":{"allow":["GET"]}}],"collection":[{"href":"https:\/\/www.billigtrikotde.com\/cs\/wp-json\/wp\/v2\/product"}],"about":[{"href":"https:\/\/www.billigtrikotde.com\/cs\/wp-json\/wp\/v2\/types\/product"}],"replies":[{"embeddable":true,"href":"https:\/\/www.billigtrikotde.com\/cs\/wp-json\/wp\/v2\/comments?post=7316"}],"wp:featuredmedia":[{"embeddable":true,"href":"https:\/\/www.billigtrikotde.com\/cs\/wp-json\/wp\/v2\/media\/7348"}],"wp:attachment":[{"href":"https:\/\/www.billigtrikotde.com\/cs\/wp-json\/wp\/v2\/media?parent=7316"}],"wp:term":[{"taxonomy":"product_brand","embeddable":true,"href":"https:\/\/www.billigtrikotde.com\/cs\/wp-json\/wp\/v2\/product_brand?post=7316"},{"taxonomy":"product_cat","embeddable":true,"href":"https:\/\/www.billigtrikotde.com\/cs\/wp-json\/wp\/v2\/product_cat?post=7316"},{"taxonomy":"product_tag","embeddable":true,"href":"https:\/\/www.billigtrikotde.com\/cs\/wp-json\/wp\/v2\/product_tag?post=7316"}],"curies":[{"name":"wp","href":"https:\/\/api.w.org\/{rel}","templated":true}]}}