{"id":7268,"date":"2024-10-23T18:21:16","date_gmt":"2024-10-23T16:21:16","guid":{"rendered":"http:\/\/billigtrikots.com\/?post_type=product&#038;p=7268"},"modified":"2024-10-23T18:23:27","modified_gmt":"2024-10-23T16:23:27","slug":"neues-newcastle-united-22-23-heimtrikot-schwarzen-und-weissen-fuer-herren","status":"publish","type":"product","link":"https:\/\/www.billigtrikotde.com\/cs\/neues-newcastle-united-22-23-heimtrikot-schwarzen-und-weissen-fuer-herren\/","title":{"rendered":"Nov\u00e9 dom\u00e1c\u00ed tri\u010dko Newcastle United 22-23 \u010dernob\u00edl\u00e9 pro mu\u017ee"},"content":{"rendered":"<p>Dres Castore Newcastle 2022-2023 p\u0159edstavuje klasick\u00fd vzhled s ten\u010d\u00edmi \u010dernob\u00edl\u00fdmi pruhy ne\u017e v aktu\u00e1ln\u00ed sez\u00f3n\u011b, kter\u00e9 pokra\u010duj\u00ed po ruk\u00e1vech a zd\u00e1nliv\u011b i na z\u00e1dech.L\u00edmec a man\u017eety dom\u00e1c\u00edho dresu Castore Newcastle 22-23 jsou b\u00edl\u00e9 s \u010dernou linkou uprost\u0159ed, zat\u00edmco logo Castore je modr\u00e9.<\/p>\n<p>Tipy pro tisk: Pokud jsou jm\u00e9no a \u010d\u00edslo na obr\u00e1zku p\u0159esn\u011b takov\u00e9, jak\u00e9 chcete, nemus\u00edte je zad\u00e1vat znovu. Pokud tomu tak nen\u00ed, m\u011bli byste zadat po\u017eadovan\u00e9 jm\u00e9no a \u010d\u00edslo.<\/p>\n<p>Tipy pro pran\u00ed: Doporu\u010dujeme pr\u00e1t fotbalov\u00e1 tri\u010dka v ruce. Pokud chcete pou\u017e\u00edt pra\u010dku, nezapome\u0148te fotbalov\u00e1 tri\u010dka obr\u00e1tit naruby a pot\u00e9 je vyprat. Pra\u010dku napl\u0148te studenou vodou a pou\u017eijte jemn\u00fd cyklus, abyste l\u00e9pe ochr\u00e1nili barvy.<\/p>","protected":false},"excerpt":{"rendered":"<p>Dres Castore Newcastle 2022-2023 p\u0159edstavuje klasick\u00fd vzhled s ten\u010d\u00edmi \u010dernob\u00edl\u00fdmi pruhy ne\u017e v aktu\u00e1ln\u00ed sez\u00f3n\u011b, kter\u00e9 pokra\u010duj\u00ed po ruk\u00e1vech a zd\u00e1nliv\u011b i na z\u00e1dech.L\u00edmec a man\u017eety dom\u00e1c\u00edho dresu Castore Newcastle 22-23 jsou b\u00edl\u00e9 s \u010dernou linkou uprost\u0159ed, zat\u00edmco logo Castore je modr\u00e9.<\/p>","protected":false},"featured_media":7300,"comment_status":"open","ping_status":"closed","template":"","meta":[],"product_brand":[],"product_cat":[313],"product_tag":[20,21,22,23,24,314,315],"class_list":{"0":"post-7268","1":"product","2":"type-product","3":"status-publish","4":"has-post-thumbnail","6":"product_cat-newcastle-united","7":"product_tag-coole-fussballtrikots","8":"product_tag-fussballtrikot-fuer-herren","9":"product_tag-fussballtrikot-guenstig-kaufen","10":"product_tag-fussballtrikot-kurzarm","11":"product_tag-guenstiges-fussballtrikot","12":"product_tag-newcastle-united-22-23-kit","13":"product_tag-newcastle-united-22-23-trikot","15":"first","16":"instock","17":"shipping-taxable","18":"purchasable","19":"product-type-variable"},"_links":{"self":[{"href":"https:\/\/www.billigtrikotde.com\/cs\/wp-json\/wp\/v2\/product\/7268","targetHints":{"allow":["GET"]}}],"collection":[{"href":"https:\/\/www.billigtrikotde.com\/cs\/wp-json\/wp\/v2\/product"}],"about":[{"href":"https:\/\/www.billigtrikotde.com\/cs\/wp-json\/wp\/v2\/types\/product"}],"replies":[{"embeddable":true,"href":"https:\/\/www.billigtrikotde.com\/cs\/wp-json\/wp\/v2\/comments?post=7268"}],"wp:featuredmedia":[{"embeddable":true,"href":"https:\/\/www.billigtrikotde.com\/cs\/wp-json\/wp\/v2\/media\/7300"}],"wp:attachment":[{"href":"https:\/\/www.billigtrikotde.com\/cs\/wp-json\/wp\/v2\/media?parent=7268"}],"wp:term":[{"taxonomy":"product_brand","embeddable":true,"href":"https:\/\/www.billigtrikotde.com\/cs\/wp-json\/wp\/v2\/product_brand?post=7268"},{"taxonomy":"product_cat","embeddable":true,"href":"https:\/\/www.billigtrikotde.com\/cs\/wp-json\/wp\/v2\/product_cat?post=7268"},{"taxonomy":"product_tag","embeddable":true,"href":"https:\/\/www.billigtrikotde.com\/cs\/wp-json\/wp\/v2\/product_tag?post=7268"}],"curies":[{"name":"wp","href":"https:\/\/api.w.org\/{rel}","templated":true}]}}