{"id":7260,"date":"2024-10-23T18:20:42","date_gmt":"2024-10-23T16:20:42","guid":{"rendered":"http:\/\/billigtrikots.com\/?post_type=product&#038;p=7260"},"modified":"2024-10-23T18:22:55","modified_gmt":"2024-10-23T16:22:55","slug":"rb-leipzig-22-23-drittes-auswaertstrikot-schwarz-herren-fussballtrikots-kurzarm-kurze-hosen","status":"publish","type":"product","link":"https:\/\/www.billigtrikotde.com\/cs\/rb-leipzig-22-23-drittes-auswaertstrikot-schwarz-herren-fussballtrikots-kurzarm-kurze-hosen\/","title":{"rendered":"RB Leipzig 22-23 Third Away Kit Black P\u00e1nsk\u00e1 fotbalov\u00e1 tri\u010dka s kr\u00e1tk\u00fdm ruk\u00e1vem + \u0161ortky"},"content":{"rendered":"<p>T\u0159et\u00ed dres Nike RB Leipzig 22-23 je p\u0159ev\u00e1\u017en\u011b \u010dern\u00fd s \u010dervenou grafikou na p\u0159edn\u00ed a spodn\u00ed \u010d\u00e1sti zad a klubov\u00e9 motto \"You can do anything\" je vyti\u0161t\u011bno na horn\u00ed \u010d\u00e1sti zadn\u00edho d\u00edlu t\u0159et\u00edho dresu Nike RB Leipzig 2022-2023 p\u0159\u00edmo nad textem \"RB Leipzig\".<\/p>\n<p>Tipy pro tisk: Pokud jsou jm\u00e9no a \u010d\u00edslo na obr\u00e1zku p\u0159esn\u011b takov\u00e9, jak\u00e9 chcete, nemus\u00edte je zad\u00e1vat znovu. Pokud tomu tak nen\u00ed, m\u011bli byste zadat po\u017eadovan\u00e9 jm\u00e9no a \u010d\u00edslo.<\/p>\n<p>Tipy pro pran\u00ed: Doporu\u010dujeme pr\u00e1t fotbalov\u00e1 tri\u010dka v ruce. Pokud chcete pou\u017e\u00edt pra\u010dku, nezapome\u0148te fotbalov\u00e1 tri\u010dka obr\u00e1tit naruby a pot\u00e9 je vyprat. Pra\u010dku napl\u0148te studenou vodou a pou\u017eijte jemn\u00fd cyklus, abyste l\u00e9pe ochr\u00e1nili barvy.<\/p>","protected":false},"excerpt":{"rendered":"<p>Das Nike RB Leipzig 22-23 Drittes Trikot ist haupts\u00e4chlich schwarz mit einer roten Grafik auf der Vorderseite und dem unteren R\u00fccken.Das Vereinsmotto &#8222;Du kannst alles schaffen&#8220; ist auf der oberen R\u00fcckseite des Nike RB Leipzig 2022-2023 dritten Trikots aufgedruckt, direkt \u00fcber dem Text &#8222;RB Leipzig&#8220;. Tipps zum Drucken: Wenn der Name und die Nummer auf [&hellip;]<\/p>","protected":false},"featured_media":7298,"comment_status":"open","ping_status":"closed","template":"","meta":[],"product_brand":[],"product_cat":[185],"product_tag":[20,21,22,23,24,186,312,187],"class_list":{"0":"post-7260","1":"product","2":"type-product","3":"status-publish","4":"has-post-thumbnail","6":"product_cat-rb-leipzig","7":"product_tag-coole-fussballtrikots","8":"product_tag-fussballtrikot-fuer-herren","9":"product_tag-fussballtrikot-guenstig-kaufen","10":"product_tag-fussballtrikot-kurzarm","11":"product_tag-guenstiges-fussballtrikot","12":"product_tag-rb-leipzig-auswaertstrikot","13":"product_tag-rb-leipzig-auswaertstrikot-2022-23","14":"product_tag-rb-leipzig-trikots","16":"first","17":"instock","18":"shipping-taxable","19":"purchasable","20":"product-type-variable"},"_links":{"self":[{"href":"https:\/\/www.billigtrikotde.com\/cs\/wp-json\/wp\/v2\/product\/7260","targetHints":{"allow":["GET"]}}],"collection":[{"href":"https:\/\/www.billigtrikotde.com\/cs\/wp-json\/wp\/v2\/product"}],"about":[{"href":"https:\/\/www.billigtrikotde.com\/cs\/wp-json\/wp\/v2\/types\/product"}],"replies":[{"embeddable":true,"href":"https:\/\/www.billigtrikotde.com\/cs\/wp-json\/wp\/v2\/comments?post=7260"}],"wp:featuredmedia":[{"embeddable":true,"href":"https:\/\/www.billigtrikotde.com\/cs\/wp-json\/wp\/v2\/media\/7298"}],"wp:attachment":[{"href":"https:\/\/www.billigtrikotde.com\/cs\/wp-json\/wp\/v2\/media?parent=7260"}],"wp:term":[{"taxonomy":"product_brand","embeddable":true,"href":"https:\/\/www.billigtrikotde.com\/cs\/wp-json\/wp\/v2\/product_brand?post=7260"},{"taxonomy":"product_cat","embeddable":true,"href":"https:\/\/www.billigtrikotde.com\/cs\/wp-json\/wp\/v2\/product_cat?post=7260"},{"taxonomy":"product_tag","embeddable":true,"href":"https:\/\/www.billigtrikotde.com\/cs\/wp-json\/wp\/v2\/product_tag?post=7260"}],"curies":[{"name":"wp","href":"https:\/\/api.w.org\/{rel}","templated":true}]}}