{"id":7230,"date":"2024-10-23T18:19:29","date_gmt":"2024-10-23T16:19:29","guid":{"rendered":"http:\/\/billigtrikots.com\/?post_type=product&#038;p=7230"},"modified":"2024-10-23T18:21:09","modified_gmt":"2024-10-23T16:21:09","slug":"neues-kinder-chelsea-fc-2022-23-heimtrikot-blau-trikotsatz-mit-aufdruck-havertz-29","status":"publish","type":"product","link":"https:\/\/www.billigtrikotde.com\/cs\/neues-kinder-chelsea-fc-2022-23-heimtrikot-blau-trikotsatz-mit-aufdruck-havertz-29\/","title":{"rendered":"Nov\u00fd d\u011btsk\u00fd dres Chelsea FC 2022\/23 Home Kit Blue s potiskem HAVERTZ 29"},"content":{"rendered":"<p>Jako ostatn\u00ed dresy z na\u0161\u00ed kolekce Stadium kombinuje i tento dres napodobovan\u00e9 designov\u00e9 detaily s technologi\u00ed odv\u00e1d\u011bj\u00edc\u00ed pot, aby v\u00e1m poskytl vzhled vhodn\u00fd pro z\u00e1pas, inspirovan\u00fd va\u0161\u00edm obl\u00edben\u00fdm t\u00fdmem. Tento produkt je vyroben z 100 % recyklovan\u00fdch polyesterov\u00fdch vl\u00e1ken.<br \/>\nDres je v charakteristick\u00e9 dom\u00e1c\u00ed modr\u00e9 barv\u011b \u0161estin\u00e1sobn\u00e9ho v\u00edt\u011bze anglick\u00e9 Premier League a dvojn\u00e1sobn\u00e9ho v\u00edt\u011bze Ligy mistr\u016f UEFA. Je poctou legend\u00e1rn\u00edmu mana\u017eerovi Chelsea FC, Tedovi Drakeovi. Pat\u0159\u00ed sem CFC p\u0159ezd\u00edvka \u201eThe Blues\u201c na detailu knofl\u00edku ko\u0161ile. Drake vedl zaveden\u00ed p\u0159ezd\u00edvky nam\u00edsto d\u0159\u00edv\u011bj\u0161\u00edho neform\u00e1ln\u00edho n\u00e1zvu klubu \u201eThe Pensioners\u201c. Mu\u017esk\u00fd t\u00fdm Chelsea p\u0159edstav\u00ed sv\u016fj dom\u00e1c\u00ed dres 22\/23 b\u011bhem nadch\u00e1zej\u00edc\u00ed turn\u00e9 po USA. Blues se utkaj\u00ed s Club America, Charlotte FC a Arsenalem, zat\u00edmco se p\u0159ipravuj\u00ed na svou prvn\u00ed sez\u00f3nu pod americk\u00fdm veden\u00edm.<\/p>\n<p>Tipy pro tisk: Pokud jsou jm\u00e9no a \u010d\u00edslo na obr\u00e1zku p\u0159esn\u011b takov\u00e9, jak\u00e9 chcete, nemus\u00edte je zad\u00e1vat znovu. Pokud tomu tak nen\u00ed, m\u011bli byste zadat po\u017eadovan\u00e9 jm\u00e9no a \u010d\u00edslo.<\/p>\n<p>Tipy pro pran\u00ed: Doporu\u010dujeme pr\u00e1t fotbalov\u00e1 tri\u010dka v ruce. Pokud chcete pou\u017e\u00edt pra\u010dku, nezapome\u0148te fotbalov\u00e1 tri\u010dka obr\u00e1tit naruby a pot\u00e9 je vyprat. Pra\u010dku napl\u0148te studenou vodou a pou\u017eijte jemn\u00fd cyklus, abyste l\u00e9pe ochr\u00e1nili barvy.<\/p>","protected":false},"excerpt":{"rendered":"<p>Jako ostatn\u00ed tri\u010dka z na\u0161\u00ed stadionov\u00e9 sb\u00edrky toto tri\u010dko kombinuje napodoben\u00e9 designov\u00e9 detaily s technologi\u00ed odv\u00e1d\u011bj\u00edc\u00ed pot, aby v\u00e1m poskytlo pohled na hru inspirovan\u00fd va\u0161\u00edm obl\u00edben\u00fdm t\u00fdmem. Tento v\u00fdrobek se skl\u00e1d\u00e1 z 100 % recyklovan\u00fdch polyesterov\u00fdch vl\u00e1ken. Tri\u010dko je v charakteristick\u00e9m dom\u00e1c\u00edm modr\u00e9m odst\u00ednu \u0161estin\u00e1sobn\u00e9ho v\u00edt\u011bze anglick\u00e9 Premier League a dvojn\u00e1sobn\u00e9ho v\u00edt\u011bze [\u2026]<\/p>","protected":false},"featured_media":7263,"comment_status":"open","ping_status":"closed","template":"","meta":[],"product_brand":[],"product_cat":[162],"product_tag":[20,311,164,73,163,21,22,23,24,94],"class_list":{"0":"post-7230","1":"product","2":"type-product","3":"status-publish","4":"has-post-thumbnail","6":"product_cat-chelsea-kindertrikot","7":"product_tag-coole-fussballtrikots","8":"product_tag-chelsea-fc-2022-23-kinder-trikot","9":"product_tag-chelsea-heimtrikot","10":"product_tag-chelsea-trikots","11":"product_tag-chelsea-trikotsatz-fuer-kinder","12":"product_tag-fussballtrikot-fuer-herren","13":"product_tag-fussballtrikot-guenstig-kaufen","14":"product_tag-fussballtrikot-kurzarm","15":"product_tag-guenstiges-fussballtrikot","16":"product_tag-kinder-fussball-trikotsatz","18":"first","19":"instock","20":"shipping-taxable","21":"purchasable","22":"product-type-variable"},"_links":{"self":[{"href":"https:\/\/www.billigtrikotde.com\/cs\/wp-json\/wp\/v2\/product\/7230","targetHints":{"allow":["GET"]}}],"collection":[{"href":"https:\/\/www.billigtrikotde.com\/cs\/wp-json\/wp\/v2\/product"}],"about":[{"href":"https:\/\/www.billigtrikotde.com\/cs\/wp-json\/wp\/v2\/types\/product"}],"replies":[{"embeddable":true,"href":"https:\/\/www.billigtrikotde.com\/cs\/wp-json\/wp\/v2\/comments?post=7230"}],"wp:featuredmedia":[{"embeddable":true,"href":"https:\/\/www.billigtrikotde.com\/cs\/wp-json\/wp\/v2\/media\/7263"}],"wp:attachment":[{"href":"https:\/\/www.billigtrikotde.com\/cs\/wp-json\/wp\/v2\/media?parent=7230"}],"wp:term":[{"taxonomy":"product_brand","embeddable":true,"href":"https:\/\/www.billigtrikotde.com\/cs\/wp-json\/wp\/v2\/product_brand?post=7230"},{"taxonomy":"product_cat","embeddable":true,"href":"https:\/\/www.billigtrikotde.com\/cs\/wp-json\/wp\/v2\/product_cat?post=7230"},{"taxonomy":"product_tag","embeddable":true,"href":"https:\/\/www.billigtrikotde.com\/cs\/wp-json\/wp\/v2\/product_tag?post=7230"}],"curies":[{"name":"wp","href":"https:\/\/api.w.org\/{rel}","templated":true}]}}