{"id":7150,"date":"2024-10-23T18:15:40","date_gmt":"2024-10-23T16:15:40","guid":{"rendered":"http:\/\/billigtrikots.com\/?post_type=product&#038;p=7150"},"modified":"2024-11-18T15:48:08","modified_gmt":"2024-11-18T14:48:08","slug":"ajax-amsterdam-heimtrikot-2022-23-weiss-rot-trikotsatz-kurzarm-kurze-hosen-herren","status":"publish","type":"product","link":"https:\/\/www.billigtrikotde.com\/cs\/ajax-amsterdam-heimtrikot-2022-23-weiss-rot-trikotsatz-kurzarm-kurze-hosen-herren\/","title":{"rendered":"Ajax Bob Marley Jersey Koupit 2022\/23 b\u00edl\u00e9 \u010derven\u00e9 \u0161ortky + \u0161ortky P\u00e1nsk\u00e1 souprava"},"content":{"rendered":"<p>Barvy komunity. Reinterpretovan\u00e1 verze jednoho z nejlegend\u00e1rn\u011bj\u0161\u00edch fotbalov\u00fdch klub\u016f je inspirov\u00e1na amsterdamskou vlajkou. Tento dom\u00e1c\u00ed dres Ajaxu Amsterdam, kter\u00fd je ur\u010den do ulic i na h\u0159i\u0161t\u011b, v\u00e1m nab\u00edz\u00ed v\u00fdjime\u010dn\u00e9 pohodl\u00ed d\u00edky m\u011bkk\u00e9 tkanin\u011b odv\u00e1d\u011bj\u00edc\u00ed pot. N\u00e1pis \"XXX\" dod\u00e1v\u00e1 dresu kone\u010dnou podobu.<\/p>\n<p>Tipy pro tisk: Pokud jsou jm\u00e9no a \u010d\u00edslo na obr\u00e1zku p\u0159esn\u011b takov\u00e9, jak\u00e9 chcete, nemus\u00edte je zad\u00e1vat znovu. Pokud tomu tak nen\u00ed, m\u011bli byste zadat po\u017eadovan\u00e9 jm\u00e9no a \u010d\u00edslo.<\/p>\n<p>Tipy pro pran\u00ed: Doporu\u010dujeme pr\u00e1t fotbalov\u00e1 tri\u010dka v ruce. Pokud chcete pou\u017e\u00edt pra\u010dku, nezapome\u0148te fotbalov\u00e1 tri\u010dka obr\u00e1tit naruby a pot\u00e9 je vyprat. Pra\u010dku napl\u0148te studenou vodou a pou\u017eijte jemn\u00fd cyklus, abyste l\u00e9pe ochr\u00e1nili barvy.<\/p>","protected":false},"excerpt":{"rendered":"<p>Barvy komunity. Znovu interpretovan\u00e1 verze jednoho z nejslavn\u011bj\u0161\u00edch klub\u016f fotbalu je inspirov\u00e1na amsterdamskou vlajkou. Navr\u017eeno pro ulici i h\u0159i\u0161t\u011b, tento dom\u00e1c\u00ed dres Ajaxu Amsterdam v\u00e1m nab\u00edz\u00ed mimo\u0159\u00e1dn\u00fd komfort d\u00edky jemn\u00e9mu,odleh\u010duj\u00edc\u00edmu materi\u00e1lu. N\u00e1pis \u201eXXX\u201c d\u00e1v\u00e1 z\u00e1v\u011bre\u010dnou te\u010dku. Tipy pro tisk: Pokud jm\u00e9no a \u010d\u00edslo na [\u2026]<\/p>","protected":false},"featured_media":7189,"comment_status":"open","ping_status":"closed","template":"","meta":[],"product_brand":[],"product_cat":[299],"product_tag":[1372,301,20,21,22,23,24],"class_list":{"0":"post-7150","1":"product","2":"type-product","3":"status-publish","4":"has-post-thumbnail","6":"product_cat-afc-ajax","7":"product_tag-ajax-amsterdam-trikot","8":"product_tag-ajax-trikots","9":"product_tag-coole-fussballtrikots","10":"product_tag-fussballtrikot-fuer-herren","11":"product_tag-fussballtrikot-guenstig-kaufen","12":"product_tag-fussballtrikot-kurzarm","13":"product_tag-guenstiges-fussballtrikot","15":"first","16":"instock","17":"shipping-taxable","18":"purchasable","19":"product-type-variable"},"_links":{"self":[{"href":"https:\/\/www.billigtrikotde.com\/cs\/wp-json\/wp\/v2\/product\/7150","targetHints":{"allow":["GET"]}}],"collection":[{"href":"https:\/\/www.billigtrikotde.com\/cs\/wp-json\/wp\/v2\/product"}],"about":[{"href":"https:\/\/www.billigtrikotde.com\/cs\/wp-json\/wp\/v2\/types\/product"}],"replies":[{"embeddable":true,"href":"https:\/\/www.billigtrikotde.com\/cs\/wp-json\/wp\/v2\/comments?post=7150"}],"wp:featuredmedia":[{"embeddable":true,"href":"https:\/\/www.billigtrikotde.com\/cs\/wp-json\/wp\/v2\/media\/7189"}],"wp:attachment":[{"href":"https:\/\/www.billigtrikotde.com\/cs\/wp-json\/wp\/v2\/media?parent=7150"}],"wp:term":[{"taxonomy":"product_brand","embeddable":true,"href":"https:\/\/www.billigtrikotde.com\/cs\/wp-json\/wp\/v2\/product_brand?post=7150"},{"taxonomy":"product_cat","embeddable":true,"href":"https:\/\/www.billigtrikotde.com\/cs\/wp-json\/wp\/v2\/product_cat?post=7150"},{"taxonomy":"product_tag","embeddable":true,"href":"https:\/\/www.billigtrikotde.com\/cs\/wp-json\/wp\/v2\/product_tag?post=7150"}],"curies":[{"name":"wp","href":"https:\/\/api.w.org\/{rel}","templated":true}]}}