{"id":7148,"date":"2024-10-23T18:15:38","date_gmt":"2024-10-23T16:15:38","guid":{"rendered":"http:\/\/billigtrikots.com\/?post_type=product&#038;p=7148"},"modified":"2024-11-18T15:54:50","modified_gmt":"2024-11-18T14:54:50","slug":"herren-fussball-ajax-amsterdam-trickot-2022-23-auswaertstrikot-navy-blau-online-kaufen","status":"publish","type":"product","link":"https:\/\/www.billigtrikotde.com\/cs\/herren-fussball-ajax-amsterdam-trickot-2022-23-auswaertstrikot-navy-blau-online-kaufen\/","title":{"rendered":"P\u00e1nsk\u00fd fotbal Ajax Amsterdam Shirt 2022-23 Away Jersey Navy Blue Koupit on-line"},"content":{"rendered":"<p>Loga Adidas a Ziggo na p\u0159edn\u00ed stran\u011b nov\u00e9ho Ajax 2022-2023 venkovn\u00edho dresu jsou zlatav\u011b \u017elut\u00e1, zat\u00edmco 3 pruhy na ramenou jsou \u010derven\u00e9. Samotn\u00fd ajaxovsk\u00fd erb je rozd\u011blen mezi ob\u011b barvy \u2013 \u017elut\u00e1 pro znak a \u010derven\u00e1 pro hv\u011bzdy.<\/p>\n<p>Zat\u00edmco p\u0159edn\u00ed strana Adidas Ajax 22-23 venkovn\u00edho dresu je jednobarevn\u00e1, l\u00edmec s geometrick\u00fdm pleten\u00fdm vzorem stoj\u00ed na v\u00fd\u0161ku, rovn\u011b\u017e \u010derven\u011b a \u017elut\u011b. Stejn\u00fd vzor se nach\u00e1z\u00ed tak\u00e9 na man\u017eet\u00e1ch ruk\u00e1v\u016f nov\u00e9ho venkovn\u00edho dresu Ajax.<\/p>\n<p>Speci\u00e1ln\u00ed Jock-Tag s amsterdamskou vlajkou v modr\u00fdch odst\u00ednech se nach\u00e1z\u00ed v prav\u00e9m doln\u00edm rohu Ajax 2022-2023 venkovn\u00edho dresu.<\/p>\n<p>Tipy pro tisk: Pokud jsou jm\u00e9no a \u010d\u00edslo na obr\u00e1zku p\u0159esn\u011b takov\u00e9, jak\u00e9 chcete, nemus\u00edte je zad\u00e1vat znovu. Pokud tomu tak nen\u00ed, m\u011bli byste zadat po\u017eadovan\u00e9 jm\u00e9no a \u010d\u00edslo.<\/p>\n<p>Tipy pro pran\u00ed: Doporu\u010dujeme pr\u00e1t fotbalov\u00e1 tri\u010dka v ruce. Pokud chcete pou\u017e\u00edt pra\u010dku, nezapome\u0148te fotbalov\u00e1 tri\u010dka obr\u00e1tit naruby a pot\u00e9 je vyprat. Pra\u010dku napl\u0148te studenou vodou a pou\u017eijte jemn\u00fd cyklus, abyste l\u00e9pe ochr\u00e1nili barvy.<\/p>","protected":false},"excerpt":{"rendered":"<p>Die Adidas- und Ziggo-Logos auf der Vorderseite des neuen Ajax 2022-2023 Ausw\u00e4rtstrikots sind goldgelb, w\u00e4hrend die 3 Streifen auf den Schultern rot sind. Das Ajax-Emblem selbst ist zwischen den beiden Farben aufgeteilt \u2013 gelb f\u00fcr das Abzeichen und rot f\u00fcr die Sterne. W\u00e4hrend die Vorderseite des Adidas Ajax 22-23 Ausw\u00e4rtstrikots einfarbig ist, f\u00e4llt der Kragen [&hellip;]<\/p>","protected":false},"featured_media":7180,"comment_status":"open","ping_status":"closed","template":"","meta":[],"product_brand":[],"product_cat":[299],"product_tag":[1372,300,301,20,21,22,23,24],"class_list":{"0":"post-7148","1":"product","2":"type-product","3":"status-publish","4":"has-post-thumbnail","6":"product_cat-afc-ajax","7":"product_tag-ajax-amsterdam-trikot","8":"product_tag-ajax-auswaertstrikot","9":"product_tag-ajax-trikots","10":"product_tag-coole-fussballtrikots","11":"product_tag-fussballtrikot-fuer-herren","12":"product_tag-fussballtrikot-guenstig-kaufen","13":"product_tag-fussballtrikot-kurzarm","14":"product_tag-guenstiges-fussballtrikot","16":"first","17":"instock","18":"shipping-taxable","19":"purchasable","20":"product-type-variable"},"_links":{"self":[{"href":"https:\/\/www.billigtrikotde.com\/cs\/wp-json\/wp\/v2\/product\/7148","targetHints":{"allow":["GET"]}}],"collection":[{"href":"https:\/\/www.billigtrikotde.com\/cs\/wp-json\/wp\/v2\/product"}],"about":[{"href":"https:\/\/www.billigtrikotde.com\/cs\/wp-json\/wp\/v2\/types\/product"}],"replies":[{"embeddable":true,"href":"https:\/\/www.billigtrikotde.com\/cs\/wp-json\/wp\/v2\/comments?post=7148"}],"wp:featuredmedia":[{"embeddable":true,"href":"https:\/\/www.billigtrikotde.com\/cs\/wp-json\/wp\/v2\/media\/7180"}],"wp:attachment":[{"href":"https:\/\/www.billigtrikotde.com\/cs\/wp-json\/wp\/v2\/media?parent=7148"}],"wp:term":[{"taxonomy":"product_brand","embeddable":true,"href":"https:\/\/www.billigtrikotde.com\/cs\/wp-json\/wp\/v2\/product_brand?post=7148"},{"taxonomy":"product_cat","embeddable":true,"href":"https:\/\/www.billigtrikotde.com\/cs\/wp-json\/wp\/v2\/product_cat?post=7148"},{"taxonomy":"product_tag","embeddable":true,"href":"https:\/\/www.billigtrikotde.com\/cs\/wp-json\/wp\/v2\/product_tag?post=7148"}],"curies":[{"name":"wp","href":"https:\/\/api.w.org\/{rel}","templated":true}]}}