{"id":7078,"date":"2024-10-23T18:12:19","date_gmt":"2024-10-23T16:12:19","guid":{"rendered":"http:\/\/billigtrikots.com\/?post_type=product&#038;p=7078"},"modified":"2024-10-23T18:14:24","modified_gmt":"2024-10-23T16:14:24","slug":"herren-inter-mailand-22-23-auswaertstrikot-deutschland-weiss-bestellen-mit-aufdruck-pirola-31","status":"publish","type":"product","link":"https:\/\/www.billigtrikotde.com\/cs\/herren-inter-mailand-22-23-auswaertstrikot-deutschland-weiss-bestellen-mit-aufdruck-pirola-31\/","title":{"rendered":"P\u00e1nsk\u00e9 Inter Mil\u00e1n 22-23 venkovn\u00ed dres N\u011bmecko b\u00edl\u00e1 Objednat s potiskem PIROLA 31"},"content":{"rendered":"<p>Dres Nike Inter 22-23 kombinuje b\u00edl\u00fd z\u00e1kladn\u00ed materi\u00e1l s \"Light Aqua\" pro celoplo\u0161nou grafiku a \u010dernou barvu pro loga zna\u010dky a sponzor\u016f, v\u010detn\u011b znaku Interu, kter\u00fd byl p\u0159ebarven do tyrkysov\u00e9 a b\u00edl\u00e9 barvy s \u010dern\u00fdm okrajem, aby odpov\u00eddal barevn\u00e9mu sch\u00e9matu cel\u00e9ho dresu.<\/p>\n<p>Nejv\u00fdrazn\u011bj\u0161\u00edm prvkem nov\u00e9ho dresu Interu 22 je ur\u010dit\u011b grafika, kter\u00e1 p\u0159i bli\u017e\u0161\u00edm pohledu zobrazuje mapu sv\u011bta s It\u00e1li\u00ed a Mil\u00e1nem p\u0159\u00edmo pod klubov\u00fdm znakem. Jedn\u00e1 se o poklonu historii Interu jako klubu, kter\u00fd v\u017edy p\u0159ij\u00edmal jak Italy, tak zahrani\u010dn\u00ed hr\u00e1\u010de bez omezen\u00ed, a venkovn\u00ed souprava Inter 22-23 bude k dispozici od za\u010d\u00e1tku z\u00e1\u0159\u00ed 2022.<\/p>\n<p>V\u00fdjezdn\u00ed dres Nike Inter 22-23 kombinuje b\u00edl\u00fd z\u00e1klad s celoplo\u0161nou grafikou \"Light Aqua\" a \u010dern\u00fdm logem zna\u010dky a sponzora.<\/p>\n<p>Tipy pro tisk: Pokud jsou jm\u00e9no a \u010d\u00edslo na obr\u00e1zku p\u0159esn\u011b takov\u00e9, jak\u00e9 chcete, nemus\u00edte je zad\u00e1vat znovu. Pokud tomu tak nen\u00ed, m\u011bli byste zadat po\u017eadovan\u00e9 jm\u00e9no a \u010d\u00edslo.<\/p>\n<p>Tipy pro pran\u00ed: Doporu\u010dujeme pr\u00e1t fotbalov\u00e1 tri\u010dka v ruce. Pokud chcete pou\u017e\u00edt pra\u010dku, nezapome\u0148te fotbalov\u00e1 tri\u010dka obr\u00e1tit naruby a pot\u00e9 je vyprat. Pra\u010dku napl\u0148te studenou vodou a pou\u017eijte jemn\u00fd cyklus, abyste l\u00e9pe ochr\u00e1nili barvy.<\/p>","protected":false},"excerpt":{"rendered":"<p>Venkovn\u00ed dres Nike Inter 22-23 kombinuje b\u00edl\u00e9 z\u00e1kladn\u00ed materi\u00e1ly s \u201eLight Aqua\u201c pro celoplo\u0161nou grafiku a \u010dernou pro zna\u010dky a sponzorsk\u00e9 loga. Sou\u010d\u00e1st\u00ed je tak\u00e9 znak Inter, kter\u00fd byl nov\u011b zbarven v tyrkysov\u00e9 a b\u00edl\u00e9 s \u010dern\u00fdm obrysem, lad\u00edc\u00ed s barevn\u00fdm sch\u00e9matem cel\u00e9ho dresu. Nejv\u00fdrazn\u011bj\u0161\u00edm rysem nov\u00e9ho venkovn\u00edho dresu Inter 22 je ur\u010dit\u011b grafika, kter\u00e1 [\u2026]<\/p>","protected":false},"featured_media":7117,"comment_status":"open","ping_status":"closed","template":"","meta":[],"product_brand":[],"product_cat":[77],"product_tag":[20,21,22,23,24,298,78],"class_list":{"0":"post-7078","1":"product","2":"type-product","3":"status-publish","4":"has-post-thumbnail","6":"product_cat-inter-milan","7":"product_tag-coole-fussballtrikots","8":"product_tag-fussballtrikot-fuer-herren","9":"product_tag-fussballtrikot-guenstig-kaufen","10":"product_tag-fussballtrikot-kurzarm","11":"product_tag-guenstiges-fussballtrikot","12":"product_tag-inter-mailand-22-23-auswaertstrikot","13":"product_tag-inter-milan-trikots","15":"first","16":"instock","17":"shipping-taxable","18":"purchasable","19":"product-type-variable"},"_links":{"self":[{"href":"https:\/\/www.billigtrikotde.com\/cs\/wp-json\/wp\/v2\/product\/7078","targetHints":{"allow":["GET"]}}],"collection":[{"href":"https:\/\/www.billigtrikotde.com\/cs\/wp-json\/wp\/v2\/product"}],"about":[{"href":"https:\/\/www.billigtrikotde.com\/cs\/wp-json\/wp\/v2\/types\/product"}],"replies":[{"embeddable":true,"href":"https:\/\/www.billigtrikotde.com\/cs\/wp-json\/wp\/v2\/comments?post=7078"}],"wp:featuredmedia":[{"embeddable":true,"href":"https:\/\/www.billigtrikotde.com\/cs\/wp-json\/wp\/v2\/media\/7117"}],"wp:attachment":[{"href":"https:\/\/www.billigtrikotde.com\/cs\/wp-json\/wp\/v2\/media?parent=7078"}],"wp:term":[{"taxonomy":"product_brand","embeddable":true,"href":"https:\/\/www.billigtrikotde.com\/cs\/wp-json\/wp\/v2\/product_brand?post=7078"},{"taxonomy":"product_cat","embeddable":true,"href":"https:\/\/www.billigtrikotde.com\/cs\/wp-json\/wp\/v2\/product_cat?post=7078"},{"taxonomy":"product_tag","embeddable":true,"href":"https:\/\/www.billigtrikotde.com\/cs\/wp-json\/wp\/v2\/product_tag?post=7078"}],"curies":[{"name":"wp","href":"https:\/\/api.w.org\/{rel}","templated":true}]}}