{"id":7032,"date":"2024-10-23T18:10:07","date_gmt":"2024-10-23T16:10:07","guid":{"rendered":"http:\/\/billigtrikots.com\/?post_type=product&#038;p=7032"},"modified":"2024-10-23T18:12:11","modified_gmt":"2024-10-23T16:12:11","slug":"herren-inter-mailand-2022-2023-heimtrikot-blau-fussball-trikot-outlet-j-zanetti-4","status":"publish","type":"product","link":"https:\/\/www.billigtrikotde.com\/cs\/herren-inter-mailand-2022-2023-heimtrikot-blau-fussball-trikot-outlet-j-zanetti-4\/","title":{"rendered":"P\u00e1nsk\u00e9 Inter Mil\u00e1n 2022-2023 dom\u00e1c\u00ed dres modr\u00e1 fotbalov\u00e9 triko v\u00fdprodej J.ZANETTI 4"},"content":{"rendered":"<p>Na nov\u00e9m dresu Inter Mil\u00e1n Nike 2022-2023 je ofici\u00e1ln\u00ed znak v\u00edt\u011bze Coppa Italia, Coccarda, neobvykle um\u00edst\u011bn. V It\u00e1lii m\u00e1 v\u00edt\u011bz n\u00e1rodn\u00edho poh\u00e1ru (Coppa Italia) pr\u00e1vo nosit \u201eCoccardu\u201c v n\u00e1sleduj\u00edc\u00ed sez\u00f3n\u011b. Coccarda (r\u016f\u017eice) je kulat\u00e9 ozna\u010den\u00ed v slavn\u00e9 italsk\u00e9 trikol\u00f3\u0159e. Coccarda je um\u00edst\u011bna v prav\u00e9m horn\u00edm rohu. Nicm\u00e9n\u011b nen\u00ed symetrick\u00e1 nad Swoosh, ale posunut\u00e1. Sez\u00f3na pro neobvykl\u00e9 um\u00edst\u011bn\u00ed je pravd\u011bpodobn\u011b ta s rol\u00e1kem. Ud\u011blali jsme dv\u011b opravy um\u00edst\u011bn\u00ed Coccarda. Jednu symetricky nad Swoosh, druhou uprost\u0159ed.<br \/>\nV ofici\u00e1ln\u00edch p\u0159edpisech v\u00fdstroje Serie A nen\u00ed stanoven\u00e9 um\u00edst\u011bn\u00ed Coccarda a Scudetto (znak v\u00edt\u011bze Serie A). T\u00fdmy mohou oba znaky um\u00edstit kamkoliv na dres, v\u010detn\u011b st\u0159edu. Inter se mo\u017en\u00e1 rozhodl um\u00edstit Coccardu uprost\u0159ed, aby se vyhnul z\u00e1m\u011bn\u011b se Scudettou (znak v\u00edt\u011bze Serie A), kter\u00fd je tradi\u010dn\u011b um\u00edst\u011bn uprost\u0159ed. V letech, kdy Juventus vyhr\u00e1l jak Serie A, tak Coppa Italia, byl znak um\u00edst\u011bn nad logem Adidas a druh\u00fd nad znakem klubu.<\/p>\n<p>Tipy pro tisk: Pokud jsou jm\u00e9no a \u010d\u00edslo na obr\u00e1zku p\u0159esn\u011b takov\u00e9, jak\u00e9 chcete, nemus\u00edte je zad\u00e1vat znovu. Pokud tomu tak nen\u00ed, m\u011bli byste zadat po\u017eadovan\u00e9 jm\u00e9no a \u010d\u00edslo.<\/p>\n<p>Tipy pro pran\u00ed: Doporu\u010dujeme pr\u00e1t fotbalov\u00e1 tri\u010dka v ruce. Pokud chcete pou\u017e\u00edt pra\u010dku, nezapome\u0148te fotbalov\u00e1 tri\u010dka obr\u00e1tit naruby a pot\u00e9 je vyprat. Pra\u010dku napl\u0148te studenou vodou a pou\u017eijte jemn\u00fd cyklus, abyste l\u00e9pe ochr\u00e1nili barvy.<\/p>","protected":false},"excerpt":{"rendered":"<p>Na nov\u00e9m Nike dresu Inter Mailand 2022-2023 je ofici\u00e1ln\u00ed znak v\u00edt\u011bze Coppa Italia, Coccarda, neobvykle um\u00edst\u011bn. V It\u00e1lii m\u00e1 v\u00edt\u011bz n\u00e1rodn\u00edho poh\u00e1ru (Coppa Italia) pr\u00e1vo nosit \u201eCoccardu\u201c v n\u00e1sleduj\u00edc\u00ed sez\u00f3n\u011b. Coccarda (r\u016f\u017eek) je kruhov\u00e1 zna\u010dka v italsk\u00e9 slavn\u00e9 trikol\u00f3\u0159e. Coccarda je um\u00edst\u011bna v prav\u00e9m horn\u00edm rohu. Nicm\u00e9n\u011b [...]<\/p>","protected":false},"featured_media":7070,"comment_status":"open","ping_status":"closed","template":"","meta":[],"product_brand":[],"product_cat":[77],"product_tag":[20,21,22,23,24,297,78],"class_list":{"0":"post-7032","1":"product","2":"type-product","3":"status-publish","4":"has-post-thumbnail","6":"product_cat-inter-milan","7":"product_tag-coole-fussballtrikots","8":"product_tag-fussballtrikot-fuer-herren","9":"product_tag-fussballtrikot-guenstig-kaufen","10":"product_tag-fussballtrikot-kurzarm","11":"product_tag-guenstiges-fussballtrikot","12":"product_tag-inter-mailand-heimtrikot","13":"product_tag-inter-milan-trikots","15":"first","16":"instock","17":"shipping-taxable","18":"purchasable","19":"product-type-variable"},"_links":{"self":[{"href":"https:\/\/www.billigtrikotde.com\/cs\/wp-json\/wp\/v2\/product\/7032","targetHints":{"allow":["GET"]}}],"collection":[{"href":"https:\/\/www.billigtrikotde.com\/cs\/wp-json\/wp\/v2\/product"}],"about":[{"href":"https:\/\/www.billigtrikotde.com\/cs\/wp-json\/wp\/v2\/types\/product"}],"replies":[{"embeddable":true,"href":"https:\/\/www.billigtrikotde.com\/cs\/wp-json\/wp\/v2\/comments?post=7032"}],"wp:featuredmedia":[{"embeddable":true,"href":"https:\/\/www.billigtrikotde.com\/cs\/wp-json\/wp\/v2\/media\/7070"}],"wp:attachment":[{"href":"https:\/\/www.billigtrikotde.com\/cs\/wp-json\/wp\/v2\/media?parent=7032"}],"wp:term":[{"taxonomy":"product_brand","embeddable":true,"href":"https:\/\/www.billigtrikotde.com\/cs\/wp-json\/wp\/v2\/product_brand?post=7032"},{"taxonomy":"product_cat","embeddable":true,"href":"https:\/\/www.billigtrikotde.com\/cs\/wp-json\/wp\/v2\/product_cat?post=7032"},{"taxonomy":"product_tag","embeddable":true,"href":"https:\/\/www.billigtrikotde.com\/cs\/wp-json\/wp\/v2\/product_tag?post=7032"}],"curies":[{"name":"wp","href":"https:\/\/api.w.org\/{rel}","templated":true}]}}