{"id":6924,"date":"2024-10-23T18:05:00","date_gmt":"2024-10-23T16:05:00","guid":{"rendered":"http:\/\/billigtrikots.com\/?post_type=product&#038;p=6924"},"modified":"2024-10-23T18:07:08","modified_gmt":"2024-10-23T16:07:08","slug":"herren-ac-milan-auswaertstrikot-2022-23-weiss-online-kaufen-mit-namen-kjaer-24","status":"publish","type":"product","link":"https:\/\/www.billigtrikotde.com\/cs\/herren-ac-milan-auswaertstrikot-2022-23-weiss-online-kaufen-mit-namen-kjaer-24\/","title":{"rendered":"P\u00e1nsk\u00fd AC Milan venkovn\u00ed dres 2022\/23 b\u00edl\u00e9 online koupit se jm\u00e9nem KJAER 24"},"content":{"rendered":"<p>Das zweite Puma AC Mailand 2022-2023 Fu\u00dfballtrikot kombiniert eine wei\u00dfe Grundlage mit \u201etangoroten\u201c Akzenten und Verzierungen und bringt damit die mit Abstand kultigste alternative Farbvariante des AC Mailand zur\u00fcck.<\/p>\n<p>Tipy pro tisk: Pokud jsou jm\u00e9no a \u010d\u00edslo na obr\u00e1zku p\u0159esn\u011b takov\u00e9, jak\u00e9 chcete, nemus\u00edte je zad\u00e1vat znovu. Pokud tomu tak nen\u00ed, m\u011bli byste zadat po\u017eadovan\u00e9 jm\u00e9no a \u010d\u00edslo.<\/p>\n<p>Tipy pro pran\u00ed: Doporu\u010dujeme pr\u00e1t fotbalov\u00e1 tri\u010dka v ruce. Pokud chcete pou\u017e\u00edt pra\u010dku, nezapome\u0148te fotbalov\u00e1 tri\u010dka obr\u00e1tit naruby a pot\u00e9 je vyprat. Pra\u010dku napl\u0148te studenou vodou a pou\u017eijte jemn\u00fd cyklus, abyste l\u00e9pe ochr\u00e1nili barvy.<\/p>","protected":false},"excerpt":{"rendered":"<p>Druh\u00e9 tri\u010dko Puma AC Mailand 2022-2023 kombinuje b\u00edl\u00fd z\u00e1klad s \u201etangoroten\u201c akcenty a ozdobami a vrac\u00ed tak nejv\u00edce kultovn\u00ed alternativn\u00ed barevnou variantu AC Mailand. Tipy pro tisk: Pokud jm\u00e9no a \u010d\u00edslo na obr\u00e1zku p\u0159esn\u011b odpov\u00eddaj\u00ed va\u0161im p\u0159\u00e1n\u00edm, nemus\u00edte je znovu zad\u00e1vat. Pokud ne, m\u011bli byste [\u2026]<\/p>","protected":false},"featured_media":6962,"comment_status":"open","ping_status":"closed","template":"","meta":[],"product_brand":[],"product_cat":[15],"product_tag":[296,292,293,294,20,21,22,23],"class_list":{"0":"post-6924","1":"product","2":"type-product","3":"status-publish","4":"has-post-thumbnail","6":"product_cat-unkategorisiert","7":"product_tag-ac-milan-auswaertstrikot-2022-23-neues","8":"product_tag-ac-milan-neues-trikot-22-23","9":"product_tag-ac-milan-trikot-bestellen","10":"product_tag-alle-ac-mailand-trikots","11":"product_tag-coole-fussballtrikots","12":"product_tag-fussballtrikot-fuer-herren","13":"product_tag-fussballtrikot-guenstig-kaufen","14":"product_tag-fussballtrikot-kurzarm","16":"first","17":"instock","18":"shipping-taxable","19":"purchasable","20":"product-type-variable"},"_links":{"self":[{"href":"https:\/\/www.billigtrikotde.com\/cs\/wp-json\/wp\/v2\/product\/6924","targetHints":{"allow":["GET"]}}],"collection":[{"href":"https:\/\/www.billigtrikotde.com\/cs\/wp-json\/wp\/v2\/product"}],"about":[{"href":"https:\/\/www.billigtrikotde.com\/cs\/wp-json\/wp\/v2\/types\/product"}],"replies":[{"embeddable":true,"href":"https:\/\/www.billigtrikotde.com\/cs\/wp-json\/wp\/v2\/comments?post=6924"}],"wp:featuredmedia":[{"embeddable":true,"href":"https:\/\/www.billigtrikotde.com\/cs\/wp-json\/wp\/v2\/media\/6962"}],"wp:attachment":[{"href":"https:\/\/www.billigtrikotde.com\/cs\/wp-json\/wp\/v2\/media?parent=6924"}],"wp:term":[{"taxonomy":"product_brand","embeddable":true,"href":"https:\/\/www.billigtrikotde.com\/cs\/wp-json\/wp\/v2\/product_brand?post=6924"},{"taxonomy":"product_cat","embeddable":true,"href":"https:\/\/www.billigtrikotde.com\/cs\/wp-json\/wp\/v2\/product_cat?post=6924"},{"taxonomy":"product_tag","embeddable":true,"href":"https:\/\/www.billigtrikotde.com\/cs\/wp-json\/wp\/v2\/product_tag?post=6924"}],"curies":[{"name":"wp","href":"https:\/\/api.w.org\/{rel}","templated":true}]}}