{"id":6860,"date":"2024-10-23T18:02:05","date_gmt":"2024-10-23T16:02:05","guid":{"rendered":"http:\/\/billigtrikots.com\/?post_type=product&#038;p=6860"},"modified":"2024-10-23T18:04:16","modified_gmt":"2024-10-23T16:04:16","slug":"herren-ac-milan-heimtrikot-2022-23-schwarz-rot-guenstig-fussballtrikots-set-m-maignan-16","status":"publish","type":"product","link":"https:\/\/www.billigtrikotde.com\/cs\/herren-ac-milan-heimtrikot-2022-23-schwarz-rot-guenstig-fussballtrikots-set-m-maignan-16\/","title":{"rendered":"P\u00e1nsk\u00e9 dom\u00e1c\u00ed dres AC Milan 2022\/23 \u010cern\u00e1 \u010derven\u00e1 v\u00fdhodn\u00fd fotbalov\u00fd dres sada M.MAIGNAN 16"},"content":{"rendered":"<p>Dres fotbalov\u00fd Puma Milan 2022-23 kombinuje Puma \u010cern\u00e1 a Tango \u010cerven\u00e1. Jsou to stejn\u00e9 barvy jako v minul\u00e9 sez\u00f3n\u011b, pouze \u010dern\u00e1 je nyn\u00ed prim\u00e1rn\u00ed barvou a \u010derven\u00e1 sekund\u00e1rn\u00ed barvou.<\/p>\n<p>Tipy pro tisk: Pokud jsou jm\u00e9no a \u010d\u00edslo na obr\u00e1zku p\u0159esn\u011b takov\u00e9, jak\u00e9 chcete, nemus\u00edte je zad\u00e1vat znovu. Pokud tomu tak nen\u00ed, m\u011bli byste zadat po\u017eadovan\u00e9 jm\u00e9no a \u010d\u00edslo.<\/p>\n<p>Tipy pro pran\u00ed: Doporu\u010dujeme pr\u00e1t fotbalov\u00e1 tri\u010dka v ruce. Pokud chcete pou\u017e\u00edt pra\u010dku, nezapome\u0148te fotbalov\u00e1 tri\u010dka obr\u00e1tit naruby a pot\u00e9 je vyprat. Pra\u010dku napl\u0148te studenou vodou a pou\u017eijte jemn\u00fd cyklus, abyste l\u00e9pe ochr\u00e1nili barvy.<\/p>","protected":false},"excerpt":{"rendered":"<p>Dres Puma Milan 2022-23 kombinuje \u010dernou a tango \u010dervenou barvu Puma. Jedn\u00e1 se o stejn\u00e9 barvy jako v minul\u00e9 sez\u00f3n\u011b, pouze \u010dern\u00e1 je nyn\u00ed prim\u00e1rn\u00ed barvou a \u010derven\u00e1 sekund\u00e1rn\u00ed. Tipy pro tisk: Pokud se jm\u00e9no a \u010d\u00edslo na obr\u00e1zku p\u0159esn\u011b shoduj\u00ed s va\u0161imi po\u017eadavky, nemus\u00edte je znovu zad\u00e1vat. Pokud [\u2026]<\/p>","protected":false},"featured_media":6892,"comment_status":"open","ping_status":"closed","template":"","meta":[],"product_brand":[],"product_cat":[15],"product_tag":[292,293,294,20,21,22,23],"class_list":{"0":"post-6860","1":"product","2":"type-product","3":"status-publish","4":"has-post-thumbnail","6":"product_cat-unkategorisiert","7":"product_tag-ac-milan-neues-trikot-22-23","8":"product_tag-ac-milan-trikot-bestellen","9":"product_tag-alle-ac-mailand-trikots","10":"product_tag-coole-fussballtrikots","11":"product_tag-fussballtrikot-fuer-herren","12":"product_tag-fussballtrikot-guenstig-kaufen","13":"product_tag-fussballtrikot-kurzarm","15":"first","16":"instock","17":"shipping-taxable","18":"purchasable","19":"product-type-variable"},"_links":{"self":[{"href":"https:\/\/www.billigtrikotde.com\/cs\/wp-json\/wp\/v2\/product\/6860","targetHints":{"allow":["GET"]}}],"collection":[{"href":"https:\/\/www.billigtrikotde.com\/cs\/wp-json\/wp\/v2\/product"}],"about":[{"href":"https:\/\/www.billigtrikotde.com\/cs\/wp-json\/wp\/v2\/types\/product"}],"replies":[{"embeddable":true,"href":"https:\/\/www.billigtrikotde.com\/cs\/wp-json\/wp\/v2\/comments?post=6860"}],"wp:featuredmedia":[{"embeddable":true,"href":"https:\/\/www.billigtrikotde.com\/cs\/wp-json\/wp\/v2\/media\/6892"}],"wp:attachment":[{"href":"https:\/\/www.billigtrikotde.com\/cs\/wp-json\/wp\/v2\/media?parent=6860"}],"wp:term":[{"taxonomy":"product_brand","embeddable":true,"href":"https:\/\/www.billigtrikotde.com\/cs\/wp-json\/wp\/v2\/product_brand?post=6860"},{"taxonomy":"product_cat","embeddable":true,"href":"https:\/\/www.billigtrikotde.com\/cs\/wp-json\/wp\/v2\/product_cat?post=6860"},{"taxonomy":"product_tag","embeddable":true,"href":"https:\/\/www.billigtrikotde.com\/cs\/wp-json\/wp\/v2\/product_tag?post=6860"}],"curies":[{"name":"wp","href":"https:\/\/api.w.org\/{rel}","templated":true}]}}