{"id":683,"date":"2024-10-23T12:59:45","date_gmt":"2024-10-23T10:59:45","guid":{"rendered":"http:\/\/billigtrikots.com\/?post_type=product&#038;p=683"},"modified":"2024-10-23T13:01:18","modified_gmt":"2024-10-23T11:01:18","slug":"paris-st-germain-21-22-stadium-auswaertstrikot-weiss-trikotsatz-mit-aufdruck-draxler-23","status":"publish","type":"product","link":"https:\/\/www.billigtrikotde.com\/cs\/paris-st-germain-21-22-stadium-auswaertstrikot-weiss-trikotsatz-mit-aufdruck-draxler-23\/","title":{"rendered":"Paris St. Germain 21\/22 Stadium away kit b\u00edl\u00fd dres s potiskem Draxler 23"},"content":{"rendered":"<p>Uka\u017e svou p\u0159\u00edslu\u0161nost ke sv\u00e9mu t\u00fdmu prost\u0159ednictv\u00edm lehk\u00e9ho modelu v b\u00edl\u00e9 barv\u011b. S fotbalov\u00fdm tri\u010dkem od zna\u010dky Nike opravdu nem\u016f\u017eete ud\u011blat chybu. Jako prav\u00fd fanou\u0161ek Paris Saint-Germain pot\u0159ebujete toto fotbalov\u00e9 tri\u010dko. Pohodln\u00fd, prody\u0161n\u00fd, odv\u00e1d\u011bj\u00edc\u00ed pot a lehk\u00fd model p\u0159esv\u011bd\u010d\u00ed na pln\u00e9 \u010d\u00e1\u0159e. Toto je tri\u010dko, kter\u00e9 d\u00edky klubov\u00e9 v\u00fd\u0161ivce na hrudi ur\u010dit\u011b zaz\u00e1\u0159\u00ed. S t\u00edmto sportovn\u00edm topem bude\u0161 dob\u0159e vybaven na ka\u017edou jednotku.<\/p>\n<p>Tipy pro tisk: Pokud jsou jm\u00e9no a \u010d\u00edslo na obr\u00e1zku p\u0159esn\u011b takov\u00e9, jak\u00e9 chcete, nemus\u00edte je zad\u00e1vat znovu. Pokud tomu tak nen\u00ed, m\u011bli byste zadat po\u017eadovan\u00e9 jm\u00e9no a \u010d\u00edslo.<\/p>\n<p>Tipy pro pran\u00ed: Doporu\u010dujeme pr\u00e1t fotbalov\u00e1 tri\u010dka v ruce. Pokud chcete pou\u017e\u00edt pra\u010dku, nezapome\u0148te fotbalov\u00e1 tri\u010dka obr\u00e1tit naruby a pot\u00e9 je vyprat. Pra\u010dku napl\u0148te studenou vodou a pou\u017eijte jemn\u00fd cyklus, abyste l\u00e9pe ochr\u00e1nili barvy.<\/p>","protected":false},"excerpt":{"rendered":"<p>Zeige deine Zugeh\u00f6rigkeit zu deinem Team durch das leichte Modell in Wei\u00df. Mit dem Sportshirt aus dem Hause Nike kann man wirklich nichts falsch machen. Als echter Paris Saint-Germain-Fan brauchst du dieses Sportshirt. Das bequeme, atmungsaktive, schwei\u00dfableitende und leichte Modell \u00fcberzeugt auf ganzer Linie. Dies ist ein Shirt, das durch das Vereinswappen auf der Brust [&hellip;]<\/p>","protected":false},"featured_media":714,"comment_status":"open","ping_status":"closed","template":"","meta":[],"product_brand":[],"product_cat":[39],"product_tag":[20,43,21,22,23,24,44,41],"class_list":{"0":"post-683","1":"product","2":"type-product","3":"status-publish","4":"has-post-thumbnail","6":"product_cat-paris-saint-germain","7":"product_tag-coole-fussballtrikots","8":"product_tag-fussballkleidung","9":"product_tag-fussballtrikot-fuer-herren","10":"product_tag-fussballtrikot-guenstig-kaufen","11":"product_tag-fussballtrikot-kurzarm","12":"product_tag-guenstiges-fussballtrikot","13":"product_tag-paris-saint-germain-auswaertstrikot","14":"product_tag-paris-saint-germain-trikots","16":"first","17":"instock","18":"shipping-taxable","19":"purchasable","20":"product-type-variable"},"_links":{"self":[{"href":"https:\/\/www.billigtrikotde.com\/cs\/wp-json\/wp\/v2\/product\/683","targetHints":{"allow":["GET"]}}],"collection":[{"href":"https:\/\/www.billigtrikotde.com\/cs\/wp-json\/wp\/v2\/product"}],"about":[{"href":"https:\/\/www.billigtrikotde.com\/cs\/wp-json\/wp\/v2\/types\/product"}],"replies":[{"embeddable":true,"href":"https:\/\/www.billigtrikotde.com\/cs\/wp-json\/wp\/v2\/comments?post=683"}],"wp:featuredmedia":[{"embeddable":true,"href":"https:\/\/www.billigtrikotde.com\/cs\/wp-json\/wp\/v2\/media\/714"}],"wp:attachment":[{"href":"https:\/\/www.billigtrikotde.com\/cs\/wp-json\/wp\/v2\/media?parent=683"}],"wp:term":[{"taxonomy":"product_brand","embeddable":true,"href":"https:\/\/www.billigtrikotde.com\/cs\/wp-json\/wp\/v2\/product_brand?post=683"},{"taxonomy":"product_cat","embeddable":true,"href":"https:\/\/www.billigtrikotde.com\/cs\/wp-json\/wp\/v2\/product_cat?post=683"},{"taxonomy":"product_tag","embeddable":true,"href":"https:\/\/www.billigtrikotde.com\/cs\/wp-json\/wp\/v2\/product_tag?post=683"}],"curies":[{"name":"wp","href":"https:\/\/api.w.org\/{rel}","templated":true}]}}