{"id":6812,"date":"2024-10-23T17:59:42","date_gmt":"2024-10-23T15:59:42","guid":{"rendered":"http:\/\/billigtrikots.com\/?post_type=product&#038;p=6812"},"modified":"2024-10-23T18:01:56","modified_gmt":"2024-10-23T16:01:56","slug":"fussballtrikots-guenstig-real-madrid-2022-2023-auswaertstrikots-deutschland-kurzarm-mbappe-7","status":"publish","type":"product","link":"https:\/\/www.billigtrikotde.com\/cs\/fussballtrikots-guenstig-real-madrid-2022-2023-auswaertstrikots-deutschland-kurzarm-mbappe-7\/","title":{"rendered":"Fotbalov\u00e9 ko\u0161ile Levn\u00e9 Real Madrid 2022-2023 Away Shirts Germany MBAPP\u00c9 7 kr\u00e1tk\u00fd ruk\u00e1v"},"content":{"rendered":"<p>Dres venkovn\u00ed Real Madrid CF 22-23 je \u201eSv\u011btle fialov\u00fd\u201c. Sv\u011btle fialov\u00e1 je stejn\u00e1 fialov\u00e1 barva, kter\u00e1 je tak\u00e9 pou\u017eita na dresu Real Madrid 22-23. Samotn\u00e1 barva je sp\u00ed\u0161e sv\u011btl\u00e1, jemn\u00e1 fialov\u00e1. Objevte venkovn\u00ed dres Real Madrid 2022\/2023. Hrd\u011b noste barvy Merengue na tr\u00e1vn\u00edku nebo venku. Flexibiln\u00ed a lehk\u00fd dres s technologi\u00ed Adidas Aeroready, kus oble\u010den\u00ed, kter\u00fd zabra\u0148uje pronik\u00e1n\u00ed potu do va\u0161eho z\u00e1pasu nebo tr\u00e9ninku. Z\u016fsta\u0148te such\u00ed po sv\u00e9m zrychlen\u00ed.<\/p>\n<p>Tipy pro tisk: Pokud jsou jm\u00e9no a \u010d\u00edslo na obr\u00e1zku p\u0159esn\u011b takov\u00e9, jak\u00e9 chcete, nemus\u00edte je zad\u00e1vat znovu. Pokud tomu tak nen\u00ed, m\u011bli byste zadat po\u017eadovan\u00e9 jm\u00e9no a \u010d\u00edslo.<\/p>\n<p>Tipy pro pran\u00ed: Doporu\u010dujeme pr\u00e1t fotbalov\u00e1 tri\u010dka v ruce. Pokud chcete pou\u017e\u00edt pra\u010dku, nezapome\u0148te fotbalov\u00e1 tri\u010dka obr\u00e1tit naruby a pot\u00e9 je vyprat. Pra\u010dku napl\u0148te studenou vodou a pou\u017eijte jemn\u00fd cyklus, abyste l\u00e9pe ochr\u00e1nili barvy.<\/p>","protected":false},"excerpt":{"rendered":"<p>Venkovn\u00ed dres Real Madrid CF 22-23 je \u201esv\u011btle fialov\u00fd\u201c. Sv\u011btle fialov\u00e1 je stejn\u00e1 fialov\u00e1 barva, kter\u00e1 se pou\u017e\u00edv\u00e1 i pro dres Real Madrid 22-23. Samotn\u00e1 barva je sp\u00ed\u0161e bled\u00e1, sv\u011btl\u00e1 fialov\u00e1. Objevte venkovn\u00ed dres Real Madrid 2022\/2023. Hrd\u011b noste barvy Merengue na h\u0159i\u0161ti nebo venku. Flexibiln\u00ed a lehk\u00fd [\u2026]<\/p>","protected":false},"featured_media":6844,"comment_status":"open","ping_status":"closed","template":"","meta":[],"product_brand":[],"product_cat":[45],"product_tag":[20,38,21,228,24,291,271,267,47,268],"class_list":{"0":"post-6812","1":"product","2":"type-product","3":"status-publish","4":"has-post-thumbnail","6":"product_cat-real-madrid","7":"product_tag-coole-fussballtrikots","8":"product_tag-fussball-trikot-langarm","9":"product_tag-fussballtrikot-fuer-herren","10":"product_tag-guenstige-fussballtrikot","11":"product_tag-guenstiges-fussballtrikot","12":"product_tag-real-madrid-2022-2023-auswaertstrikots","13":"product_tag-real-madrid-trikot-herren-guenstig","14":"product_tag-real-madrid-trikot-langarm-herren","15":"product_tag-real-madrid-trikots","16":"product_tag-real-madrid-trikots-22-23","18":"first","19":"instock","20":"shipping-taxable","21":"purchasable","22":"product-type-variable"},"_links":{"self":[{"href":"https:\/\/www.billigtrikotde.com\/cs\/wp-json\/wp\/v2\/product\/6812","targetHints":{"allow":["GET"]}}],"collection":[{"href":"https:\/\/www.billigtrikotde.com\/cs\/wp-json\/wp\/v2\/product"}],"about":[{"href":"https:\/\/www.billigtrikotde.com\/cs\/wp-json\/wp\/v2\/types\/product"}],"replies":[{"embeddable":true,"href":"https:\/\/www.billigtrikotde.com\/cs\/wp-json\/wp\/v2\/comments?post=6812"}],"wp:featuredmedia":[{"embeddable":true,"href":"https:\/\/www.billigtrikotde.com\/cs\/wp-json\/wp\/v2\/media\/6844"}],"wp:attachment":[{"href":"https:\/\/www.billigtrikotde.com\/cs\/wp-json\/wp\/v2\/media?parent=6812"}],"wp:term":[{"taxonomy":"product_brand","embeddable":true,"href":"https:\/\/www.billigtrikotde.com\/cs\/wp-json\/wp\/v2\/product_brand?post=6812"},{"taxonomy":"product_cat","embeddable":true,"href":"https:\/\/www.billigtrikotde.com\/cs\/wp-json\/wp\/v2\/product_cat?post=6812"},{"taxonomy":"product_tag","embeddable":true,"href":"https:\/\/www.billigtrikotde.com\/cs\/wp-json\/wp\/v2\/product_tag?post=6812"}],"curies":[{"name":"wp","href":"https:\/\/api.w.org\/{rel}","templated":true}]}}