{"id":67,"date":"2024-10-23T12:04:03","date_gmt":"2024-10-23T10:04:03","guid":{"rendered":"http:\/\/billigtrikots.com\/?post_type=product&#038;p=67"},"modified":"2024-10-23T12:05:13","modified_gmt":"2024-10-23T10:05:13","slug":"auswaertstrikot-ac-mailand-2021-22-beige-rot-kurzarm-kurze-hosen-mit-aufdruck-brahim-21","status":"publish","type":"product","link":"https:\/\/www.billigtrikotde.com\/cs\/auswaertstrikot-ac-mailand-2021-22-beige-rot-kurzarm-kurze-hosen-mit-aufdruck-brahim-21\/","title":{"rendered":"V\u00fdjezdn\u00ed souprava AC Milan 2021\/22 b\u00e9\u017eovo-\u010derven\u00e1 s kr\u00e1tk\u00fdm ruk\u00e1vem + \u0161ortky s potiskem BRAHIM 21"},"content":{"rendered":"<p>Toto tri\u010dko AC Mil\u00e1n nen\u00ed jen poctou jednomu z nejlep\u0161\u00edch t\u00fdm\u016f It\u00e1lie, ne, je to tak\u00e9 pocta jednomu z nejlep\u0161\u00edch t\u00fdm\u016f na sv\u011bt\u011b.<\/p>\n<p>Osobn\u011b oslavuje program s n\u00e1zvem Sport for Change, kter\u00fd podporuje projekty vyu\u017e\u00edvaj\u00edc\u00ed sport a sportovn\u00ed hodnoty k pomoci mlad\u00fdm lidem v nouzi. Krom\u011b toho je to prost\u011b skv\u011bl\u00e9 fotbalov\u00e9 tri\u010dko. M\u00e1 technologie odv\u00e1d\u011bj\u00edc\u00ed vlhkost dryCELL, zaj\u00edmav\u00e9 kontrastn\u00ed barvy a samoz\u0159ejm\u011b ikonick\u00e9 logo AC Mil\u00e1n a Puma Cat logo na hrudi.<\/p>\n<p>Tipy pro tisk: Pokud jsou jm\u00e9no a \u010d\u00edslo na obr\u00e1zku p\u0159esn\u011b takov\u00e9, jak\u00e9 chcete, nemus\u00edte je zad\u00e1vat znovu. Pokud tomu tak nen\u00ed, m\u011bli byste zadat po\u017eadovan\u00e9 jm\u00e9no a \u010d\u00edslo.<\/p>\n<p>Tipy pro pran\u00ed: Doporu\u010dujeme pr\u00e1t fotbalov\u00e1 tri\u010dka v ruce. Pokud chcete pou\u017e\u00edt pra\u010dku, nezapome\u0148te fotbalov\u00e1 tri\u010dka obr\u00e1tit naruby a pot\u00e9 je vyprat. Pra\u010dku napl\u0148te studenou vodou a pou\u017eijte jemn\u00fd cyklus, abyste l\u00e9pe ochr\u00e1nili barvy.<\/p>","protected":false},"excerpt":{"rendered":"<p>Dieses AC Mailand Trikot ist nicht nur eine Hommage an eines der besten Teams Italiens, nein, an eines der besten Teams der Welt. Es feiert auch ein Programm namens Sport for Change, das Projekte unterst\u00fctzt, die Sport und sportliche Werte nutzen, um Jugendlichen in Not zu helfen. \u00dcber all das hinaus, ist es einfach ein [&hellip;]<\/p>","protected":false},"featured_media":101,"comment_status":"open","ping_status":"closed","template":"","meta":[],"product_brand":[],"product_cat":[15],"product_tag":[19,20,21,22,23,24],"class_list":{"0":"post-67","1":"product","2":"type-product","3":"status-publish","4":"has-post-thumbnail","6":"product_cat-unkategorisiert","7":"product_tag-ac-milan-auswaertstrikot","8":"product_tag-coole-fussballtrikots","9":"product_tag-fussballtrikot-fuer-herren","10":"product_tag-fussballtrikot-guenstig-kaufen","11":"product_tag-fussballtrikot-kurzarm","12":"product_tag-guenstiges-fussballtrikot","14":"first","15":"instock","16":"shipping-taxable","17":"purchasable","18":"product-type-variable"},"_links":{"self":[{"href":"https:\/\/www.billigtrikotde.com\/cs\/wp-json\/wp\/v2\/product\/67","targetHints":{"allow":["GET"]}}],"collection":[{"href":"https:\/\/www.billigtrikotde.com\/cs\/wp-json\/wp\/v2\/product"}],"about":[{"href":"https:\/\/www.billigtrikotde.com\/cs\/wp-json\/wp\/v2\/types\/product"}],"replies":[{"embeddable":true,"href":"https:\/\/www.billigtrikotde.com\/cs\/wp-json\/wp\/v2\/comments?post=67"}],"wp:featuredmedia":[{"embeddable":true,"href":"https:\/\/www.billigtrikotde.com\/cs\/wp-json\/wp\/v2\/media\/101"}],"wp:attachment":[{"href":"https:\/\/www.billigtrikotde.com\/cs\/wp-json\/wp\/v2\/media?parent=67"}],"wp:term":[{"taxonomy":"product_brand","embeddable":true,"href":"https:\/\/www.billigtrikotde.com\/cs\/wp-json\/wp\/v2\/product_brand?post=67"},{"taxonomy":"product_cat","embeddable":true,"href":"https:\/\/www.billigtrikotde.com\/cs\/wp-json\/wp\/v2\/product_cat?post=67"},{"taxonomy":"product_tag","embeddable":true,"href":"https:\/\/www.billigtrikotde.com\/cs\/wp-json\/wp\/v2\/product_tag?post=67"}],"curies":[{"name":"wp","href":"https:\/\/api.w.org\/{rel}","templated":true}]}}