{"id":6690,"date":"2024-10-23T17:53:29","date_gmt":"2024-10-23T15:53:29","guid":{"rendered":"http:\/\/billigtrikots.com\/?post_type=product&#038;p=6690"},"modified":"2024-10-23T17:55:39","modified_gmt":"2024-10-23T15:55:39","slug":"herren-usa-heimtrikot-wm-2022-weiss-schwarz-trikotsatz-fussballtrikots-kaufen-horan-9","status":"publish","type":"product","link":"https:\/\/www.billigtrikotde.com\/cs\/herren-usa-heimtrikot-wm-2022-weiss-schwarz-trikotsatz-fussballtrikots-kaufen-horan-9\/","title":{"rendered":"P\u00e1nsk\u00e9 dom\u00e1c\u00ed triko USA pro MS 2022 b\u00edlo-\u010dern\u00e9 dresy na prodej HORAN 9"},"content":{"rendered":"<p>Dres Nike United States 2022 kombinuje nejtradi\u010dn\u011bj\u0161\u00ed barvy americk\u00e9ho fotbalov\u00e9ho t\u00fdmu - b\u00edlou a tmav\u011b modrou. Ofici\u00e1ln\u00ed barvy jsou \"b\u00edl\u00e1 \/ v\u011brn\u00e1 modr\u00e1\".<\/p>\n<p>Zvl\u00e1\u0161tnost\u00ed dresu Nike USA 2022 World Cup je pravd\u011bpodobn\u00e9 um\u00edst\u011bn\u00ed znak\u016f Swooshes. M\u00edsto loga Nike na p\u0159edn\u00ed stran\u011b budou Swooshes pravd\u011bpodobn\u011b vid\u011bt na ruk\u00e1vech.<\/p>\n<p>Je to stejn\u00fd styl loga, jak\u00fd zn\u00e1me z NFL. Nikdy p\u0159edt\u00edm nebylo pou\u017eito na fotbalov\u00e9m dresu Nike.<\/p>\n<p>\u010c\u00edslo na p\u0159edn\u00ed stran\u011b by bylo na opa\u010dn\u00e9 stran\u011b znaku americk\u00e9ho fotbalu.<\/p>\n<p>Tipy pro tisk: Pokud jsou jm\u00e9no a \u010d\u00edslo na obr\u00e1zku p\u0159esn\u011b takov\u00e9, jak\u00e9 chcete, nemus\u00edte je zad\u00e1vat znovu. Pokud tomu tak nen\u00ed, m\u011bli byste zadat po\u017eadovan\u00e9 jm\u00e9no a \u010d\u00edslo.<\/p>\n<p>Tipy pro pran\u00ed: Doporu\u010dujeme pr\u00e1t fotbalov\u00e1 tri\u010dka v ruce. Pokud chcete pou\u017e\u00edt pra\u010dku, nezapome\u0148te fotbalov\u00e1 tri\u010dka obr\u00e1tit naruby a pot\u00e9 je vyprat. Pra\u010dku napl\u0148te studenou vodou a pou\u017eijte jemn\u00fd cyklus, abyste l\u00e9pe ochr\u00e1nili barvy.<\/p>","protected":false},"excerpt":{"rendered":"<p>Dres Nike \u010cesk\u00e1 republika 2022 kombinuje nejtradi\u010dn\u011bj\u0161\u00ed barvy \u010desk\u00e9ho fotbalov\u00e9ho t\u00fdmu \u2013 b\u00edl\u00e9 a n\u00e1mo\u0159nickou modrou. Ofici\u00e1ln\u011b jsou barvy \u201eWhite \/ Loyal Blue\u201c. To, co je na dresu Nike USA 2022 Mistrovstv\u00ed sv\u011bta zvl\u00e1\u0161tn\u00ed, je pravd\u011bpodobn\u00e9 um\u00edst\u011bn\u00ed Swooshe. M\u00edsto loga Nike na p\u0159edn\u00ed stran\u011b jsou Swooshes pravd\u011bpodobn\u011b na ruk\u00e1vech [\u2026]<\/p>","protected":false},"featured_media":6721,"comment_status":"open","ping_status":"closed","template":"","meta":[],"product_brand":[],"product_cat":[245],"product_tag":[20,43,21,22,23,24,246,287,247,248,249,250,288],"class_list":{"0":"post-6690","1":"product","2":"type-product","3":"status-publish","4":"has-post-thumbnail","6":"product_cat-usa-trikots","7":"product_tag-coole-fussballtrikots","8":"product_tag-fussballkleidung","9":"product_tag-fussballtrikot-fuer-herren","10":"product_tag-fussballtrikot-guenstig-kaufen","11":"product_tag-fussballtrikot-kurzarm","12":"product_tag-guenstiges-fussballtrikot","13":"product_tag-united-states-2022-trikot","14":"product_tag-united-states-heimtrikot","15":"product_tag-usa-fussball-shop","16":"product_tag-usa-fussball-trikot","17":"product_tag-usa-nationalmannschaft","18":"product_tag-usa-trikot-herren","19":"product_tag-usa-trikots","21":"first","22":"instock","23":"shipping-taxable","24":"purchasable","25":"product-type-variable"},"_links":{"self":[{"href":"https:\/\/www.billigtrikotde.com\/cs\/wp-json\/wp\/v2\/product\/6690","targetHints":{"allow":["GET"]}}],"collection":[{"href":"https:\/\/www.billigtrikotde.com\/cs\/wp-json\/wp\/v2\/product"}],"about":[{"href":"https:\/\/www.billigtrikotde.com\/cs\/wp-json\/wp\/v2\/types\/product"}],"replies":[{"embeddable":true,"href":"https:\/\/www.billigtrikotde.com\/cs\/wp-json\/wp\/v2\/comments?post=6690"}],"wp:featuredmedia":[{"embeddable":true,"href":"https:\/\/www.billigtrikotde.com\/cs\/wp-json\/wp\/v2\/media\/6721"}],"wp:attachment":[{"href":"https:\/\/www.billigtrikotde.com\/cs\/wp-json\/wp\/v2\/media?parent=6690"}],"wp:term":[{"taxonomy":"product_brand","embeddable":true,"href":"https:\/\/www.billigtrikotde.com\/cs\/wp-json\/wp\/v2\/product_brand?post=6690"},{"taxonomy":"product_cat","embeddable":true,"href":"https:\/\/www.billigtrikotde.com\/cs\/wp-json\/wp\/v2\/product_cat?post=6690"},{"taxonomy":"product_tag","embeddable":true,"href":"https:\/\/www.billigtrikotde.com\/cs\/wp-json\/wp\/v2\/product_tag?post=6690"}],"curies":[{"name":"wp","href":"https:\/\/api.w.org\/{rel}","templated":true}]}}