{"id":6486,"date":"2024-10-23T17:43:19","date_gmt":"2024-10-23T15:43:19","guid":{"rendered":"http:\/\/billigtrikots.com\/?post_type=product&#038;p=6486"},"modified":"2024-10-23T17:45:24","modified_gmt":"2024-10-23T15:45:24","slug":"messi-10-fc-barcelona-2022-23-home-kit-heimtrikot-kurzarm-fuer-herren","status":"publish","type":"product","link":"https:\/\/www.billigtrikotde.com\/cs\/messi-10-fc-barcelona-2022-23-home-kit-heimtrikot-kurzarm-fuer-herren\/","title":{"rendered":"MESSI 10 FC Barcelona 2022\/23 Dom\u00e1c\u00ed dres kr\u00e1tk\u00fd ruk\u00e1v pro mu\u017ee"},"content":{"rendered":"<p>Dom\u00e1c\u00ed dres FC Barcelona 2022-23 p\u0159in\u00e1\u0161\u00ed stylov\u00fd vzhled a p\u0159id\u00e1v\u00e1 tradi\u010dn\u00ed pruhy Blaugrana tmav\u011b modrou barvou. Ruk\u00e1vy a l\u00edmec dresu Barcelona 22-23 jsou jednobarevn\u011b tmav\u011b modr\u00e9, zat\u00edmco p\u0159edn\u00ed strana m\u00e1 pom\u011brn\u011b \u0161irok\u00e9 pruhy v tmav\u011b modr\u00e9, kr\u00e1lovskomodr\u00e9 a \u010derven\u00e9 barv\u011b. Ofici\u00e1ln\u00ed n\u00e1zev pou\u017eit\u00e9 tmav\u011b modr\u00e9 barvy na dresu je \u201eObsidian\u201c, co\u017e je tak\u00e9 barva log na zlat\u00e9m venkovn\u00edm dresu.<br \/>\nDom\u00e1c\u00ed dres Barcelona 2022\/23 p\u0159id\u00e1v\u00e1 k ikonick\u00fdm kr\u00e1lovskomodr\u00fdm a \u010derven\u00fdm pruh\u016fm klubu dva tmav\u011b modr\u00e9 svisl\u00e9 pruhy. Barvy katal\u00e1nsk\u00e9 vlajky jsou um\u00edst\u011bny na jeho krku. Poprv\u00e9 je pro b\u00fdval\u00e9ho evropsk\u00e9ho \u0161ampiona pou\u017eit n\u00e1mo\u0159nicky modr\u00fd blok na horn\u00ed \u010d\u00e1sti hrudn\u00edku, ramenech a ruk\u00e1vech.<\/p>\n<p>Tipy pro tisk: Pokud jsou jm\u00e9no a \u010d\u00edslo na obr\u00e1zku p\u0159esn\u011b takov\u00e9, jak\u00e9 chcete, nemus\u00edte je zad\u00e1vat znovu. Pokud tomu tak nen\u00ed, m\u011bli byste zadat po\u017eadovan\u00e9 jm\u00e9no a \u010d\u00edslo.<\/p>\n<p>Tipy pro pran\u00ed: Doporu\u010dujeme pr\u00e1t fotbalov\u00e1 tri\u010dka v ruce. Pokud chcete pou\u017e\u00edt pra\u010dku, nezapome\u0148te fotbalov\u00e1 tri\u010dka obr\u00e1tit naruby a pot\u00e9 je vyprat. Pra\u010dku napl\u0148te studenou vodou a pou\u017eijte jemn\u00fd cyklus, abyste l\u00e9pe ochr\u00e1nili barvy.<\/p>","protected":false},"excerpt":{"rendered":"<p>Dom\u00e1c\u00ed dres FC Barcelona 2022-23 p\u0159in\u00e1\u0161\u00ed stylov\u00fd vzhled a p\u0159id\u00e1v\u00e1 tradi\u010dn\u00ed pruhy Blaugrana tmav\u011b modr\u00e9 barvy. Ruk\u00e1vy a l\u00edmec dresu Barcelona 22-23 jsou jednobarevn\u011b tmav\u011b modr\u00e9, zat\u00edmco p\u0159edn\u00ed strana m\u00e1 pom\u011brn\u011b \u0161irok\u00e9 pruhy v tmav\u011b modr\u00e9, kr\u00e1lovskomodr\u00e9 a \u010derven\u00e9 barv\u011b. Ofici\u00e1ln\u00ed n\u00e1zev pou\u017eit\u00fd na dresu pro tmav\u011b modrou je \u201eObsidian\u201c, co\u017e tak\u00e9...<\/p>","protected":false},"featured_media":6524,"comment_status":"open","ping_status":"closed","template":"","meta":[],"product_brand":[],"product_cat":[31],"product_tag":[20,282,283,33,21,22,23,24],"class_list":{"0":"post-6486","1":"product","2":"type-product","3":"status-publish","4":"has-post-thumbnail","6":"product_cat-fc-barcelona","7":"product_tag-coole-fussballtrikots","8":"product_tag-fc-barcelona-2022-23-trikots","9":"product_tag-fc-barcelona-22-23-auswaertstrikot","10":"product_tag-fc-barcelona-trikots","11":"product_tag-fussballtrikot-fuer-herren","12":"product_tag-fussballtrikot-guenstig-kaufen","13":"product_tag-fussballtrikot-kurzarm","14":"product_tag-guenstiges-fussballtrikot","16":"first","17":"instock","18":"shipping-taxable","19":"purchasable","20":"product-type-variable"},"_links":{"self":[{"href":"https:\/\/www.billigtrikotde.com\/cs\/wp-json\/wp\/v2\/product\/6486","targetHints":{"allow":["GET"]}}],"collection":[{"href":"https:\/\/www.billigtrikotde.com\/cs\/wp-json\/wp\/v2\/product"}],"about":[{"href":"https:\/\/www.billigtrikotde.com\/cs\/wp-json\/wp\/v2\/types\/product"}],"replies":[{"embeddable":true,"href":"https:\/\/www.billigtrikotde.com\/cs\/wp-json\/wp\/v2\/comments?post=6486"}],"wp:featuredmedia":[{"embeddable":true,"href":"https:\/\/www.billigtrikotde.com\/cs\/wp-json\/wp\/v2\/media\/6524"}],"wp:attachment":[{"href":"https:\/\/www.billigtrikotde.com\/cs\/wp-json\/wp\/v2\/media?parent=6486"}],"wp:term":[{"taxonomy":"product_brand","embeddable":true,"href":"https:\/\/www.billigtrikotde.com\/cs\/wp-json\/wp\/v2\/product_brand?post=6486"},{"taxonomy":"product_cat","embeddable":true,"href":"https:\/\/www.billigtrikotde.com\/cs\/wp-json\/wp\/v2\/product_cat?post=6486"},{"taxonomy":"product_tag","embeddable":true,"href":"https:\/\/www.billigtrikotde.com\/cs\/wp-json\/wp\/v2\/product_tag?post=6486"}],"curies":[{"name":"wp","href":"https:\/\/api.w.org\/{rel}","templated":true}]}}