{"id":6384,"date":"2024-10-23T17:38:48","date_gmt":"2024-10-23T15:38:48","guid":{"rendered":"http:\/\/billigtrikots.com\/?post_type=product&#038;p=6384"},"modified":"2024-10-23T17:40:22","modified_gmt":"2024-10-23T15:40:22","slug":"neuen-trikots-fc-barcelona-2022-23-auswaertstrikots-goldene-kurzarm","status":"publish","type":"product","link":"https:\/\/www.billigtrikotde.com\/cs\/neuen-trikots-fc-barcelona-2022-23-auswaertstrikots-goldene-kurzarm\/","title":{"rendered":"Nov\u00e9 dresy FC Barcelona 2022\/23 venkovn\u00ed dres zlat\u00fd kr\u00e1tk\u00fd ruk\u00e1v"},"content":{"rendered":"<p>Der FC Barcelona hat am Montag sein neues Ausw\u00e4rtstrikot f\u00fcr die Spielzeit 2022\/23 der \u00d6ffentlichkeit vorgestellt. Durch mehrere Leaks war bereits seit Monaten klar, wie dieser Dress im Gro\u00dfen und Ganzen aussehen w\u00fcrde, nun gab es die ersten offiziellen Bilder. Das zweite Trikot der Katalanen ist komplett in Gold gehalten, eine Hommage an die Olympischen Spiele, die 1992 \u2013 also vor 30 Jahren \u2013 in Barcelona stattgefunden haben und das Stadtbild sowie die internationale Wahrnehmung der Mittelmeermetropole nachhaltig positiv beeinflussten. Eine weitere Anspielung auf dieses sportliche Gro\u00dfereignis sind die in den Farben der Olympischen Ringe gehaltenen Verzierungen auf den \u00c4rmeln und Stutzen. Dar\u00fcber hinaus ziert das Trikot das Layout der Stadt Barcelona.<\/p>\n<p>Tipy pro tisk: Pokud jsou jm\u00e9no a \u010d\u00edslo na obr\u00e1zku p\u0159esn\u011b takov\u00e9, jak\u00e9 chcete, nemus\u00edte je zad\u00e1vat znovu. Pokud tomu tak nen\u00ed, m\u011bli byste zadat po\u017eadovan\u00e9 jm\u00e9no a \u010d\u00edslo.<\/p>\n<p>Tipy pro pran\u00ed: Doporu\u010dujeme pr\u00e1t fotbalov\u00e1 tri\u010dka v ruce. Pokud chcete pou\u017e\u00edt pra\u010dku, nezapome\u0148te fotbalov\u00e1 tri\u010dka obr\u00e1tit naruby a pot\u00e9 je vyprat. Pra\u010dku napl\u0148te studenou vodou a pou\u017eijte jemn\u00fd cyklus, abyste l\u00e9pe ochr\u00e1nili barvy.<\/p>","protected":false},"excerpt":{"rendered":"<p>FC Barcelona p\u0159edstavil v pond\u011bl\u00ed sv\u016fj nov\u00fd venkovn\u00ed dres pro sez\u00f3nu 2022\/23 ve\u0159ejnosti. D\u00edky n\u011bkolika \u00fanik\u016fm bylo ji\u017e m\u011bs\u00edce jasn\u00e9, jak tento dres zhruba bude vypadat, nyn\u00ed byly zve\u0159ejn\u011bny prvn\u00ed ofici\u00e1ln\u00ed sn\u00edmky. Druh\u00fd dres Katal\u00e1nc\u016f je kompletn\u011b zlat\u00fd, jako pocta Olympijsk\u00fdm [\u2026]<\/p>","protected":false},"featured_media":6417,"comment_status":"open","ping_status":"closed","template":"","meta":[],"product_brand":[],"product_cat":[31],"product_tag":[20,282,283,33,21,22,23,24],"class_list":{"0":"post-6384","1":"product","2":"type-product","3":"status-publish","4":"has-post-thumbnail","6":"product_cat-fc-barcelona","7":"product_tag-coole-fussballtrikots","8":"product_tag-fc-barcelona-2022-23-trikots","9":"product_tag-fc-barcelona-22-23-auswaertstrikot","10":"product_tag-fc-barcelona-trikots","11":"product_tag-fussballtrikot-fuer-herren","12":"product_tag-fussballtrikot-guenstig-kaufen","13":"product_tag-fussballtrikot-kurzarm","14":"product_tag-guenstiges-fussballtrikot","16":"first","17":"instock","18":"shipping-taxable","19":"purchasable","20":"product-type-variable"},"_links":{"self":[{"href":"https:\/\/www.billigtrikotde.com\/cs\/wp-json\/wp\/v2\/product\/6384","targetHints":{"allow":["GET"]}}],"collection":[{"href":"https:\/\/www.billigtrikotde.com\/cs\/wp-json\/wp\/v2\/product"}],"about":[{"href":"https:\/\/www.billigtrikotde.com\/cs\/wp-json\/wp\/v2\/types\/product"}],"replies":[{"embeddable":true,"href":"https:\/\/www.billigtrikotde.com\/cs\/wp-json\/wp\/v2\/comments?post=6384"}],"wp:featuredmedia":[{"embeddable":true,"href":"https:\/\/www.billigtrikotde.com\/cs\/wp-json\/wp\/v2\/media\/6417"}],"wp:attachment":[{"href":"https:\/\/www.billigtrikotde.com\/cs\/wp-json\/wp\/v2\/media?parent=6384"}],"wp:term":[{"taxonomy":"product_brand","embeddable":true,"href":"https:\/\/www.billigtrikotde.com\/cs\/wp-json\/wp\/v2\/product_brand?post=6384"},{"taxonomy":"product_cat","embeddable":true,"href":"https:\/\/www.billigtrikotde.com\/cs\/wp-json\/wp\/v2\/product_cat?post=6384"},{"taxonomy":"product_tag","embeddable":true,"href":"https:\/\/www.billigtrikotde.com\/cs\/wp-json\/wp\/v2\/product_tag?post=6384"}],"curies":[{"name":"wp","href":"https:\/\/api.w.org\/{rel}","templated":true}]}}