{"id":6314,"date":"2024-10-23T17:35:17","date_gmt":"2024-10-23T15:35:17","guid":{"rendered":"http:\/\/billigtrikots.com\/?post_type=product&#038;p=6314"},"modified":"2024-10-23T17:37:35","modified_gmt":"2024-10-23T15:37:35","slug":"kinder-fc-barcelona-22-23-auswaertstrikot-goldene-grundfarbe-trikotsatz-adama-11","status":"publish","type":"product","link":"https:\/\/www.billigtrikotde.com\/cs\/kinder-fc-barcelona-22-23-auswaertstrikot-goldene-grundfarbe-trikotsatz-adama-11\/","title":{"rendered":"D\u011btsk\u00fd dres FC Barcelona 22-23 Away Jersey Golden Basic Colour Kit ADAMA 11"},"content":{"rendered":"<p>Dres FC Barcelona 22-23 venkovn\u00ed m\u00e1 zlatou z\u00e1kladn\u00ed barvu, kter\u00e1 evokuje vzpom\u00ednky na po\u010d\u00e1tky 2000. let. V\u0161echna loga jsou v tmav\u011b n\u00e1mo\u0159nick\u00e9 mod\u0159i. Barva a design ruk\u00e1v\u016f nov\u00e9ho dresu jsou odkazem na zlat\u00e9 medaile, kter\u00e9 z\u00edskali sportovci na olympijsk\u00fdch hr\u00e1ch, 30 let pot\u00e9, co se konaly olympijsk\u00e9 hry v roce 1992 v Barcelon\u011b. Hry byly zah\u00e1jeny 25. \u010dervence 1992. Nav\u00edc jsou na man\u017eet\u00e1ch ruk\u00e1v\u016f a na stu\u017ek\u00e1ch vid\u011bt barvy p\u011bti olympijsk\u00fdch kruh\u016f.<\/p>\n<p>Jako ostatn\u00ed dresy z na\u0161\u00ed kolekce Stadium i tento dres s replikou detail\u016f a technologi\u00ed odv\u00e1d\u011bj\u00edc\u00ed pot zaji\u0161\u0165uje vzhled vhodn\u00fd pro z\u00e1pas, inspirovan\u00fd tv\u00fdm obl\u00edben\u00fdm t\u00fdmem.<\/p>\n<p>Tipy pro tisk: Pokud jsou jm\u00e9no a \u010d\u00edslo na obr\u00e1zku p\u0159esn\u011b takov\u00e9, jak\u00e9 chcete, nemus\u00edte je zad\u00e1vat znovu. Pokud tomu tak nen\u00ed, m\u011bli byste zadat po\u017eadovan\u00e9 jm\u00e9no a \u010d\u00edslo.<\/p>\n<p>Tipy pro pran\u00ed: Doporu\u010dujeme pr\u00e1t fotbalov\u00e1 tri\u010dka v ruce. Pokud chcete pou\u017e\u00edt pra\u010dku, nezapome\u0148te fotbalov\u00e1 tri\u010dka obr\u00e1tit naruby a pot\u00e9 je vyprat. Pra\u010dku napl\u0148te studenou vodou a pou\u017eijte jemn\u00fd cyklus, abyste l\u00e9pe ochr\u00e1nili barvy.<\/p>","protected":false},"excerpt":{"rendered":"<p>Das FC Barcelona 22-23 Ausw\u00e4rtstrikot hat eine goldene Grundfarbe, die Erinnerungen an die fr\u00fchen 2000er Jahre weckt. Alle Logos sind in dunklem Marineblau gehalten.Die Farbe und das \u00c4rmeldesign des neuen Trikots sind eine Anspielung auf die Goldmedaillen, die die Athleten bei den Olympischen Spielen erhalten, 30 Jahre nachdem die Olympischen Spiele 1992 in Barcelona stattfanden. [&hellip;]<\/p>","protected":false},"featured_media":6346,"comment_status":"open","ping_status":"closed","template":"","meta":[],"product_brand":[],"product_cat":[146],"product_tag":[147,20,279,280,33,35,21,22,23,24,94],"class_list":{"0":"post-6314","1":"product","2":"type-product","3":"status-publish","4":"has-post-thumbnail","6":"product_cat-barcelona-kindertrikot","7":"product_tag-barcelona-trikotsatz-fuer-kinder","8":"product_tag-coole-fussballtrikots","9":"product_tag-fc-barcelona-2022-23-trikot-kaufen","10":"product_tag-fc-barcelona-2022-23-trikot-kinder","11":"product_tag-fc-barcelona-trikots","12":"product_tag-fussball-torwarttrikots","13":"product_tag-fussballtrikot-fuer-herren","14":"product_tag-fussballtrikot-guenstig-kaufen","15":"product_tag-fussballtrikot-kurzarm","16":"product_tag-guenstiges-fussballtrikot","17":"product_tag-kinder-fussball-trikotsatz","19":"first","20":"instock","21":"shipping-taxable","22":"purchasable","23":"product-type-variable"},"_links":{"self":[{"href":"https:\/\/www.billigtrikotde.com\/cs\/wp-json\/wp\/v2\/product\/6314","targetHints":{"allow":["GET"]}}],"collection":[{"href":"https:\/\/www.billigtrikotde.com\/cs\/wp-json\/wp\/v2\/product"}],"about":[{"href":"https:\/\/www.billigtrikotde.com\/cs\/wp-json\/wp\/v2\/types\/product"}],"replies":[{"embeddable":true,"href":"https:\/\/www.billigtrikotde.com\/cs\/wp-json\/wp\/v2\/comments?post=6314"}],"wp:featuredmedia":[{"embeddable":true,"href":"https:\/\/www.billigtrikotde.com\/cs\/wp-json\/wp\/v2\/media\/6346"}],"wp:attachment":[{"href":"https:\/\/www.billigtrikotde.com\/cs\/wp-json\/wp\/v2\/media?parent=6314"}],"wp:term":[{"taxonomy":"product_brand","embeddable":true,"href":"https:\/\/www.billigtrikotde.com\/cs\/wp-json\/wp\/v2\/product_brand?post=6314"},{"taxonomy":"product_cat","embeddable":true,"href":"https:\/\/www.billigtrikotde.com\/cs\/wp-json\/wp\/v2\/product_cat?post=6314"},{"taxonomy":"product_tag","embeddable":true,"href":"https:\/\/www.billigtrikotde.com\/cs\/wp-json\/wp\/v2\/product_tag?post=6314"}],"curies":[{"name":"wp","href":"https:\/\/api.w.org\/{rel}","templated":true}]}}