{"id":6269,"date":"2024-10-23T17:33:01","date_gmt":"2024-10-23T15:33:01","guid":{"rendered":"http:\/\/billigtrikots.com\/?post_type=product&#038;p=6269"},"modified":"2024-10-23T17:35:10","modified_gmt":"2024-10-23T15:35:10","slug":"fc-barcelona-kinderheim-trikot-2022-23-navy-blau-fussballtrikots-set-mit-aufdruck-memphis-9","status":"publish","type":"product","link":"https:\/\/www.billigtrikotde.com\/cs\/fc-barcelona-kinderheim-trikot-2022-23-navy-blau-fussballtrikots-set-mit-aufdruck-memphis-9\/","title":{"rendered":"FC Barcelona Kids Home Shirt 2022\/23 Navy Blue Fotbalov\u00e1 souprava s potiskem MEMPHIS 9"},"content":{"rendered":"<p>Dres dom\u00e1c\u00edho t\u00fdmu FC Barcelona 2022\/23 m\u00e1 ikonick\u00e9 pruhy Blaugrana ve zak\u0159iven\u00e9m uspo\u0159\u00e1d\u00e1n\u00ed. Dopln\u011bn je tmav\u011b modr\u00fdm t\u00e9matem naho\u0159e, p\u0159i\u010dem\u017e uprost\u0159ed je vid\u011bt nov\u00fd sponzor Barcelony Spotify. Jak p\u0159edpov\u011bd\u011bly \u00faniky, m\u00e1 logo Spotify zlat\u00fd vzhled, kter\u00fd plynule lad\u00ed s barvami dresu a dod\u00e1v\u00e1 mu vintage vzhled. V\u011bt\u0161ina fanou\u0161k\u016f Barcelony by zm\u011bnu jist\u011b uv\u00edtala, zvl\u00e1\u0161t\u011b po reakci, kterou dom\u00e1c\u00ed dres minul\u00e9 sez\u00f3ny obdr\u017eel. Poh\u00e1rov\u00fd dres pro Barcelonu mo\u017en\u00e1 nespln\u00ed o\u010dek\u00e1v\u00e1n\u00ed minul\u00e9 sez\u00f3ny. Ale m\u016f\u017ee m\u00edt modrob\u00edl\u00fd k\u0159\u00ed\u017e svat\u00e9ho Ji\u0159\u00ed, kter\u00fd dopl\u0148uje b\u00edlou ko\u0161ili a dod\u00e1v\u00e1 mu jednoduch\u00fd, klasick\u00fd vzhled.<\/p>\n<p>Tipy pro tisk: Pokud jsou jm\u00e9no a \u010d\u00edslo na obr\u00e1zku p\u0159esn\u011b takov\u00e9, jak\u00e9 chcete, nemus\u00edte je zad\u00e1vat znovu. Pokud tomu tak nen\u00ed, m\u011bli byste zadat po\u017eadovan\u00e9 jm\u00e9no a \u010d\u00edslo.<\/p>\n<p>Tipy pro pran\u00ed: Doporu\u010dujeme pr\u00e1t fotbalov\u00e1 tri\u010dka v ruce. Pokud chcete pou\u017e\u00edt pra\u010dku, nezapome\u0148te fotbalov\u00e1 tri\u010dka obr\u00e1tit naruby a pot\u00e9 je vyprat. Pra\u010dku napl\u0148te studenou vodou a pou\u017eijte jemn\u00fd cyklus, abyste l\u00e9pe ochr\u00e1nili barvy.<\/p>","protected":false},"excerpt":{"rendered":"<p>Das FC Barcelona Kinderheim 2022\/23 Trikot weist die ikonischen Blaugrana-Streifen in einer geschwungenen Ausrichtung auf. Es erg\u00e4nzt ein dunkelblaues Thema oben, wobei Barcelonas neuer Sponsor Spotify in der Mitte zu sehen ist.Wie von den Leaks vorhergesagt, hat das Spotify-Logo einen goldenen Look, der nahtlos zu den Trikotfarben passt und ihm einen Vintage-Look verleiht. Eine Mehrheit [&hellip;]<\/p>","protected":false},"featured_media":6307,"comment_status":"open","ping_status":"closed","template":"","meta":[],"product_brand":[],"product_cat":[146],"product_tag":[147,20,279,280,33,35,21,22,23,24,94],"class_list":{"0":"post-6269","1":"product","2":"type-product","3":"status-publish","4":"has-post-thumbnail","6":"product_cat-barcelona-kindertrikot","7":"product_tag-barcelona-trikotsatz-fuer-kinder","8":"product_tag-coole-fussballtrikots","9":"product_tag-fc-barcelona-2022-23-trikot-kaufen","10":"product_tag-fc-barcelona-2022-23-trikot-kinder","11":"product_tag-fc-barcelona-trikots","12":"product_tag-fussball-torwarttrikots","13":"product_tag-fussballtrikot-fuer-herren","14":"product_tag-fussballtrikot-guenstig-kaufen","15":"product_tag-fussballtrikot-kurzarm","16":"product_tag-guenstiges-fussballtrikot","17":"product_tag-kinder-fussball-trikotsatz","19":"first","20":"instock","21":"shipping-taxable","22":"purchasable","23":"product-type-variable"},"_links":{"self":[{"href":"https:\/\/www.billigtrikotde.com\/cs\/wp-json\/wp\/v2\/product\/6269","targetHints":{"allow":["GET"]}}],"collection":[{"href":"https:\/\/www.billigtrikotde.com\/cs\/wp-json\/wp\/v2\/product"}],"about":[{"href":"https:\/\/www.billigtrikotde.com\/cs\/wp-json\/wp\/v2\/types\/product"}],"replies":[{"embeddable":true,"href":"https:\/\/www.billigtrikotde.com\/cs\/wp-json\/wp\/v2\/comments?post=6269"}],"wp:featuredmedia":[{"embeddable":true,"href":"https:\/\/www.billigtrikotde.com\/cs\/wp-json\/wp\/v2\/media\/6307"}],"wp:attachment":[{"href":"https:\/\/www.billigtrikotde.com\/cs\/wp-json\/wp\/v2\/media?parent=6269"}],"wp:term":[{"taxonomy":"product_brand","embeddable":true,"href":"https:\/\/www.billigtrikotde.com\/cs\/wp-json\/wp\/v2\/product_brand?post=6269"},{"taxonomy":"product_cat","embeddable":true,"href":"https:\/\/www.billigtrikotde.com\/cs\/wp-json\/wp\/v2\/product_cat?post=6269"},{"taxonomy":"product_tag","embeddable":true,"href":"https:\/\/www.billigtrikotde.com\/cs\/wp-json\/wp\/v2\/product_tag?post=6269"}],"curies":[{"name":"wp","href":"https:\/\/api.w.org\/{rel}","templated":true}]}}