{"id":6183,"date":"2024-10-23T17:28:58","date_gmt":"2024-10-23T15:28:58","guid":{"rendered":"http:\/\/billigtrikots.com\/?post_type=product&#038;p=6183"},"modified":"2024-10-23T17:30:33","modified_gmt":"2024-10-23T15:30:33","slug":"kinder-fussballtrikots-liverpool-heimtrikot-2022-23-rot-kurzarm-kurze-hosen-a-becker-1","status":"publish","type":"product","link":"https:\/\/www.billigtrikotde.com\/cs\/kinder-fussballtrikots-liverpool-heimtrikot-2022-23-rot-kurzarm-kurze-hosen-a-becker-1\/","title":{"rendered":"D\u011btsk\u00e9 fotbalov\u00e9 tri\u010dko Liverpool Home Shirt 2022\/23 Red Short Sleeve + Shorts A.BECKER 1"},"content":{"rendered":"<p>Lehk\u00e9 a pru\u017en\u00e9 tri\u010dko s technologi\u00ed Nike Dri Fit, oble\u010den\u00ed, kter\u00e9 zabr\u00e1n\u00ed tomu, aby se p\u0159i z\u00e1pase nebo tr\u00e9ninku dostavila pot. Z\u016fsta\u0148te such\u00ed po zrychlen\u00edch. Liverpool m\u00e1 n\u011bkter\u00e9 z nejv\u00e1\u0161niv\u011bj\u0161\u00edch fanou\u0161k\u016f na sv\u011bt\u011b a je to opravdu zvl\u00e1\u0161tn\u00ed z\u00e1\u017eitek, kdy\u017e fanou\u0161ci Reds na The Kop a zbytek stadionu Anfield, kde je klub doma, za\u010d\u00ednaj\u00ed slavn\u00e9 \u201eYou\u2019ll Never Walk Alone\u201c. Liverpool dosud z\u00edskal 19 titul\u016f mistra, ale st\u00e1le je hladov\u00fd po dal\u0161\u00edch \u00fasp\u011b\u0161\u00edch a trofej\u00edch.<\/p>\n<p>Tipy pro tisk: Pokud jsou jm\u00e9no a \u010d\u00edslo na obr\u00e1zku p\u0159esn\u011b takov\u00e9, jak\u00e9 chcete, nemus\u00edte je zad\u00e1vat znovu. Pokud tomu tak nen\u00ed, m\u011bli byste zadat po\u017eadovan\u00e9 jm\u00e9no a \u010d\u00edslo.<\/p>\n<p>Tipy pro pran\u00ed: Doporu\u010dujeme pr\u00e1t fotbalov\u00e1 tri\u010dka v ruce. Pokud chcete pou\u017e\u00edt pra\u010dku, nezapome\u0148te fotbalov\u00e1 tri\u010dka obr\u00e1tit naruby a pot\u00e9 je vyprat. Pra\u010dku napl\u0148te studenou vodou a pou\u017eijte jemn\u00fd cyklus, abyste l\u00e9pe ochr\u00e1nili barvy.<\/p>","protected":false},"excerpt":{"rendered":"<p>Un maillot souple et l\u00e9ger dot\u00e9 de la technologie Nike Dri Fit, un v\u00eatement qui emp\u00eache la transpiration de s\u2019inviter lors de votre match ou entrainement. Rester au sec apr\u00e8s vos acc\u00e9l\u00e9rations.Liverpool hat einige der leidenschaftlichsten Fans der Welt und es ist ein ganz besonderes Erlebnis, wenn die Fans der Reds auf The Kop und [&hellip;]<\/p>","protected":false},"featured_media":6216,"comment_status":"open","ping_status":"closed","template":"","meta":[],"product_brand":[],"product_cat":[151],"product_tag":[20,21,22,23,24,94,152,277,153,154],"class_list":{"0":"post-6183","1":"product","2":"type-product","3":"status-publish","4":"has-post-thumbnail","6":"product_cat-liverpool-kindertrikot","7":"product_tag-coole-fussballtrikots","8":"product_tag-fussballtrikot-fuer-herren","9":"product_tag-fussballtrikot-guenstig-kaufen","10":"product_tag-fussballtrikot-kurzarm","11":"product_tag-guenstiges-fussballtrikot","12":"product_tag-kinder-fussball-trikotsatz","13":"product_tag-liverpool-heimtrikot","14":"product_tag-liverpool-kinder-trikot-set","15":"product_tag-liverpool-trikots","16":"product_tag-liverpool-trikotsatz-fuer-kinder","18":"first","19":"instock","20":"shipping-taxable","21":"purchasable","22":"product-type-variable"},"_links":{"self":[{"href":"https:\/\/www.billigtrikotde.com\/cs\/wp-json\/wp\/v2\/product\/6183","targetHints":{"allow":["GET"]}}],"collection":[{"href":"https:\/\/www.billigtrikotde.com\/cs\/wp-json\/wp\/v2\/product"}],"about":[{"href":"https:\/\/www.billigtrikotde.com\/cs\/wp-json\/wp\/v2\/types\/product"}],"replies":[{"embeddable":true,"href":"https:\/\/www.billigtrikotde.com\/cs\/wp-json\/wp\/v2\/comments?post=6183"}],"wp:featuredmedia":[{"embeddable":true,"href":"https:\/\/www.billigtrikotde.com\/cs\/wp-json\/wp\/v2\/media\/6216"}],"wp:attachment":[{"href":"https:\/\/www.billigtrikotde.com\/cs\/wp-json\/wp\/v2\/media?parent=6183"}],"wp:term":[{"taxonomy":"product_brand","embeddable":true,"href":"https:\/\/www.billigtrikotde.com\/cs\/wp-json\/wp\/v2\/product_brand?post=6183"},{"taxonomy":"product_cat","embeddable":true,"href":"https:\/\/www.billigtrikotde.com\/cs\/wp-json\/wp\/v2\/product_cat?post=6183"},{"taxonomy":"product_tag","embeddable":true,"href":"https:\/\/www.billigtrikotde.com\/cs\/wp-json\/wp\/v2\/product_tag?post=6183"}],"curies":[{"name":"wp","href":"https:\/\/api.w.org\/{rel}","templated":true}]}}