{"id":6163,"date":"2024-10-23T17:27:58","date_gmt":"2024-10-23T15:27:58","guid":{"rendered":"http:\/\/billigtrikots.com\/?post_type=product&#038;p=6163"},"modified":"2025-06-16T16:03:31","modified_gmt":"2025-06-16T14:03:31","slug":"kinder-juventus-fc-2022-23-heimtrikot-schwarz-weiss-kurzarm-kurze-hosen-chiesa-22","status":"publish","type":"product","link":"https:\/\/www.billigtrikotde.com\/cs\/kinder-juventus-fc-2022-23-heimtrikot-schwarz-weiss-kurzarm-kurze-hosen-chiesa-22\/","title":{"rendered":"D\u011btsk\u00fd Juventus FC 2022-23 dom\u00e1c\u00ed dres \u010dern\u00e1 b\u00edl\u00e1 kr\u00e1tk\u00fd ruk\u00e1v + kr\u00e1tk\u00e9 nohavice CHIESA 22"},"content":{"rendered":"<p>Debut se m\u016f\u017ee odehr\u00e1t v n\u011bkter\u00e9m z zb\u00fdvaj\u00edc\u00edch z\u00e1pas\u016f Serie A nebo dokonce ve fin\u00e1le Coppa Italia proti Interu \u2013 jako loni. Triko Juventus 2022-23 je od dne\u0161n\u00edho dne k dispozici u vybran\u00fdch prodejc\u016f a od 27. kv\u011btna ve v\u0161ech obchodech a bude poprv\u00e9 p\u0159edstaveno p\u0159i z\u00e1pase Serie A proti Laziu 16. kv\u011btna. [...]<\/p>\n<p>Dres Adidas Juventus 2022-23 m\u00e1 velmi unik\u00e1tn\u00ed pojet\u00ed klasick\u00fdch b\u00edl\u00fdch a \u010dern\u00fdch pruh\u016f klubu. Pruhy jsou slo\u017een\u00e9 z mal\u00fdch troj\u00faheln\u00edk\u016f. Adidas pou\u017e\u00edv\u00e1 pro dres Juventus 22-23 jednoduch\u00fd kulat\u00fd v\u00fdst\u0159ih a \u010dern\u00e9 t\u0159i pruhy. Po tom, co dresy Juventus 21-22 m\u011bly logo Jeep 4xe, p\u0159ich\u00e1z\u00ed dres Juventus 22-23 s \u201eelektrizuj\u00edc\u00edm\u201c brandingem Jeep. Obsahuje blesky.<\/p>\n<p>Tipy pro tisk: Pokud jsou jm\u00e9no a \u010d\u00edslo na obr\u00e1zku p\u0159esn\u011b takov\u00e9, jak\u00e9 chcete, nemus\u00edte je zad\u00e1vat znovu. Pokud tomu tak nen\u00ed, m\u011bli byste zadat po\u017eadovan\u00e9 jm\u00e9no a \u010d\u00edslo.<\/p>\n<p>Tipy pro pran\u00ed: Doporu\u010dujeme pr\u00e1t fotbalov\u00e1 tri\u010dka v ruce. Pokud chcete pou\u017e\u00edt pra\u010dku, nezapome\u0148te fotbalov\u00e1 tri\u010dka obr\u00e1tit naruby a pot\u00e9 je vyprat. Pra\u010dku napl\u0148te studenou vodou a pou\u017eijte jemn\u00fd cyklus, abyste l\u00e9pe ochr\u00e1nili barvy.<\/p>","protected":false},"excerpt":{"rendered":"<p>Debut se m\u016f\u017ee odehr\u00e1t v n\u011bkter\u00e9m z zb\u00fdvaj\u00edc\u00edch z\u00e1pas\u016f Serie A nebo dokonce ve fin\u00e1le Coppa Italia proti Interu \u2013 jako loni. Triko Juventus 2022-23 je od dne\u0161n\u00edho dne k dispozici u vybran\u00fdch prodejc\u016f a od 27. kv\u011btna ve v\u0161ech obchodech a bude poprv\u00e9 p\u0159edstaveno p\u0159i z\u00e1pase Serie A proti Laziu 16. kv\u011btna. [...]<\/p>","protected":false},"featured_media":6202,"comment_status":"open","ping_status":"closed","template":"","meta":[],"product_brand":[],"product_cat":[148],"product_tag":[20,38,24,276,149,94],"class_list":{"0":"post-6163","1":"product","2":"type-product","3":"status-publish","4":"has-post-thumbnail","6":"product_cat-juventus-kindertrikot","7":"product_tag-coole-fussballtrikots","8":"product_tag-fussball-trikot-langarm","9":"product_tag-guenstiges-fussballtrikot","10":"product_tag-juventus-2022-23-trikot","11":"product_tag-juventus-trikotsatz-fuer-kinder","12":"product_tag-kinder-fussball-trikotsatz","14":"first","15":"instock","16":"shipping-taxable","17":"purchasable","18":"product-type-variable"},"_links":{"self":[{"href":"https:\/\/www.billigtrikotde.com\/cs\/wp-json\/wp\/v2\/product\/6163","targetHints":{"allow":["GET"]}}],"collection":[{"href":"https:\/\/www.billigtrikotde.com\/cs\/wp-json\/wp\/v2\/product"}],"about":[{"href":"https:\/\/www.billigtrikotde.com\/cs\/wp-json\/wp\/v2\/types\/product"}],"replies":[{"embeddable":true,"href":"https:\/\/www.billigtrikotde.com\/cs\/wp-json\/wp\/v2\/comments?post=6163"}],"wp:featuredmedia":[{"embeddable":true,"href":"https:\/\/www.billigtrikotde.com\/cs\/wp-json\/wp\/v2\/media\/6202"}],"wp:attachment":[{"href":"https:\/\/www.billigtrikotde.com\/cs\/wp-json\/wp\/v2\/media?parent=6163"}],"wp:term":[{"taxonomy":"product_brand","embeddable":true,"href":"https:\/\/www.billigtrikotde.com\/cs\/wp-json\/wp\/v2\/product_brand?post=6163"},{"taxonomy":"product_cat","embeddable":true,"href":"https:\/\/www.billigtrikotde.com\/cs\/wp-json\/wp\/v2\/product_cat?post=6163"},{"taxonomy":"product_tag","embeddable":true,"href":"https:\/\/www.billigtrikotde.com\/cs\/wp-json\/wp\/v2\/product_tag?post=6163"}],"curies":[{"name":"wp","href":"https:\/\/api.w.org\/{rel}","templated":true}]}}