{"id":6103,"date":"2024-10-23T17:25:13","date_gmt":"2024-10-23T15:25:13","guid":{"rendered":"http:\/\/billigtrikots.com\/?post_type=product&#038;p=6103"},"modified":"2024-10-23T17:27:18","modified_gmt":"2024-10-23T15:27:18","slug":"kinder-manchester-city-fc-2022-23-heimtrikots-blau-kurzarm-weiss-kurze-hosen","status":"publish","type":"product","link":"https:\/\/www.billigtrikotde.com\/cs\/kinder-manchester-city-fc-2022-23-heimtrikots-blau-kurzarm-weiss-kurze-hosen\/","title":{"rendered":"D\u011btsk\u00e1 dom\u00e1c\u00ed tri\u010dka Manchester City FC 2022\/23 modr\u00e1 s kr\u00e1tk\u00fdm ruk\u00e1vem + b\u00edl\u00e9 \u0161ortky"},"content":{"rendered":"<p>Tyto \u0161ortky s norm\u00e1ln\u00edm st\u0159ihem v b\u00edl\u00e9 barv\u011b jsou u\u0161ity z lehk\u00e9ho, prody\u0161n\u00e9ho polyesterov\u00e9ho materi\u00e1lu pro chladiv\u00fd komfort. Maj\u00ed elastick\u00fd pas a nastaviteln\u00e9 \u0161\u0148\u016frky pro pohodln\u00e9 no\u0161en\u00ed a jsou vybaveny technologi\u00ed dryCELL, kter\u00e1 odv\u00e1d\u00ed pot, aby v\u00e1s udr\u017eela v suchu a sv\u011b\u017eesti. Dopl\u0148uje je logo PUMA a znak m\u011bsta na nohavici. Vhodn\u00e9 do pra\u010dky.<\/p>\n<p>Tipy pro tisk: Pokud jsou jm\u00e9no a \u010d\u00edslo na obr\u00e1zku p\u0159esn\u011b takov\u00e9, jak\u00e9 chcete, nemus\u00edte je zad\u00e1vat znovu. Pokud tomu tak nen\u00ed, m\u011bli byste zadat po\u017eadovan\u00e9 jm\u00e9no a \u010d\u00edslo.<\/p>\n<p>Tipy pro pran\u00ed: Doporu\u010dujeme pr\u00e1t fotbalov\u00e1 tri\u010dka v ruce. Pokud chcete pou\u017e\u00edt pra\u010dku, nezapome\u0148te fotbalov\u00e1 tri\u010dka obr\u00e1tit naruby a pot\u00e9 je vyprat. Pra\u010dku napl\u0148te studenou vodou a pou\u017eijte jemn\u00fd cyklus, abyste l\u00e9pe ochr\u00e1nili barvy.<\/p>","protected":false},"excerpt":{"rendered":"<p>Tyto \u0161ortky s norm\u00e1ln\u00edm st\u0159ihem v b\u00edl\u00e9 barv\u011b jsou u\u0161ity z lehk\u00e9ho, prody\u0161n\u00e9ho polyesterov\u00e9ho materi\u00e1lu pro chladiv\u00fd komfort. Maj\u00ed elastick\u00fd pas a nastaviteln\u00e9 \u0161\u0148\u016frky pro pohodln\u00e9 no\u0161en\u00ed a jsou vybaveny technologi\u00ed dryCELL, kter\u00e1 odv\u00e1d\u00ed pot, aby v\u00e1s udr\u017eela v suchu a sv\u011b\u017eesti. Dopl\u0148uje je logo PUMA a znak m\u011bsta na nohavici. Vhodn\u00e9 do pra\u010dky.<\/p>","protected":false},"featured_media":6142,"comment_status":"open","ping_status":"closed","template":"","meta":[],"product_brand":[],"product_cat":[82],"product_tag":[20,94,275,203,84,145],"class_list":{"0":"post-6103","1":"product","2":"type-product","3":"status-publish","4":"has-post-thumbnail","6":"product_cat-manchester-city","7":"product_tag-coole-fussballtrikots","8":"product_tag-kinder-fussball-trikotsatz","9":"product_tag-kinder-trikot-manchester-city","10":"product_tag-manchester-city-ausweichtrikot","11":"product_tag-manchester-city-trikots","12":"product_tag-manchester-city-trikotsatz-fuer-kinder","14":"first","15":"instock","16":"shipping-taxable","17":"purchasable","18":"product-type-variable"},"_links":{"self":[{"href":"https:\/\/www.billigtrikotde.com\/cs\/wp-json\/wp\/v2\/product\/6103","targetHints":{"allow":["GET"]}}],"collection":[{"href":"https:\/\/www.billigtrikotde.com\/cs\/wp-json\/wp\/v2\/product"}],"about":[{"href":"https:\/\/www.billigtrikotde.com\/cs\/wp-json\/wp\/v2\/types\/product"}],"replies":[{"embeddable":true,"href":"https:\/\/www.billigtrikotde.com\/cs\/wp-json\/wp\/v2\/comments?post=6103"}],"wp:featuredmedia":[{"embeddable":true,"href":"https:\/\/www.billigtrikotde.com\/cs\/wp-json\/wp\/v2\/media\/6142"}],"wp:attachment":[{"href":"https:\/\/www.billigtrikotde.com\/cs\/wp-json\/wp\/v2\/media?parent=6103"}],"wp:term":[{"taxonomy":"product_brand","embeddable":true,"href":"https:\/\/www.billigtrikotde.com\/cs\/wp-json\/wp\/v2\/product_brand?post=6103"},{"taxonomy":"product_cat","embeddable":true,"href":"https:\/\/www.billigtrikotde.com\/cs\/wp-json\/wp\/v2\/product_cat?post=6103"},{"taxonomy":"product_tag","embeddable":true,"href":"https:\/\/www.billigtrikotde.com\/cs\/wp-json\/wp\/v2\/product_tag?post=6103"}],"curies":[{"name":"wp","href":"https:\/\/api.w.org\/{rel}","templated":true}]}}