{"id":5993,"date":"2024-10-23T17:20:11","date_gmt":"2024-10-23T15:20:11","guid":{"rendered":"http:\/\/billigtrikots.com\/?post_type=product&#038;p=5993"},"modified":"2024-10-23T17:22:18","modified_gmt":"2024-10-23T15:22:18","slug":"herren-manchester-city-heimtrikot-2022-2023-blau-kurzarm-weiss-kurze-hosen","status":"publish","type":"product","link":"https:\/\/www.billigtrikotde.com\/cs\/herren-manchester-city-heimtrikot-2022-2023-blau-kurzarm-weiss-kurze-hosen\/","title":{"rendered":"P\u00e1nsk\u00e9 dom\u00e1c\u00ed tri\u010dko Manchester City 2022\/2023 modr\u00e9 s kr\u00e1tk\u00fdm ruk\u00e1vem + b\u00edl\u00e9 \u0161ortky"},"content":{"rendered":"<p>Objevte dom\u00e1c\u00ed dres Manchester City 2022\/2023. Hrd\u011b noste barvy sv\u00e9ho obl\u00edben\u00e9ho t\u00fdmu na h\u0159i\u0161ti nebo venku. Flexibiln\u00ed a lehk\u00fd dres s technologi\u00ed Puma DryCELL, od\u011bv, kter\u00fd zabra\u0148uje pocen\u00ed b\u011bhem va\u0161eho z\u00e1pasu nebo tr\u00e9ninku. Z\u016fsta\u0148te such\u00ed po sv\u00e9m zrychlen\u00ed.<\/p>\n<p>Tipy pro tisk: Pokud jsou jm\u00e9no a \u010d\u00edslo na obr\u00e1zku p\u0159esn\u011b takov\u00e9, jak\u00e9 chcete, nemus\u00edte je zad\u00e1vat znovu. Pokud tomu tak nen\u00ed, m\u011bli byste zadat po\u017eadovan\u00e9 jm\u00e9no a \u010d\u00edslo.<\/p>\n<p>Tipy pro pran\u00ed: Doporu\u010dujeme pr\u00e1t fotbalov\u00e1 tri\u010dka v ruce. Pokud chcete pou\u017e\u00edt pra\u010dku, nezapome\u0148te fotbalov\u00e1 tri\u010dka obr\u00e1tit naruby a pot\u00e9 je vyprat. Pra\u010dku napl\u0148te studenou vodou a pou\u017eijte jemn\u00fd cyklus, abyste l\u00e9pe ochr\u00e1nili barvy.<\/p>","protected":false},"excerpt":{"rendered":"<p>Entdecke das Manchester City 2022\/2023 Heimtrikot. Tragen Sie stolz die Farben Ihres Lieblingsteams auf dem Platz oder drau\u00dfen.Ein flexibles und leichtes Trikot mit Puma DryCELL-Technologie, ein Kleidungsst\u00fcck, das verhindert, dass Sie w\u00e4hrend Ihres Spiels oder Trainings schwitzen. Bleiben Sie nach Ihren Beschleunigungen trocken. Tipps zum Drucken: Wenn der Name und die Nummer auf dem Bild [&hellip;]<\/p>","protected":false},"featured_media":6025,"comment_status":"open","ping_status":"closed","template":"","meta":[],"product_brand":[],"product_cat":[82],"product_tag":[20,21,22,23,24,272,273,84],"class_list":{"0":"post-5993","1":"product","2":"type-product","3":"status-publish","4":"has-post-thumbnail","6":"product_cat-manchester-city","7":"product_tag-coole-fussballtrikots","8":"product_tag-fussballtrikot-fuer-herren","9":"product_tag-fussballtrikot-guenstig-kaufen","10":"product_tag-fussballtrikot-kurzarm","11":"product_tag-guenstiges-fussballtrikot","12":"product_tag-manchester-city-heimtrikot","13":"product_tag-manchester-city-trikot-22-23","14":"product_tag-manchester-city-trikots","16":"first","17":"instock","18":"shipping-taxable","19":"purchasable","20":"product-type-variable"},"_links":{"self":[{"href":"https:\/\/www.billigtrikotde.com\/cs\/wp-json\/wp\/v2\/product\/5993","targetHints":{"allow":["GET"]}}],"collection":[{"href":"https:\/\/www.billigtrikotde.com\/cs\/wp-json\/wp\/v2\/product"}],"about":[{"href":"https:\/\/www.billigtrikotde.com\/cs\/wp-json\/wp\/v2\/types\/product"}],"replies":[{"embeddable":true,"href":"https:\/\/www.billigtrikotde.com\/cs\/wp-json\/wp\/v2\/comments?post=5993"}],"wp:featuredmedia":[{"embeddable":true,"href":"https:\/\/www.billigtrikotde.com\/cs\/wp-json\/wp\/v2\/media\/6025"}],"wp:attachment":[{"href":"https:\/\/www.billigtrikotde.com\/cs\/wp-json\/wp\/v2\/media?parent=5993"}],"wp:term":[{"taxonomy":"product_brand","embeddable":true,"href":"https:\/\/www.billigtrikotde.com\/cs\/wp-json\/wp\/v2\/product_brand?post=5993"},{"taxonomy":"product_cat","embeddable":true,"href":"https:\/\/www.billigtrikotde.com\/cs\/wp-json\/wp\/v2\/product_cat?post=5993"},{"taxonomy":"product_tag","embeddable":true,"href":"https:\/\/www.billigtrikotde.com\/cs\/wp-json\/wp\/v2\/product_tag?post=5993"}],"curies":[{"name":"wp","href":"https:\/\/api.w.org\/{rel}","templated":true}]}}