{"id":595,"date":"2024-10-23T12:56:02","date_gmt":"2024-10-23T10:56:02","guid":{"rendered":"http:\/\/billigtrikots.com\/?post_type=product&#038;p=595"},"modified":"2024-10-23T12:57:31","modified_gmt":"2024-10-23T10:57:31","slug":"fussball-trikotsatz-psg-ausweichtrikot-2021-2022-schwarz-grau-mit-aufdruck-rafinha-12","status":"publish","type":"product","link":"https:\/\/www.billigtrikotde.com\/cs\/fussball-trikotsatz-psg-ausweichtrikot-2021-2022-schwarz-grau-mit-aufdruck-rafinha-12\/","title":{"rendered":"Fotbalov\u00e1 souprava PSG 2021\/2022 \u010dern\u00e1\/\u0161ed\u00e1 s potiskem Rafinha 12"},"content":{"rendered":"<p>Triko od Nike v \u010dern\u00e9 barv\u011b ukazuje va\u0161i bezpodm\u00edne\u010dnou l\u00e1sku a p\u0159\u00edslu\u0161nost ke sv\u00e9mu klubu. Na \u017e\u00e1dn\u00e9 fanou\u0161kovsk\u00e9 kolekci nesm\u00ed chyb\u011bt toto n\u00e1hradn\u00ed triko Paris Saint-Germain, jak\u00e9 nos\u00ed hr\u00e1\u010di v Ligue 1. Doporu\u010dujeme tento pohodln\u00fd, prody\u0161n\u00fd, odv\u00e1d\u011bj\u00edc\u00ed pot a lehk\u00fd model s p\u0159\u00edjemn\u00fdm pocitem p\u0159i no\u0161en\u00ed. Toto triko je ide\u00e1ln\u00edm spole\u010dn\u00edkem pro va\u0161e sportovn\u00ed aktivity. Vy\u010dn\u00edv\u00e1 vizu\u00e1ln\u011b s klubov\u00fdm znakem na hrudi.<\/p>\n<p>Tipy pro tisk: Pokud jsou jm\u00e9no a \u010d\u00edslo na obr\u00e1zku p\u0159esn\u011b takov\u00e9, jak\u00e9 chcete, nemus\u00edte je zad\u00e1vat znovu. Pokud tomu tak nen\u00ed, m\u011bli byste zadat po\u017eadovan\u00e9 jm\u00e9no a \u010d\u00edslo.<\/p>\n<p>Tipy pro pran\u00ed: Doporu\u010dujeme pr\u00e1t fotbalov\u00e1 tri\u010dka v ruce. Pokud chcete pou\u017e\u00edt pra\u010dku, nezapome\u0148te fotbalov\u00e1 tri\u010dka obr\u00e1tit naruby a pot\u00e9 je vyprat. Pra\u010dku napl\u0148te studenou vodou a pou\u017eijte jemn\u00fd cyklus, abyste l\u00e9pe ochr\u00e1nili barvy.<\/p>","protected":false},"excerpt":{"rendered":"<p>Das Trikot von Nike in Schwarz zeigt deine bedingungslose Liebe und Zugeh\u00f6rigkeit zu deinem Verein. In keiner Fan-Kollektion darf dieses Paris Saint-Germain-Ausweich-Trikot, wie es die Spieler in der Ligue 1 tragen, fehlen. Wir empfehlen dieses bequeme, atmungsaktive, schwei\u00dfableitende und leichte Modell mit dem angenehmen Tragegef\u00fchl. Dieses Trikot ist der ideale Begleiter f\u00fcr deine sportlichen Aktivit\u00e4ten. [&hellip;]<\/p>","protected":false},"featured_media":627,"comment_status":"open","ping_status":"closed","template":"","meta":[],"product_brand":[],"product_cat":[39],"product_tag":[20,21,22,23,24,42,41],"class_list":{"0":"post-595","1":"product","2":"type-product","3":"status-publish","4":"has-post-thumbnail","6":"product_cat-paris-saint-germain","7":"product_tag-coole-fussballtrikots","8":"product_tag-fussballtrikot-fuer-herren","9":"product_tag-fussballtrikot-guenstig-kaufen","10":"product_tag-fussballtrikot-kurzarm","11":"product_tag-guenstiges-fussballtrikot","12":"product_tag-paris-saint-germain-ausweichtrikot","13":"product_tag-paris-saint-germain-trikots","15":"first","16":"instock","17":"shipping-taxable","18":"purchasable","19":"product-type-variable"},"_links":{"self":[{"href":"https:\/\/www.billigtrikotde.com\/cs\/wp-json\/wp\/v2\/product\/595","targetHints":{"allow":["GET"]}}],"collection":[{"href":"https:\/\/www.billigtrikotde.com\/cs\/wp-json\/wp\/v2\/product"}],"about":[{"href":"https:\/\/www.billigtrikotde.com\/cs\/wp-json\/wp\/v2\/types\/product"}],"replies":[{"embeddable":true,"href":"https:\/\/www.billigtrikotde.com\/cs\/wp-json\/wp\/v2\/comments?post=595"}],"wp:featuredmedia":[{"embeddable":true,"href":"https:\/\/www.billigtrikotde.com\/cs\/wp-json\/wp\/v2\/media\/627"}],"wp:attachment":[{"href":"https:\/\/www.billigtrikotde.com\/cs\/wp-json\/wp\/v2\/media?parent=595"}],"wp:term":[{"taxonomy":"product_brand","embeddable":true,"href":"https:\/\/www.billigtrikotde.com\/cs\/wp-json\/wp\/v2\/product_brand?post=595"},{"taxonomy":"product_cat","embeddable":true,"href":"https:\/\/www.billigtrikotde.com\/cs\/wp-json\/wp\/v2\/product_cat?post=595"},{"taxonomy":"product_tag","embeddable":true,"href":"https:\/\/www.billigtrikotde.com\/cs\/wp-json\/wp\/v2\/product_tag?post=595"}],"curies":[{"name":"wp","href":"https:\/\/api.w.org\/{rel}","templated":true}]}}