{"id":5863,"date":"2024-10-23T17:14:06","date_gmt":"2024-10-23T15:14:06","guid":{"rendered":"http:\/\/billigtrikots.com\/?post_type=product&#038;p=5863"},"modified":"2025-06-16T16:03:48","modified_gmt":"2025-06-16T14:03:48","slug":"herren-juventus-2022-23-heimtrikot-schwarz-weiss-kaufen-mit-aufdruck-d-costa-11","status":"publish","type":"product","link":"https:\/\/www.billigtrikotde.com\/cs\/herren-juventus-2022-23-heimtrikot-schwarz-weiss-kaufen-mit-aufdruck-d-costa-11\/","title":{"rendered":"P\u00e1nsk\u00fd dom\u00e1c\u00ed dres Juventus 2022-23 \u010cern\u00e1 B\u00edl\u00e1 s potiskem D.COSTA 11"},"content":{"rendered":"<p>Triko Adidas Juventus 2022-23 m\u00e1 zcela vlastn\u00ed interpretaci klasick\u00fdch b\u00edl\u00fdch a \u010dern\u00fdch pruh\u016f klubu. Pruhy jsou slo\u017eeny z mal\u00fdch troj\u00faheln\u00edk\u016f. Adidas pro triko Juventus 22-23 pou\u017e\u00edv\u00e1 jednoduch\u00fd kulat\u00fd v\u00fdst\u0159ih a \u010dern\u00e9 t\u0159i pruhy. Pot\u00e9, co byla trika Juventus 21-22 vybavena logem Jeep 4xe, p\u0159ich\u00e1z\u00ed triko Juventus 22-23 s \u201eelektrifikovan\u00fdm\u201c brandingem Jeep. Obsahuje blesky.<\/p>\n<p>Tipy pro tisk: Pokud jsou jm\u00e9no a \u010d\u00edslo na obr\u00e1zku p\u0159esn\u011b takov\u00e9, jak\u00e9 chcete, nemus\u00edte je zad\u00e1vat znovu. Pokud tomu tak nen\u00ed, m\u011bli byste zadat po\u017eadovan\u00e9 jm\u00e9no a \u010d\u00edslo.<\/p>\n<p>Tipy pro pran\u00ed: Doporu\u010dujeme pr\u00e1t fotbalov\u00e1 tri\u010dka v ruce. Pokud chcete pou\u017e\u00edt pra\u010dku, nezapome\u0148te fotbalov\u00e1 tri\u010dka obr\u00e1tit naruby a pot\u00e9 je vyprat. Pra\u010dku napl\u0148te studenou vodou a pou\u017eijte jemn\u00fd cyklus, abyste l\u00e9pe ochr\u00e1nili barvy.<\/p>","protected":false},"excerpt":{"rendered":"<p>Das Adidas Juventus 2022-23 Trikot hat eine ganz eigene Interpretation der klassischen wei\u00dfen und schwarzen Streifen des Vereins. Die Streifen setzen sich aus kleinen Dreiecken zusammen.Adidas verwendet f\u00fcr das Juventus Trikot 22-23 einen einfachen Rundhalskragen und schwarze Drei Streifen. Nachdem die Juventus Trikots 21-22 mit dem Jeep 4xe Logo ausgestattet waren, kommt das Juventus Trikot [&hellip;]<\/p>","protected":false},"featured_media":5902,"comment_status":"open","ping_status":"closed","template":"","meta":[],"product_brand":[],"product_cat":[59],"product_tag":[20,38,43,21,22,24,265,266],"class_list":{"0":"post-5863","1":"product","2":"type-product","3":"status-publish","4":"has-post-thumbnail","6":"product_cat-juventus","7":"product_tag-coole-fussballtrikots","8":"product_tag-fussball-trikot-langarm","9":"product_tag-fussballkleidung","10":"product_tag-fussballtrikot-fuer-herren","11":"product_tag-fussballtrikot-guenstig-kaufen","12":"product_tag-guenstiges-fussballtrikot","13":"product_tag-juventus-2022-23-heimtrikot","14":"product_tag-juventus-trikots-set","16":"first","17":"instock","18":"shipping-taxable","19":"purchasable","20":"product-type-variable"},"_links":{"self":[{"href":"https:\/\/www.billigtrikotde.com\/cs\/wp-json\/wp\/v2\/product\/5863","targetHints":{"allow":["GET"]}}],"collection":[{"href":"https:\/\/www.billigtrikotde.com\/cs\/wp-json\/wp\/v2\/product"}],"about":[{"href":"https:\/\/www.billigtrikotde.com\/cs\/wp-json\/wp\/v2\/types\/product"}],"replies":[{"embeddable":true,"href":"https:\/\/www.billigtrikotde.com\/cs\/wp-json\/wp\/v2\/comments?post=5863"}],"wp:featuredmedia":[{"embeddable":true,"href":"https:\/\/www.billigtrikotde.com\/cs\/wp-json\/wp\/v2\/media\/5902"}],"wp:attachment":[{"href":"https:\/\/www.billigtrikotde.com\/cs\/wp-json\/wp\/v2\/media?parent=5863"}],"wp:term":[{"taxonomy":"product_brand","embeddable":true,"href":"https:\/\/www.billigtrikotde.com\/cs\/wp-json\/wp\/v2\/product_brand?post=5863"},{"taxonomy":"product_cat","embeddable":true,"href":"https:\/\/www.billigtrikotde.com\/cs\/wp-json\/wp\/v2\/product_cat?post=5863"},{"taxonomy":"product_tag","embeddable":true,"href":"https:\/\/www.billigtrikotde.com\/cs\/wp-json\/wp\/v2\/product_tag?post=5863"}],"curies":[{"name":"wp","href":"https:\/\/api.w.org\/{rel}","templated":true}]}}