{"id":5815,"date":"2024-10-23T17:11:50","date_gmt":"2024-10-23T15:11:50","guid":{"rendered":"http:\/\/billigtrikots.com\/?post_type=product&#038;p=5815"},"modified":"2024-10-23T17:13:58","modified_gmt":"2024-10-23T15:13:58","slug":"herren-kroatien-heimtrikot-wm-2022-weiss-rot-kaufen-kurzarm-kurze-hosen-rebic-17","status":"publish","type":"product","link":"https:\/\/www.billigtrikotde.com\/cs\/herren-kroatien-heimtrikot-wm-2022-weiss-rot-kaufen-kurzarm-kurze-hosen-rebic-17\/","title":{"rendered":"P\u00e1nsk\u00e9 dom\u00e1c\u00ed dresy Chorvatsko MS-2022 b\u00edl\u00e9 \u010derven\u00e9 koupit kr\u00e1tk\u00fd ruk\u00e1v + kr\u00e1tk\u00e9 kalhoty REBIC #17"},"content":{"rendered":"<p>Obdr\u017eeli jsme nov\u00e9 informace o dresu Chorvatska na mistrovstv\u00ed sv\u011bta 2022. Barva Swoosh \u201eBattle Blue\u201c je ve skute\u010dnosti kr\u00e1lovsk\u00e1 mod\u0159. Vytvo\u0159ili jsme maketu mo\u017en\u00e9ho kompletn\u00edho vzhledu, kter\u00fd je zalo\u017een na \u0161ablon\u011b Nike pro MS 2022 a inspirov\u00e1n unikl\u00fdmi dresy 22-23.<\/p>\n<p>Dres Nike Chorvatsko 2022 kombinuje pouze dv\u011b hlavn\u00ed barvy v intern\u00edch datech Nike \u2013 b\u00edlou a Battle Blue. Chyb\u00ed \u010derven\u00e1, kter\u00e1 je pou\u017eita pro slavn\u00fd kostkovan\u00fd vzor. Dres Barcelona 22-23 v datech Nike tak\u00e9 nem\u00e1 \u010dervenou \u2013 je pouze \u201eObsidi\u00e1n \/ Sezam\u201c. Kone\u010dn\u00fd dres Barcelona 22-23 je \u010derven\u00fd, n\u00e1mo\u0159nick\u00fd modr\u00fd a pruhovan\u00fd modr\u00fd. Battle Blue je ve skute\u010dnosti nov\u00e1 barva pro Chorvatsko. Je to o n\u011bco sv\u011btlej\u0161\u00ed kr\u00e1lovsk\u00e1 mod\u0159 ne\u017e modr\u00e1 st\u00e1vaj\u00edc\u00edch dom\u00e1c\u00edch dres\u016f.<br \/>\nZd\u00e1 se b\u00fdt jist\u00e9, \u017ee hlavn\u00ed barvou bude b\u00edl\u00e1 a Battle Blue bude pou\u017eit pro loga. Stejn\u011b jako u dresu Barcelony by mohly b\u00fdt ruk\u00e1vy jednobarevn\u00e9 (b\u00edl\u00e9).<\/p>\n<p>Tipy pro tisk: Pokud jsou jm\u00e9no a \u010d\u00edslo na obr\u00e1zku p\u0159esn\u011b takov\u00e9, jak\u00e9 chcete, nemus\u00edte je zad\u00e1vat znovu. Pokud tomu tak nen\u00ed, m\u011bli byste zadat po\u017eadovan\u00e9 jm\u00e9no a \u010d\u00edslo.<\/p>\n<p>Tipy pro pran\u00ed: Doporu\u010dujeme pr\u00e1t fotbalov\u00e1 tri\u010dka v ruce. Pokud chcete pou\u017e\u00edt pra\u010dku, nezapome\u0148te fotbalov\u00e1 tri\u010dka obr\u00e1tit naruby a pot\u00e9 je vyprat. Pra\u010dku napl\u0148te studenou vodou a pou\u017eijte jemn\u00fd cyklus, abyste l\u00e9pe ochr\u00e1nili barvy.<\/p>","protected":false},"excerpt":{"rendered":"<p>Obdr\u017eeli jsme nov\u00e9 informace o dresu Chorvatska na Mistrovstv\u00ed sv\u011bta 2022. Barva Swoosh \u201eBattle Blue\u201c je ve skute\u010dnosti kr\u00e1lovsk\u00e1 mod\u0159. Vytvo\u0159ili jsme maketu mo\u017en\u00e9ho kompletn\u00edho vzhledu, kter\u00fd je zalo\u017een na \u0161ablon\u011b Nike pro Mistrovstv\u00ed sv\u011bta 2022 a inspirovan\u00fd unikl\u00fdmi dresy 22-23. Dres Nike Chorvatsko 2022 kombinuje pouze [\u2026]<\/p>","protected":false},"featured_media":5854,"comment_status":"open","ping_status":"closed","template":"","meta":[],"product_brand":[],"product_cat":[261],"product_tag":[20,35,21,22,23,24,262,263,264],"class_list":{"0":"post-5815","1":"product","2":"type-product","3":"status-publish","4":"has-post-thumbnail","6":"product_cat-kroatien-trikots","7":"product_tag-coole-fussballtrikots","8":"product_tag-fussball-torwarttrikots","9":"product_tag-fussballtrikot-fuer-herren","10":"product_tag-fussballtrikot-guenstig-kaufen","11":"product_tag-fussballtrikot-kurzarm","12":"product_tag-guenstiges-fussballtrikot","13":"product_tag-kroatien-heimtrikot","14":"product_tag-kroatien-trikot-herren","15":"product_tag-kroatien-trikots","17":"first","18":"instock","19":"shipping-taxable","20":"purchasable","21":"product-type-variable"},"_links":{"self":[{"href":"https:\/\/www.billigtrikotde.com\/cs\/wp-json\/wp\/v2\/product\/5815","targetHints":{"allow":["GET"]}}],"collection":[{"href":"https:\/\/www.billigtrikotde.com\/cs\/wp-json\/wp\/v2\/product"}],"about":[{"href":"https:\/\/www.billigtrikotde.com\/cs\/wp-json\/wp\/v2\/types\/product"}],"replies":[{"embeddable":true,"href":"https:\/\/www.billigtrikotde.com\/cs\/wp-json\/wp\/v2\/comments?post=5815"}],"wp:featuredmedia":[{"embeddable":true,"href":"https:\/\/www.billigtrikotde.com\/cs\/wp-json\/wp\/v2\/media\/5854"}],"wp:attachment":[{"href":"https:\/\/www.billigtrikotde.com\/cs\/wp-json\/wp\/v2\/media?parent=5815"}],"wp:term":[{"taxonomy":"product_brand","embeddable":true,"href":"https:\/\/www.billigtrikotde.com\/cs\/wp-json\/wp\/v2\/product_brand?post=5815"},{"taxonomy":"product_cat","embeddable":true,"href":"https:\/\/www.billigtrikotde.com\/cs\/wp-json\/wp\/v2\/product_cat?post=5815"},{"taxonomy":"product_tag","embeddable":true,"href":"https:\/\/www.billigtrikotde.com\/cs\/wp-json\/wp\/v2\/product_tag?post=5815"}],"curies":[{"name":"wp","href":"https:\/\/api.w.org\/{rel}","templated":true}]}}