{"id":5779,"date":"2024-10-23T17:10:12","date_gmt":"2024-10-23T15:10:12","guid":{"rendered":"http:\/\/billigtrikots.com\/?post_type=product&#038;p=5779"},"modified":"2024-10-23T17:12:16","modified_gmt":"2024-10-23T15:12:16","slug":"pique-3-fc-barcelona-2020-2021-ausweichtrikot-set-rosa-kurzarm-schwarz-kurze-hosen","status":"publish","type":"product","link":"https:\/\/www.billigtrikotde.com\/cs\/pique-3-fc-barcelona-2020-2021-ausweichtrikot-set-rosa-kurzarm-schwarz-kurze-hosen\/","title":{"rendered":"PIQUE 3 FC Barcelona 2020-2021 sada dres\u016f r\u016f\u017eov\u00e1 s kr\u00e1tk\u00fdm ruk\u00e1vem + \u010dern\u00e9 \u0161ortky"},"content":{"rendered":"<p>Nov\u00fd dres Barcelony 2020-21 kombinuje r\u016f\u017eov\u00fd z\u00e1klad (ofici\u00e1ln\u011b \u201ePink Beam\u201c) s \u010dernou a modrozelenou pro loga a ozdoby, co\u017e je inspirov\u00e1no mo\u0159em a pl\u00e1\u017e\u00ed m\u011bsta. Zat\u00edmco Barcelona m\u011bla v pr\u016fb\u011bhu let mnoho r\u016f\u017eov\u00fdch dres\u016f (nap\u0159\u00edklad t\u0159et\u00ed dres 2018\/19), v\u011bt\u0161inou \u0161lo o sm\u011bs r\u016f\u017eov\u00e9 a oran\u017eov\u00e9, p\u0159i\u010dem\u017e dres FC Barcelona 2020-21 bude prvn\u00edm opravdu r\u016f\u017eov\u00fdm dresem pro klub.<br \/>\nJak l\u00edmec, tak man\u017eety jsou polovi\u010dn\u011b \u010dern\u00e9 a polovi\u010dn\u011b modrozelen\u00e9. Swoosh na prav\u00e9 stran\u011b hrudi nov\u00e9ho dresu na z\u00e1pasov\u00e9 v\u00fdm\u011bny je \u010dern\u00fd, \u010d\u00edm\u017e je dopln\u011bn jednoduch\u00fd a p\u0159esto neobvykl\u00fd vzhled. Na prot\u011bj\u0161\u00ed stran\u011b je \u010derno-modrozelen\u00e1 verze klubov\u00e9ho znaku. Na horn\u00ed zadn\u00ed stran\u011b se nach\u00e1z\u00ed detail katal\u00e1nsk\u00e9 vlajky.<\/p>\n<p>Tipy pro tisk: Pokud jsou jm\u00e9no a \u010d\u00edslo na obr\u00e1zku p\u0159esn\u011b takov\u00e9, jak\u00e9 chcete, nemus\u00edte je zad\u00e1vat znovu. Pokud tomu tak nen\u00ed, m\u011bli byste zadat po\u017eadovan\u00e9 jm\u00e9no a \u010d\u00edslo.<\/p>\n<p>Tipy pro pran\u00ed: Doporu\u010dujeme pr\u00e1t fotbalov\u00e1 tri\u010dka v ruce. Pokud chcete pou\u017e\u00edt pra\u010dku, nezapome\u0148te fotbalov\u00e1 tri\u010dka obr\u00e1tit naruby a pot\u00e9 je vyprat. Pra\u010dku napl\u0148te studenou vodou a pou\u017eijte jemn\u00fd cyklus, abyste l\u00e9pe ochr\u00e1nili barvy.<\/p>","protected":false},"excerpt":{"rendered":"<p>Das neue Barcelona 2020-21 Trikot kombiniert eine rosa (offiziell \u201ePink Beam\u201c) Grundlage mit Schwarz und Blaugr\u00fcn f\u00fcr Logos und Verzierungen, was von Meer und Strand der Stadt inspiriert ist.W\u00e4hrend Barcelona im Laufe der Jahre viele rosa Trikots hatte (wie z.B. das Third 2018\/19), waren sie meist eine Mischung aus rosa und orange, wobei das FC [&hellip;]<\/p>","protected":false},"featured_media":5818,"comment_status":"open","ping_status":"closed","template":"","meta":[],"product_brand":[],"product_cat":[146],"product_tag":[260,147,20,33,35,21,22,23,24,94],"class_list":{"0":"post-5779","1":"product","2":"type-product","3":"status-publish","4":"has-post-thumbnail","6":"product_cat-barcelona-kindertrikot","7":"product_tag-barcelona-ausweichtrikot","8":"product_tag-barcelona-trikotsatz-fuer-kinder","9":"product_tag-coole-fussballtrikots","10":"product_tag-fc-barcelona-trikots","11":"product_tag-fussball-torwarttrikots","12":"product_tag-fussballtrikot-fuer-herren","13":"product_tag-fussballtrikot-guenstig-kaufen","14":"product_tag-fussballtrikot-kurzarm","15":"product_tag-guenstiges-fussballtrikot","16":"product_tag-kinder-fussball-trikotsatz","18":"first","19":"instock","20":"shipping-taxable","21":"purchasable","22":"product-type-variable"},"_links":{"self":[{"href":"https:\/\/www.billigtrikotde.com\/cs\/wp-json\/wp\/v2\/product\/5779","targetHints":{"allow":["GET"]}}],"collection":[{"href":"https:\/\/www.billigtrikotde.com\/cs\/wp-json\/wp\/v2\/product"}],"about":[{"href":"https:\/\/www.billigtrikotde.com\/cs\/wp-json\/wp\/v2\/types\/product"}],"replies":[{"embeddable":true,"href":"https:\/\/www.billigtrikotde.com\/cs\/wp-json\/wp\/v2\/comments?post=5779"}],"wp:featuredmedia":[{"embeddable":true,"href":"https:\/\/www.billigtrikotde.com\/cs\/wp-json\/wp\/v2\/media\/5818"}],"wp:attachment":[{"href":"https:\/\/www.billigtrikotde.com\/cs\/wp-json\/wp\/v2\/media?parent=5779"}],"wp:term":[{"taxonomy":"product_brand","embeddable":true,"href":"https:\/\/www.billigtrikotde.com\/cs\/wp-json\/wp\/v2\/product_brand?post=5779"},{"taxonomy":"product_cat","embeddable":true,"href":"https:\/\/www.billigtrikotde.com\/cs\/wp-json\/wp\/v2\/product_cat?post=5779"},{"taxonomy":"product_tag","embeddable":true,"href":"https:\/\/www.billigtrikotde.com\/cs\/wp-json\/wp\/v2\/product_tag?post=5779"}],"curies":[{"name":"wp","href":"https:\/\/api.w.org\/{rel}","templated":true}]}}