{"id":5765,"date":"2024-10-23T17:09:37","date_gmt":"2024-10-23T15:09:37","guid":{"rendered":"http:\/\/billigtrikots.com\/?post_type=product&#038;p=5765"},"modified":"2024-10-23T17:11:42","modified_gmt":"2024-10-23T15:11:42","slug":"spanien-heimtrikot-wm-2022-rot-trikotsatz-kurzarm-kurze-hosen-mit-aufdruck-adama-20","status":"publish","type":"product","link":"https:\/\/www.billigtrikotde.com\/cs\/spanien-heimtrikot-wm-2022-rot-trikotsatz-kurzarm-kurze-hosen-mit-aufdruck-adama-20\/","title":{"rendered":"\u0160pan\u011blsko dom\u00e1c\u00ed dres MS 2022 \u010derven\u00e9 sada dres\u016f kr\u00e1tk\u00fd ruk\u00e1v + kr\u00e1tk\u00e9 kalhoty s potiskem ADAMA 20"},"content":{"rendered":"<p>Zhruba od l\u00e9ta 2022 bude \u0161pan\u011blsk\u00e1 fotbalov\u00e1 reprezentace pou\u017e\u00edvat nov\u00e9 logo. P\u0159edstavili jsme si, jak by mohly vypadat dresy \u0160pan\u011blska s nov\u00fdm logem. Nov\u00e1 loga RFEF (\u0160pan\u011blsk\u00fd fotbalov\u00fd svaz) a \u0161pan\u011blsk\u00e9 fotbalov\u00e9 reprezentace byla zve\u0159ejn\u011bna v b\u0159eznu 2021. Poprv\u00e9 budou pou\u017eita na dresech \u0161pan\u011blsk\u00e9 fotbalov\u00e9 reprezentace na Mistrovstv\u00ed sv\u011bta 2022 [\u2026]<\/p>\n<p>Tipy pro tisk: Pokud jsou jm\u00e9no a \u010d\u00edslo na obr\u00e1zku p\u0159esn\u011b takov\u00e9, jak\u00e9 chcete, nemus\u00edte je zad\u00e1vat znovu. Pokud tomu tak nen\u00ed, m\u011bli byste zadat po\u017eadovan\u00e9 jm\u00e9no a \u010d\u00edslo.<\/p>\n<p>Tipy pro pran\u00ed: Doporu\u010dujeme pr\u00e1t fotbalov\u00e1 tri\u010dka v ruce. Pokud chcete pou\u017e\u00edt pra\u010dku, nezapome\u0148te fotbalov\u00e1 tri\u010dka obr\u00e1tit naruby a pot\u00e9 je vyprat. Pra\u010dku napl\u0148te studenou vodou a pou\u017eijte jemn\u00fd cyklus, abyste l\u00e9pe ochr\u00e1nili barvy.<\/p>","protected":false},"excerpt":{"rendered":"<p>Zhruba od l\u00e9ta 2022 bude \u0161pan\u011blsk\u00e1 fotbalov\u00e1 reprezentace pou\u017e\u00edvat nov\u00e9 logo. P\u0159edstavili jsme si, jak by mohly vypadat dresy \u0160pan\u011blska s nov\u00fdm logem. Nov\u00e1 loga RFEF (\u0160pan\u011blsk\u00fd fotbalov\u00fd svaz) a \u0161pan\u011blsk\u00e9 fotbalov\u00e9 reprezentace byla zve\u0159ejn\u011bna v b\u0159eznu 2021. Poprv\u00e9 budou pou\u017eita na dresech \u0161pan\u011blsk\u00e9 fotbalov\u00e9 reprezentace na Mistrovstv\u00ed sv\u011bta 2022 [\u2026]<\/p>","protected":false},"featured_media":5797,"comment_status":"open","ping_status":"closed","template":"","meta":[],"product_brand":[],"product_cat":[131],"product_tag":[20,21,22,23,24,258,259],"class_list":{"0":"post-5765","1":"product","2":"type-product","3":"status-publish","4":"has-post-thumbnail","6":"product_cat-spanien-trikots","7":"product_tag-coole-fussballtrikots","8":"product_tag-fussballtrikot-fuer-herren","9":"product_tag-fussballtrikot-guenstig-kaufen","10":"product_tag-fussballtrikot-kurzarm","11":"product_tag-guenstiges-fussballtrikot","12":"product_tag-spanien-heimtrikot-wm-2022","13":"product_tag-spanien-heimtrikot-spanien-trikot-schwarz","15":"first","16":"instock","17":"shipping-taxable","18":"purchasable","19":"product-type-variable"},"_links":{"self":[{"href":"https:\/\/www.billigtrikotde.com\/cs\/wp-json\/wp\/v2\/product\/5765","targetHints":{"allow":["GET"]}}],"collection":[{"href":"https:\/\/www.billigtrikotde.com\/cs\/wp-json\/wp\/v2\/product"}],"about":[{"href":"https:\/\/www.billigtrikotde.com\/cs\/wp-json\/wp\/v2\/types\/product"}],"replies":[{"embeddable":true,"href":"https:\/\/www.billigtrikotde.com\/cs\/wp-json\/wp\/v2\/comments?post=5765"}],"wp:featuredmedia":[{"embeddable":true,"href":"https:\/\/www.billigtrikotde.com\/cs\/wp-json\/wp\/v2\/media\/5797"}],"wp:attachment":[{"href":"https:\/\/www.billigtrikotde.com\/cs\/wp-json\/wp\/v2\/media?parent=5765"}],"wp:term":[{"taxonomy":"product_brand","embeddable":true,"href":"https:\/\/www.billigtrikotde.com\/cs\/wp-json\/wp\/v2\/product_brand?post=5765"},{"taxonomy":"product_cat","embeddable":true,"href":"https:\/\/www.billigtrikotde.com\/cs\/wp-json\/wp\/v2\/product_cat?post=5765"},{"taxonomy":"product_tag","embeddable":true,"href":"https:\/\/www.billigtrikotde.com\/cs\/wp-json\/wp\/v2\/product_tag?post=5765"}],"curies":[{"name":"wp","href":"https:\/\/api.w.org\/{rel}","templated":true}]}}