{"id":5705,"date":"2024-10-23T17:06:55","date_gmt":"2024-10-23T15:06:55","guid":{"rendered":"http:\/\/billigtrikots.com\/?post_type=product&#038;p=5705"},"modified":"2024-10-23T17:08:57","modified_gmt":"2024-10-23T15:08:57","slug":"anpassbare-name-und-nummer-wales-heimtrikots-2022-rot-trikotsatz-kurzarm-kurze-hosen","status":"publish","type":"product","link":"https:\/\/www.billigtrikotde.com\/cs\/anpassbare-name-und-nummer-wales-heimtrikots-2022-rot-trikotsatz-kurzarm-kurze-hosen\/","title":{"rendered":"P\u0159izp\u016fsobiteln\u00e9 jm\u00e9no a \u010d\u00edslo Wales dom\u00e1c\u00ed dresy 2022 \u010derven\u00e1 sada dres\u016f kr\u00e1tk\u00fd ruk\u00e1v + kr\u00e1tk\u00e9 kalhoty"},"content":{"rendered":"<p>Wales nepostoupilo do kvalifikace na UEFA \u017deny Evropsk\u00e9 \u0161ampion\u00e1tu 2022 pot\u00e9, co v jej\u00ed skupin\u011b skon\u010dilo t\u0159et\u00ed za Norvykou a Severn\u00edm Irskem. P\u0159esto n\u00e1m dresy Walesu \u017een 2022 d\u00e1vaj\u00ed p\u0159edstavu o tom, co m\u016f\u017eeme od Adidas dres\u016f pro turnaj o\u010dek\u00e1vat. Adidas Wales 2022 dom\u00e1c\u00ed dres pro \u017eeny m\u00e1 jasn\u00fd \u010derven\u00fd design s b\u00edl\u00fdmi a zelen\u00fdmi zakon\u010den\u00edmi u l\u00edmce a ruk\u00e1v\u016f. Loga Adidas a Wales jsou uprost\u0159ed.<\/p>\n<p>Tipy pro tisk: Pokud jsou jm\u00e9no a \u010d\u00edslo na obr\u00e1zku p\u0159esn\u011b takov\u00e9, jak\u00e9 chcete, nemus\u00edte je zad\u00e1vat znovu. Pokud tomu tak nen\u00ed, m\u011bli byste zadat po\u017eadovan\u00e9 jm\u00e9no a \u010d\u00edslo.<\/p>\n<p>Tipy pro pran\u00ed: Doporu\u010dujeme pr\u00e1t fotbalov\u00e1 tri\u010dka v ruce. Pokud chcete pou\u017e\u00edt pra\u010dku, nezapome\u0148te fotbalov\u00e1 tri\u010dka obr\u00e1tit naruby a pot\u00e9 je vyprat. Pra\u010dku napl\u0148te studenou vodou a pou\u017eijte jemn\u00fd cyklus, abyste l\u00e9pe ochr\u00e1nili barvy.<\/p>","protected":false},"excerpt":{"rendered":"<p>Wales verpasste die Qualifikation f\u00fcr die UEFA-Frauen-Europameisterschaft 2022, nachdem es in seiner Gruppe hinter Norwegen und Nordirland Dritter wurde. Trotzdem gibt uns das Trikot der Frauen von Wales 2022 einen Eindruck davon, was wir von den Adidas-Trikots f\u00fcr das Turnier erwarten k\u00f6nnen.Das Adidas Wales 2022 Heim trikot f\u00fcr Frauen hat ein klares Design in Rot [&hellip;]<\/p>","protected":false},"featured_media":5737,"comment_status":"open","ping_status":"closed","template":"","meta":[],"product_brand":[],"product_cat":[255],"product_tag":[20,21,22,23,24,256,257],"class_list":{"0":"post-5705","1":"product","2":"type-product","3":"status-publish","4":"has-post-thumbnail","6":"product_cat-wales-trikots","7":"product_tag-coole-fussballtrikots","8":"product_tag-fussballtrikot-fuer-herren","9":"product_tag-fussballtrikot-guenstig-kaufen","10":"product_tag-fussballtrikot-kurzarm","11":"product_tag-guenstiges-fussballtrikot","12":"product_tag-wales-2022-trikot","13":"product_tag-wales-trikots","15":"first","16":"instock","17":"shipping-taxable","18":"purchasable","19":"product-type-variable"},"_links":{"self":[{"href":"https:\/\/www.billigtrikotde.com\/cs\/wp-json\/wp\/v2\/product\/5705","targetHints":{"allow":["GET"]}}],"collection":[{"href":"https:\/\/www.billigtrikotde.com\/cs\/wp-json\/wp\/v2\/product"}],"about":[{"href":"https:\/\/www.billigtrikotde.com\/cs\/wp-json\/wp\/v2\/types\/product"}],"replies":[{"embeddable":true,"href":"https:\/\/www.billigtrikotde.com\/cs\/wp-json\/wp\/v2\/comments?post=5705"}],"wp:featuredmedia":[{"embeddable":true,"href":"https:\/\/www.billigtrikotde.com\/cs\/wp-json\/wp\/v2\/media\/5737"}],"wp:attachment":[{"href":"https:\/\/www.billigtrikotde.com\/cs\/wp-json\/wp\/v2\/media?parent=5705"}],"wp:term":[{"taxonomy":"product_brand","embeddable":true,"href":"https:\/\/www.billigtrikotde.com\/cs\/wp-json\/wp\/v2\/product_brand?post=5705"},{"taxonomy":"product_cat","embeddable":true,"href":"https:\/\/www.billigtrikotde.com\/cs\/wp-json\/wp\/v2\/product_cat?post=5705"},{"taxonomy":"product_tag","embeddable":true,"href":"https:\/\/www.billigtrikotde.com\/cs\/wp-json\/wp\/v2\/product_tag?post=5705"}],"curies":[{"name":"wp","href":"https:\/\/api.w.org\/{rel}","templated":true}]}}