{"id":553,"date":"2024-10-23T12:54:23","date_gmt":"2024-10-23T10:54:23","guid":{"rendered":"http:\/\/billigtrikots.com\/?post_type=product&#038;p=553"},"modified":"2024-10-23T12:55:57","modified_gmt":"2024-10-23T10:55:57","slug":"fc-barcelona-samuel-umtiti23-herren-home-fussballtrikot-langarm-kurze-hosen","status":"publish","type":"product","link":"https:\/\/www.billigtrikotde.com\/cs\/fc-barcelona-samuel-umtiti23-herren-home-fussballtrikot-langarm-kurze-hosen\/","title":{"rendered":"FC Barcelona Samuel Umtiti23# p\u00e1nsk\u00e9 dom\u00e1c\u00ed fotbalov\u00e9 tri\u010dko s dlouh\u00fdm ruk\u00e1vem + kr\u00e1tk\u00e9 kalhoty"},"content":{"rendered":"<p>Mit dem schwei\u00dfableitenden Modell in Blau zeigst du deine bedingungslose Liebe zu deinem Verein. Nike ver\u00f6ffentlicht mit dem Trikot ein wahrhaft einmaliges Produkt. Jeder wahre FC Barcelona-Supporter braucht dieses Heim-Trikot, denn auch die Spieler tragen es in der Primera Division. Das schwei\u00dfableitende, atmungsaktive, super bequeme und leichte Modell \u00fcberzeugt auf ganzer Linie. Die tolle Optik dieses Sporttops wird unterstrichen durch ein Vereinswappen auf der Brust. So bist du noch leistungsf\u00e4higer und kannst in jeder Einheit alles geben. Setze mit diesem blauen Sporttop mit gestreifter Optik ein Statement in deinem Outfit.<\/p>\n<p>Tipy pro tisk: Pokud jsou jm\u00e9no a \u010d\u00edslo na obr\u00e1zku p\u0159esn\u011b takov\u00e9, jak\u00e9 chcete, nemus\u00edte je zad\u00e1vat znovu. Pokud tomu tak nen\u00ed, m\u011bli byste zadat po\u017eadovan\u00e9 jm\u00e9no a \u010d\u00edslo.<\/p>\n<p>Tipy pro pran\u00ed: Doporu\u010dujeme pr\u00e1t fotbalov\u00e1 tri\u010dka v ruce. Pokud chcete pou\u017e\u00edt pra\u010dku, nezapome\u0148te fotbalov\u00e1 tri\u010dka obr\u00e1tit naruby a pot\u00e9 je vyprat. Pra\u010dku napl\u0148te studenou vodou a pou\u017eijte jemn\u00fd cyklus, abyste l\u00e9pe ochr\u00e1nili barvy.<\/p>","protected":false},"excerpt":{"rendered":"<p>S odvod\u0148uj\u00edc\u00edm modelem v modr\u00e9 barv\u011b ukazuje\u0161 svou bezpodm\u00edne\u010dnou l\u00e1sku ke sv\u00e9mu klubu. Nike vyd\u00e1v\u00e1 s t\u00edmto trikem skute\u010dn\u011b jedine\u010dn\u00fd produkt. Ka\u017ed\u00fd prav\u00fd fanou\u0161ek FC Barcelona pot\u0159ebuje toto dom\u00e1c\u00ed tri\u010dko, proto\u017ee ho nos\u00ed i hr\u00e1\u010di v Primera Division. Odvod\u0148uj\u00edc\u00ed, prody\u0161n\u00fd, super pohodln\u00fd a lehk\u00fd model p\u0159esv\u011bd\u010d\u00ed na v\u0161ech front\u00e1ch. Skv\u011bl\u00fd vzhled [...]<\/p>","protected":false},"featured_media":587,"comment_status":"open","ping_status":"closed","template":"","meta":[],"product_brand":[],"product_cat":[31],"product_tag":[20,33,38,21,24],"class_list":{"0":"post-553","1":"product","2":"type-product","3":"status-publish","4":"has-post-thumbnail","6":"product_cat-fc-barcelona","7":"product_tag-coole-fussballtrikots","8":"product_tag-fc-barcelona-trikots","9":"product_tag-fussball-trikot-langarm","10":"product_tag-fussballtrikot-fuer-herren","11":"product_tag-guenstiges-fussballtrikot","13":"first","14":"instock","15":"shipping-taxable","16":"purchasable","17":"product-type-variable"},"_links":{"self":[{"href":"https:\/\/www.billigtrikotde.com\/cs\/wp-json\/wp\/v2\/product\/553","targetHints":{"allow":["GET"]}}],"collection":[{"href":"https:\/\/www.billigtrikotde.com\/cs\/wp-json\/wp\/v2\/product"}],"about":[{"href":"https:\/\/www.billigtrikotde.com\/cs\/wp-json\/wp\/v2\/types\/product"}],"replies":[{"embeddable":true,"href":"https:\/\/www.billigtrikotde.com\/cs\/wp-json\/wp\/v2\/comments?post=553"}],"wp:featuredmedia":[{"embeddable":true,"href":"https:\/\/www.billigtrikotde.com\/cs\/wp-json\/wp\/v2\/media\/587"}],"wp:attachment":[{"href":"https:\/\/www.billigtrikotde.com\/cs\/wp-json\/wp\/v2\/media?parent=553"}],"wp:term":[{"taxonomy":"product_brand","embeddable":true,"href":"https:\/\/www.billigtrikotde.com\/cs\/wp-json\/wp\/v2\/product_brand?post=553"},{"taxonomy":"product_cat","embeddable":true,"href":"https:\/\/www.billigtrikotde.com\/cs\/wp-json\/wp\/v2\/product_cat?post=553"},{"taxonomy":"product_tag","embeddable":true,"href":"https:\/\/www.billigtrikotde.com\/cs\/wp-json\/wp\/v2\/product_tag?post=553"}],"curies":[{"name":"wp","href":"https:\/\/api.w.org\/{rel}","templated":true}]}}