{"id":5520,"date":"2024-10-23T16:58:42","date_gmt":"2024-10-23T14:58:42","guid":{"rendered":"http:\/\/billigtrikots.com\/?post_type=product&#038;p=5520"},"modified":"2024-10-23T17:00:51","modified_gmt":"2024-10-23T15:00:51","slug":"guenstige-fussballtrikots-der-usa-fuer-die-wm-2022-heimtrikot-marineblau-trikotsatz","status":"publish","type":"product","link":"https:\/\/www.billigtrikotde.com\/cs\/guenstige-fussballtrikots-der-usa-fuer-die-wm-2022-heimtrikot-marineblau-trikotsatz\/","title":{"rendered":"Levn\u00e9 fotbalov\u00e9 dresy \u010cesk\u00e9 republiky na MS 2022 dom\u00e1c\u00ed dres n\u00e1mo\u0159nick\u00e1 mod\u0159 sady dres\u016f"},"content":{"rendered":"<p>M\u016f\u017eeme zve\u0159ejnit prvn\u00ed informace o nov\u00e9m dresu 2022 pro \u010ceskou republiku od Nike. D\u011bkujeme Gol de Sergio. \u010cR je v sou\u010dasnosti druh\u00e1 v posledn\u00edm kole kvalifikace UEFA na Mistrovstv\u00ed sv\u011bta FIFA ve fotbale 2022. Prvn\u00ed t\u0159i t\u00fdmy se p\u0159\u00edmo kvalifikuj\u00ed, t\u00fdm na \u010dtvrt\u00e9m m\u00edst\u011b se bude hr\u00e1t v bar\u00e1\u017e\u00edch mezi svazy. Tento obr\u00e1zek ukazuje barvy nov\u00e9ho dom\u00e1c\u00edho dresu Nike pro fotbalovou reprezentaci na Mistrovstv\u00ed sv\u011bta 2022.<br \/>\nDres Nike United States 2022 kombinuje nejtradi\u010dn\u011bj\u0161\u00ed barvy fotbalov\u00e9ho t\u00fdmu \u010cR \u2013 b\u00edlou a n\u00e1mo\u0159nickou modrou. Ofici\u00e1ln\u011b jsou barvy \u201eWhite \/ Loyal Blue\u201c. Loyal Blue je stejn\u00e1 barva, kterou se pou\u017e\u00edv\u00e1 i pro venkovn\u00ed dres 2020. Co je na dresu Nike USA 2022 Mistrovstv\u00ed sv\u011bta zvl\u00e1\u0161tn\u00ed, je pravd\u011bpodobn\u00e9 um\u00edst\u011bn\u00ed Swooshe. M\u00edsto loga Nike na p\u0159edn\u00ed stran\u011b se pravd\u011bpodobn\u011b objev\u00ed Swooshes na ruk\u00e1vech. Je to stejn\u00fd styl loga, kter\u00fd zn\u00e1me z NFL. Nikdy nebyl pou\u017eit na fotbalov\u00e9m dresu Nike. \u010c\u00edslo na p\u0159edn\u00ed stran\u011b by bylo na opa\u010dn\u00e9 stran\u011b od znaku fotbalov\u00e9 reprezentace \u010cR.<\/p>\n<p>Tipy pro tisk: Pokud jsou jm\u00e9no a \u010d\u00edslo na obr\u00e1zku p\u0159esn\u011b takov\u00e9, jak\u00e9 chcete, nemus\u00edte je zad\u00e1vat znovu. Pokud tomu tak nen\u00ed, m\u011bli byste zadat po\u017eadovan\u00e9 jm\u00e9no a \u010d\u00edslo.<\/p>\n<p>Tipy pro pran\u00ed: Doporu\u010dujeme pr\u00e1t fotbalov\u00e1 tri\u010dka v ruce. Pokud chcete pou\u017e\u00edt pra\u010dku, nezapome\u0148te fotbalov\u00e1 tri\u010dka obr\u00e1tit naruby a pot\u00e9 je vyprat. Pra\u010dku napl\u0148te studenou vodou a pou\u017eijte jemn\u00fd cyklus, abyste l\u00e9pe ochr\u00e1nili barvy.<\/p>","protected":false},"excerpt":{"rendered":"<p>M\u016f\u017eeme zve\u0159ejnit prvn\u00ed informace o nov\u00e9m dresu 2022 \u010cR od Nike. D\u011bkujeme Gol de Sergio. \u010cR je v sou\u010dasn\u00e9 dob\u011b druh\u00e1 v posledn\u00edm kole kvalifikace CONCACAF na Mistrovstv\u00ed sv\u011bta ve fotbale FIFA 2022. Prvn\u00ed t\u0159i t\u00fdmy se p\u0159\u00edmo kvalifikuj\u00ed, t\u00fdm na \u010dtvrt\u00e9m m\u00edst\u011b se bude hr\u00e1t v play-off mezi svazy. Tento [\u2026]<\/p>","protected":false},"featured_media":5552,"comment_status":"open","ping_status":"closed","template":"","meta":[],"product_brand":[],"product_cat":[245],"product_tag":[20,43,21,22,23,24,246,247,248,249,250],"class_list":{"0":"post-5520","1":"product","2":"type-product","3":"status-publish","4":"has-post-thumbnail","6":"product_cat-usa-trikots","7":"product_tag-coole-fussballtrikots","8":"product_tag-fussballkleidung","9":"product_tag-fussballtrikot-fuer-herren","10":"product_tag-fussballtrikot-guenstig-kaufen","11":"product_tag-fussballtrikot-kurzarm","12":"product_tag-guenstiges-fussballtrikot","13":"product_tag-united-states-2022-trikot","14":"product_tag-usa-fussball-shop","15":"product_tag-usa-fussball-trikot","16":"product_tag-usa-nationalmannschaft","17":"product_tag-usa-trikot-herren","19":"first","20":"instock","21":"shipping-taxable","22":"purchasable","23":"product-type-variable"},"_links":{"self":[{"href":"https:\/\/www.billigtrikotde.com\/cs\/wp-json\/wp\/v2\/product\/5520","targetHints":{"allow":["GET"]}}],"collection":[{"href":"https:\/\/www.billigtrikotde.com\/cs\/wp-json\/wp\/v2\/product"}],"about":[{"href":"https:\/\/www.billigtrikotde.com\/cs\/wp-json\/wp\/v2\/types\/product"}],"replies":[{"embeddable":true,"href":"https:\/\/www.billigtrikotde.com\/cs\/wp-json\/wp\/v2\/comments?post=5520"}],"wp:featuredmedia":[{"embeddable":true,"href":"https:\/\/www.billigtrikotde.com\/cs\/wp-json\/wp\/v2\/media\/5552"}],"wp:attachment":[{"href":"https:\/\/www.billigtrikotde.com\/cs\/wp-json\/wp\/v2\/media?parent=5520"}],"wp:term":[{"taxonomy":"product_brand","embeddable":true,"href":"https:\/\/www.billigtrikotde.com\/cs\/wp-json\/wp\/v2\/product_brand?post=5520"},{"taxonomy":"product_cat","embeddable":true,"href":"https:\/\/www.billigtrikotde.com\/cs\/wp-json\/wp\/v2\/product_cat?post=5520"},{"taxonomy":"product_tag","embeddable":true,"href":"https:\/\/www.billigtrikotde.com\/cs\/wp-json\/wp\/v2\/product_tag?post=5520"}],"curies":[{"name":"wp","href":"https:\/\/api.w.org\/{rel}","templated":true}]}}