{"id":5448,"date":"2024-10-23T16:55:22","date_gmt":"2024-10-23T14:55:22","guid":{"rendered":"http:\/\/billigtrikots.com\/?post_type=product&#038;p=5448"},"modified":"2024-10-23T16:57:26","modified_gmt":"2024-10-23T14:57:26","slug":"herren-paris-saint-germain-heimtrikot-2022-23-blau-trikotsatz-kurzarm-k-navas-1","status":"publish","type":"product","link":"https:\/\/www.billigtrikotde.com\/cs\/herren-paris-saint-germain-heimtrikot-2022-23-blau-trikotsatz-kurzarm-k-navas-1\/","title":{"rendered":"P\u00e1nsk\u00e9 Paris Saint Germain dom\u00e1c\u00ed dres 2022\/23 modr\u00e1 sada dres\u016f kr\u00e1tk\u00e9 ruk\u00e1vy K.NAVAS 1"},"content":{"rendered":"<p>Dres PSG 22-23 m\u00e1 vzhled inspirovan\u00fd klasick\u00fdm Hechtem, ale s t\u00edm, \u017ee b\u00edl\u00e9 a \u010derven\u00e9 barvy byly vym\u011bn\u011bny. Nov\u00fd dres PSG 22-23 je posledn\u00ed v dlouh\u00e9m seznamu dres\u016f 22-23, kter\u00e9 byly ned\u00e1vno unikl\u00e9, v\u011bt\u0161ina v\u00edce ne\u017e cel\u00fd rok p\u0159ed jejich ofici\u00e1ln\u00edm vyd\u00e1n\u00edm. Pod\u00edvejte se tak\u00e9 na \u00faniky od Chelsea, Liverpoolu a Tottenhamu. Je to stylov\u00fd design, kter\u00fd je naru\u0161en pouze v\u00fdst\u0159ihem Hechtera\u2026 Navrhovatel fotbalov\u00fdch dres\u016f Franco Carabajal si p\u0159edstavil, jak by mohl vypadat bez n\u011bj. Dres PSG 22-23 m\u00e1 pr\u016fb\u011b\u017enou pruhovanou l\u00e1tku m\u00edsto velk\u00e9ho st\u0159ihu uprost\u0159ed. To d\u011bl\u00e1 design mnohem l\u00e9pe vypadat.<br \/>\nFranco tak\u00e9 vytvo\u0159il dv\u011b verze s logem Accor Live Limitless. Zejm\u00e9na se n\u00e1m l\u00edb\u00ed verze s mal\u00fdm ACC uvnit\u0159 b\u00edl\u00e9ho dresu. Ve skute\u010dnosti by m\u011bl b\u00fdt v\u00fdst\u0159ih je\u0161t\u011b v\u011bt\u0161\u00ed, proto\u017ee logo ACC obsahuje tak\u00e9 text Accor Live Limitless pod n\u00edm. Paris Saint-Germain by mohl p\u0159edstavit nov\u00fd dres 22-23 ji\u017e v posledn\u00edm z\u00e1pase sez\u00f3ny proti Metz dne 21. kv\u011btna 2022. Pokud ano, ur\u010dit\u011b ho budou nosit s logem ACC. Loga na dresu Paris Saint-Germain 22-23 jsou um\u00edst\u011bna uprost\u0159ed, p\u0159i\u010dem\u017e Swoosh je vid\u011bt pod klubov\u00fdm znakem.<\/p>\n<p>Tipy pro tisk: Pokud jsou jm\u00e9no a \u010d\u00edslo na obr\u00e1zku p\u0159esn\u011b takov\u00e9, jak\u00e9 chcete, nemus\u00edte je zad\u00e1vat znovu. Pokud tomu tak nen\u00ed, m\u011bli byste zadat po\u017eadovan\u00e9 jm\u00e9no a \u010d\u00edslo.<\/p>\n<p>Tipy pro pran\u00ed: Doporu\u010dujeme pr\u00e1t fotbalov\u00e1 tri\u010dka v ruce. Pokud chcete pou\u017e\u00edt pra\u010dku, nezapome\u0148te fotbalov\u00e1 tri\u010dka obr\u00e1tit naruby a pot\u00e9 je vyprat. Pra\u010dku napl\u0148te studenou vodou a pou\u017eijte jemn\u00fd cyklus, abyste l\u00e9pe ochr\u00e1nili barvy.<\/p>","protected":false},"excerpt":{"rendered":"<p>Dres PSG 22-23 m\u00e1 vzhled inspirovan\u00fd klasick\u00fdm Hechterem, ale s vym\u011bn\u011bn\u00fdmi barvami b\u00edl\u00e1 a \u010derven\u00e1. Nov\u00fd dres PSG 22-23 je posledn\u00ed v dlouh\u00e9 \u0159ad\u011b dres\u016f 22-23, kter\u00e9 byly ned\u00e1vno unikl\u00e9, v\u011bt\u0161ina z nich v\u00edce ne\u017e cel\u00fd rok p\u0159ed jejich ofici\u00e1ln\u00edm vyd\u00e1n\u00edm. Pod\u00edvej se na [\u2026]<\/p>","protected":false},"featured_media":5480,"comment_status":"open","ping_status":"closed","template":"","meta":[],"product_brand":[],"product_cat":[39],"product_tag":[20,43,21,22,23,24,44,41,244],"class_list":{"0":"post-5448","1":"product","2":"type-product","3":"status-publish","4":"has-post-thumbnail","6":"product_cat-paris-saint-germain","7":"product_tag-coole-fussballtrikots","8":"product_tag-fussballkleidung","9":"product_tag-fussballtrikot-fuer-herren","10":"product_tag-fussballtrikot-guenstig-kaufen","11":"product_tag-fussballtrikot-kurzarm","12":"product_tag-guenstiges-fussballtrikot","13":"product_tag-paris-saint-germain-auswaertstrikot","14":"product_tag-paris-saint-germain-trikots","15":"product_tag-psg-trikot-2022-23","17":"first","18":"instock","19":"shipping-taxable","20":"purchasable","21":"product-type-variable"},"_links":{"self":[{"href":"https:\/\/www.billigtrikotde.com\/cs\/wp-json\/wp\/v2\/product\/5448","targetHints":{"allow":["GET"]}}],"collection":[{"href":"https:\/\/www.billigtrikotde.com\/cs\/wp-json\/wp\/v2\/product"}],"about":[{"href":"https:\/\/www.billigtrikotde.com\/cs\/wp-json\/wp\/v2\/types\/product"}],"replies":[{"embeddable":true,"href":"https:\/\/www.billigtrikotde.com\/cs\/wp-json\/wp\/v2\/comments?post=5448"}],"wp:featuredmedia":[{"embeddable":true,"href":"https:\/\/www.billigtrikotde.com\/cs\/wp-json\/wp\/v2\/media\/5480"}],"wp:attachment":[{"href":"https:\/\/www.billigtrikotde.com\/cs\/wp-json\/wp\/v2\/media?parent=5448"}],"wp:term":[{"taxonomy":"product_brand","embeddable":true,"href":"https:\/\/www.billigtrikotde.com\/cs\/wp-json\/wp\/v2\/product_brand?post=5448"},{"taxonomy":"product_cat","embeddable":true,"href":"https:\/\/www.billigtrikotde.com\/cs\/wp-json\/wp\/v2\/product_cat?post=5448"},{"taxonomy":"product_tag","embeddable":true,"href":"https:\/\/www.billigtrikotde.com\/cs\/wp-json\/wp\/v2\/product_tag?post=5448"}],"curies":[{"name":"wp","href":"https:\/\/api.w.org\/{rel}","templated":true}]}}