{"id":5414,"date":"2024-10-23T16:53:44","date_gmt":"2024-10-23T14:53:44","guid":{"rendered":"http:\/\/billigtrikots.com\/?post_type=product&#038;p=5414"},"modified":"2025-06-09T04:42:48","modified_gmt":"2025-06-09T02:42:48","slug":"herren-arsenal-2022-23-heimtrikot-rot-weiss-trikotsatz-kurzarm-kurze-hosen-willian-12","status":"publish","type":"product","link":"https:\/\/www.billigtrikotde.com\/cs\/herren-arsenal-2022-23-heimtrikot-rot-weiss-trikotsatz-kurzarm-kurze-hosen-willian-12\/","title":{"rendered":"P\u00e1nsk\u00e9 Arsenal 2022\/23 dom\u00e1c\u00ed dres \u010derveno-b\u00edl\u00fd sada dres\u016f kr\u00e1tk\u00fd ruk\u00e1v + kr\u00e1tk\u00e9 kalhoty WILLIAN 12"},"content":{"rendered":"<p>Arzen\u00e1l 22-23 dres vyjde na trh 19. kv\u011btna 2022. P\u0159edpokl\u00e1d\u00e1 se, \u017ee prvn\u00ed t\u00fdm ho obl\u00e9kne p\u0159i posledn\u00edm z\u00e1pase proti Evertonu 22. kv\u011btna. Stejn\u011b jako v jin\u00fdch sezon\u00e1ch bude nov\u00fd venkovn\u00ed dres pro sezonu 2022-23 uveden jako sou\u010d\u00e1st USA tour v \u010dervenci. Pravd\u011bpodobn\u011b bude poprv\u00e9 p\u0159edstaven proti Evertonu (16. \u010dervence). Arsenal by ho mohl tak\u00e9 nosit proti Orlando City (20. \u010dervence) a Chelsea (23. \u010dervence).<\/p>\n<p>Tipy pro tisk: Pokud jsou jm\u00e9no a \u010d\u00edslo na obr\u00e1zku p\u0159esn\u011b takov\u00e9, jak\u00e9 chcete, nemus\u00edte je zad\u00e1vat znovu. Pokud tomu tak nen\u00ed, m\u011bli byste zadat po\u017eadovan\u00e9 jm\u00e9no a \u010d\u00edslo.<\/p>\n<p>Tipy pro pran\u00ed: Doporu\u010dujeme pr\u00e1t fotbalov\u00e1 tri\u010dka v ruce. Pokud chcete pou\u017e\u00edt pra\u010dku, nezapome\u0148te fotbalov\u00e1 tri\u010dka obr\u00e1tit naruby a pot\u00e9 je vyprat. Pra\u010dku napl\u0148te studenou vodou a pou\u017eijte jemn\u00fd cyklus, abyste l\u00e9pe ochr\u00e1nili barvy.<\/p>","protected":false},"excerpt":{"rendered":"<p>Das Arsenal 22-23 Trikot wird am 19. Mai 2022 auf den Markt kommen. Es wird davon ausgegangen, dass die erste Mannschaft es beim letzten Spiel gegen Everton am 22. Mai tragen wird.As in other seasons, the new away kit for the 2022-23 season will be launched as part of the USA tour in July. It [&hellip;]<\/p>","protected":false},"featured_media":5453,"comment_status":"open","ping_status":"closed","template":"","meta":[],"product_brand":[],"product_cat":[55],"product_tag":[243,20,21,22,23,54,24],"class_list":{"0":"post-5414","1":"product","2":"type-product","3":"status-publish","4":"has-post-thumbnail","6":"product_cat-arsenal","7":"product_tag-arsenal-2022-2023-heimtrikot","8":"product_tag-coole-fussballtrikots","9":"product_tag-fussballtrikot-fuer-herren","10":"product_tag-fussballtrikot-guenstig-kaufen","11":"product_tag-fussballtrikot-kurzarm","12":"product_tag-fussballtrikot-set","13":"product_tag-guenstiges-fussballtrikot","15":"first","16":"instock","17":"shipping-taxable","18":"purchasable","19":"product-type-variable"},"_links":{"self":[{"href":"https:\/\/www.billigtrikotde.com\/cs\/wp-json\/wp\/v2\/product\/5414","targetHints":{"allow":["GET"]}}],"collection":[{"href":"https:\/\/www.billigtrikotde.com\/cs\/wp-json\/wp\/v2\/product"}],"about":[{"href":"https:\/\/www.billigtrikotde.com\/cs\/wp-json\/wp\/v2\/types\/product"}],"replies":[{"embeddable":true,"href":"https:\/\/www.billigtrikotde.com\/cs\/wp-json\/wp\/v2\/comments?post=5414"}],"wp:featuredmedia":[{"embeddable":true,"href":"https:\/\/www.billigtrikotde.com\/cs\/wp-json\/wp\/v2\/media\/5453"}],"wp:attachment":[{"href":"https:\/\/www.billigtrikotde.com\/cs\/wp-json\/wp\/v2\/media?parent=5414"}],"wp:term":[{"taxonomy":"product_brand","embeddable":true,"href":"https:\/\/www.billigtrikotde.com\/cs\/wp-json\/wp\/v2\/product_brand?post=5414"},{"taxonomy":"product_cat","embeddable":true,"href":"https:\/\/www.billigtrikotde.com\/cs\/wp-json\/wp\/v2\/product_cat?post=5414"},{"taxonomy":"product_tag","embeddable":true,"href":"https:\/\/www.billigtrikotde.com\/cs\/wp-json\/wp\/v2\/product_tag?post=5414"}],"curies":[{"name":"wp","href":"https:\/\/api.w.org\/{rel}","templated":true}]}}