{"id":5230,"date":"2024-10-23T16:45:18","date_gmt":"2024-10-23T14:45:18","guid":{"rendered":"http:\/\/billigtrikots.com\/?post_type=product&#038;p=5230"},"modified":"2025-10-16T16:04:41","modified_gmt":"2025-10-16T14:04:41","slug":"herren-y-3-real-madrid-viertes-fussballtrikot-schwarz-fuer-die-saison-2021-2022-caruajal-2","status":"publish","type":"product","link":"https:\/\/www.billigtrikotde.com\/cs\/herren-y-3-real-madrid-viertes-fussballtrikot-schwarz-fuer-die-saison-2021-2022-caruajal-2\/","title":{"rendered":"P\u00e1nsk\u00e9 fotbalov\u00e9 tri\u010dko Y-3 Real Madrid Fourth \u010dern\u00e9 pro sez\u00f3nu 2021-2022 CARUAJAL 2"},"content":{"rendered":"<p>20 let Y-3 se setk\u00e1v\u00e1 s 120 lety vrcholov\u00e9ho fotbalu. Y-3 a Real Madrid se p\u0159i p\u0159\u00edle\u017eitosti sv\u00fdch v\u00fdro\u010d\u00ed znovu spojili a vznikl tento \u010dtvrt\u00fd dres pro d\u011bti a teenagery, kter\u00fd je vybaven chlad\u00edc\u00ed technologi\u00ed HEAT.RDY. Dokonal\u00e9 spojen\u00ed m\u00f3dy a sportovn\u00edho oble\u010den\u00ed, interpretovan\u00e9 v decentn\u00ed grafice z dynamick\u00fdch, se p\u0159ek\u0159\u00ed\u017euj\u00edc\u00edch lini\u00ed. Na hrudi zaji\u0161\u0165uje logo Y-3 absolutn\u00ed novinku: poprv\u00e9 nahrazuje logo adidas na dresu. A nad lemem dopl\u0148uje tento speci\u00e1ln\u00ed kolaboraci stylov\u00e9 velk\u00e9 \u0161t\u00edtek.<\/p>\n<p>Tipy pro tisk: Pokud jsou jm\u00e9no a \u010d\u00edslo na obr\u00e1zku p\u0159esn\u011b takov\u00e9, jak\u00e9 chcete, nemus\u00edte je zad\u00e1vat znovu. Pokud tomu tak nen\u00ed, m\u011bli byste zadat po\u017eadovan\u00e9 jm\u00e9no a \u010d\u00edslo.<\/p>\n<p>Tipy pro pran\u00ed: Doporu\u010dujeme pr\u00e1t fotbalov\u00e1 tri\u010dka v ruce. Pokud chcete pou\u017e\u00edt pra\u010dku, nezapome\u0148te fotbalov\u00e1 tri\u010dka obr\u00e1tit naruby a pot\u00e9 je vyprat. Pra\u010dku napl\u0148te studenou vodou a pou\u017eijte jemn\u00fd cyklus, abyste l\u00e9pe ochr\u00e1nili barvy.<\/p>","protected":false},"excerpt":{"rendered":"<p>20 Jahre Y-3 treffen auf 120 Jahre Spitzenfu\u00dfball. Y-3 und Real Madrid haben sich anl\u00e4sslich ihrer Jubil\u00e4en erneut zusammengetan und dabei ist dieses vierte Trikot f\u00fcr Kinder und Teens entstanden, das mit k\u00fchlender HEAT.RDY Technologie ausgestattet ist. Die perfekte Fusion aus Fashion und Sportswear, interpretiert in einer dezenten Grafik aus dynamischen, sich \u00fcberkreuzenden Linien. Auf [&hellip;]<\/p>","protected":false},"featured_media":5263,"comment_status":"open","ping_status":"closed","template":"","meta":[],"product_brand":[],"product_cat":[45],"product_tag":[20,38,21,228,24,47],"class_list":{"0":"post-5230","1":"product","2":"type-product","3":"status-publish","4":"has-post-thumbnail","6":"product_cat-real-madrid","7":"product_tag-coole-fussballtrikots","8":"product_tag-fussball-trikot-langarm","9":"product_tag-fussballtrikot-fuer-herren","10":"product_tag-guenstige-fussballtrikot","11":"product_tag-guenstiges-fussballtrikot","12":"product_tag-real-madrid-trikots","14":"first","15":"instock","16":"shipping-taxable","17":"purchasable","18":"product-type-variable"},"_links":{"self":[{"href":"https:\/\/www.billigtrikotde.com\/cs\/wp-json\/wp\/v2\/product\/5230","targetHints":{"allow":["GET"]}}],"collection":[{"href":"https:\/\/www.billigtrikotde.com\/cs\/wp-json\/wp\/v2\/product"}],"about":[{"href":"https:\/\/www.billigtrikotde.com\/cs\/wp-json\/wp\/v2\/types\/product"}],"replies":[{"embeddable":true,"href":"https:\/\/www.billigtrikotde.com\/cs\/wp-json\/wp\/v2\/comments?post=5230"}],"wp:featuredmedia":[{"embeddable":true,"href":"https:\/\/www.billigtrikotde.com\/cs\/wp-json\/wp\/v2\/media\/5263"}],"wp:attachment":[{"href":"https:\/\/www.billigtrikotde.com\/cs\/wp-json\/wp\/v2\/media?parent=5230"}],"wp:term":[{"taxonomy":"product_brand","embeddable":true,"href":"https:\/\/www.billigtrikotde.com\/cs\/wp-json\/wp\/v2\/product_brand?post=5230"},{"taxonomy":"product_cat","embeddable":true,"href":"https:\/\/www.billigtrikotde.com\/cs\/wp-json\/wp\/v2\/product_cat?post=5230"},{"taxonomy":"product_tag","embeddable":true,"href":"https:\/\/www.billigtrikotde.com\/cs\/wp-json\/wp\/v2\/product_tag?post=5230"}],"curies":[{"name":"wp","href":"https:\/\/api.w.org\/{rel}","templated":true}]}}