{"id":523,"date":"2024-10-23T12:52:53","date_gmt":"2024-10-23T10:52:53","guid":{"rendered":"http:\/\/billigtrikots.com\/?post_type=product&#038;p=523"},"modified":"2024-10-23T12:54:50","modified_gmt":"2024-10-23T10:54:50","slug":"luis-suarez-9-barcelona-heimtrikot-2021-22-fussball-trikot-langarm-kurze-hosen","status":"publish","type":"product","link":"https:\/\/www.billigtrikotde.com\/cs\/luis-suarez-9-barcelona-heimtrikot-2021-22-fussball-trikot-langarm-kurze-hosen\/","title":{"rendered":"Luis Su\u00e1rez 9# dom\u00e1c\u00ed tri\u010dko Barcelona 2021\/22 fotbalov\u00e9 tri\u010dko s dlouh\u00fdm ruk\u00e1vem + kr\u00e1tk\u00e9 kalhoty"},"content":{"rendered":"<p>Zeige deine Zugeh\u00f6rigkeit zu deinem Team durch das leichte Modell in Blau. Das Nike Trikot sorgt f\u00fcr wahre Begeisterung. Mehr Support geht kaum! Mit diesem FC Barcelona-Heim-Trikot erweiterst du deine Fan-Kollektion um einen Artikel, wie ihn die Spieler in der Primera Division tragen. Die super bequeme, schwei\u00dfableitende, atmungsaktive und leichte Funktionsweise l\u00e4sst es \u00fcberzeugen. Mit diesem Sportshirt bist du f\u00fcr jede Einheit bestens ausgestattet. Zum absoluten Highlight wird es durch das Vereinswappen auf der Brust. Dieses schicke Modell ist genau das richtige, wenn du auf der Suche nach einem blauen Sporttop mit Optik bist.<\/p>\n<p>Tipy pro tisk: Pokud jsou jm\u00e9no a \u010d\u00edslo na obr\u00e1zku p\u0159esn\u011b takov\u00e9, jak\u00e9 chcete, nemus\u00edte je zad\u00e1vat znovu. Pokud tomu tak nen\u00ed, m\u011bli byste zadat po\u017eadovan\u00e9 jm\u00e9no a \u010d\u00edslo.<\/p>\n<p>Tipy pro pran\u00ed: Doporu\u010dujeme pr\u00e1t fotbalov\u00e1 tri\u010dka v ruce. Pokud chcete pou\u017e\u00edt pra\u010dku, nezapome\u0148te fotbalov\u00e1 tri\u010dka obr\u00e1tit naruby a pot\u00e9 je vyprat. Pra\u010dku napl\u0148te studenou vodou a pou\u017eijte jemn\u00fd cyklus, abyste l\u00e9pe ochr\u00e1nili barvy.<\/p>","protected":false},"excerpt":{"rendered":"<p>Uka\u017e svou p\u0159\u00edslu\u0161nost ke sv\u00e9mu t\u00fdmu prost\u0159ednictv\u00edm lehk\u00e9ho modelu v modr\u00e9 barv\u011b. Dres Nike p\u0159in\u00e1\u0161\u00ed skute\u010dn\u00e9 nad\u0161en\u00ed. V\u00edce podpory snad ani nejde! S t\u00edmto dom\u00e1c\u00edm dressem FC Barcelona roz\u0161\u00ed\u0159\u00ed\u0161 svou fanou\u0161kovskou kolekci o kousek, kter\u00fd nos\u00ed hr\u00e1\u010di v Primera Division. Velmi pohodln\u00fd, odv\u00e1d\u011bj\u00edc\u00ed pot, prody\u0161n\u00fd a lehk\u00fd funk\u010dn\u00ed materi\u00e1l ho p\u0159esv\u011bd\u010d\u00ed. S [\u2026]<\/p>","protected":false},"featured_media":562,"comment_status":"open","ping_status":"closed","template":"","meta":[],"product_brand":[],"product_cat":[31],"product_tag":[20,33,38,21,24],"class_list":{"0":"post-523","1":"product","2":"type-product","3":"status-publish","4":"has-post-thumbnail","6":"product_cat-fc-barcelona","7":"product_tag-coole-fussballtrikots","8":"product_tag-fc-barcelona-trikots","9":"product_tag-fussball-trikot-langarm","10":"product_tag-fussballtrikot-fuer-herren","11":"product_tag-guenstiges-fussballtrikot","13":"first","14":"instock","15":"shipping-taxable","16":"purchasable","17":"product-type-variable"},"_links":{"self":[{"href":"https:\/\/www.billigtrikotde.com\/cs\/wp-json\/wp\/v2\/product\/523","targetHints":{"allow":["GET"]}}],"collection":[{"href":"https:\/\/www.billigtrikotde.com\/cs\/wp-json\/wp\/v2\/product"}],"about":[{"href":"https:\/\/www.billigtrikotde.com\/cs\/wp-json\/wp\/v2\/types\/product"}],"replies":[{"embeddable":true,"href":"https:\/\/www.billigtrikotde.com\/cs\/wp-json\/wp\/v2\/comments?post=523"}],"wp:featuredmedia":[{"embeddable":true,"href":"https:\/\/www.billigtrikotde.com\/cs\/wp-json\/wp\/v2\/media\/562"}],"wp:attachment":[{"href":"https:\/\/www.billigtrikotde.com\/cs\/wp-json\/wp\/v2\/media?parent=523"}],"wp:term":[{"taxonomy":"product_brand","embeddable":true,"href":"https:\/\/www.billigtrikotde.com\/cs\/wp-json\/wp\/v2\/product_brand?post=523"},{"taxonomy":"product_cat","embeddable":true,"href":"https:\/\/www.billigtrikotde.com\/cs\/wp-json\/wp\/v2\/product_cat?post=523"},{"taxonomy":"product_tag","embeddable":true,"href":"https:\/\/www.billigtrikotde.com\/cs\/wp-json\/wp\/v2\/product_tag?post=523"}],"curies":[{"name":"wp","href":"https:\/\/api.w.org\/{rel}","templated":true}]}}