{"id":5182,"date":"2024-10-23T16:27:45","date_gmt":"2024-10-23T14:27:45","guid":{"rendered":"http:\/\/billigtrikots.com\/?post_type=product&#038;p=5182"},"modified":"2024-10-23T16:45:13","modified_gmt":"2024-10-23T14:45:13","slug":"brasilien-2022-wm-heimtrikots-gelb-trikotsatz-kurzarm-kurze-hosen-vini-jr-20","status":"publish","type":"product","link":"https:\/\/www.billigtrikotde.com\/cs\/brasilien-2022-wm-heimtrikots-gelb-trikotsatz-kurzarm-kurze-hosen-vini-jr-20\/","title":{"rendered":"Braz\u00edlie 2022 Mistrovstv\u00ed sv\u011bta ve fotbale Dom\u00e1c\u00ed tri\u010dka \u017dlut\u00e1 souprava s kr\u00e1tk\u00fdm ruk\u00e1vem + \u0161ortky VINI JR.20"},"content":{"rendered":"<p>P\u0159ed z\u00edt\u0159ej\u0161\u00edm z\u00e1pasem Braz\u00edlie proti Argentin\u011b jsme obdr\u017eeli p\u0159esn\u011bj\u0161\u00ed informace o designu dom\u00e1c\u00edho dresu pro MS 2022. Dres vyroben\u00fd spole\u010dnost\u00ed Nike pro MS 2022 bude p\u0159edstaven ve druh\u00e9 polovin\u011b roku a m\u00e1 nov\u00e9, sv\u011btlej\u0161\u00ed barevn\u00e9 sch\u00e9ma. Dres Nike Braz\u00edlie 2022 fotbalov\u00fd m\u011bn\u00ed klasickou \u017elutou za z\u00e1\u0159ivou \u017elutou, ofici\u00e1ln\u011b \u201eDynamic Yellow\u201c. Vzhled barvy n\u00e1m byl pops\u00e1n jako \u201et\u00e9m\u011b\u0159 ne\u00f3nov\u011b \u017elut\u00e1\u201c.<\/p>\n<p>Co se t\u00fd\u010de designu, tak dres pro MS 2022 v Braz\u00edlii bude m\u00edt mal\u00fd tradi\u010dn\u00ed l\u00edmec, kter\u00fd bude \u017elut\u00fd a ozdoben\u00fd zelen\u00fdm a modr\u00fdm pruhem. Vezm\u011bte pros\u00edm na v\u011bdom\u00ed, \u017ee n\u00e1\u0161 v\u00fd\u0161e uveden\u00fd obr\u00e1zek je pouze n\u00e1hled a kone\u010dn\u00fd design dresu m\u016f\u017ee vypadat jinak. Barvy dom\u00e1c\u00edho dresu Nike Braz\u00edlie 2022 na MS p\u0159ipom\u00ednaj\u00ed dres v\u00edt\u011bzn\u00e9ho t\u00fdmu z MS 2002 \u2013 lze ho vn\u00edmat jako poctu 20. v\u00fdro\u010d\u00ed jeho vyd\u00e1n\u00ed. Nike kombinuje dres Nike Braz\u00edlie 2022 s jasn\u011b tyrkysov\u011b zelen\u00fdmi logy (Green Spark) a syt\u011b modrou pro detaily (Paramount Blue).<\/p>\n<p>Tipy pro tisk: Pokud jsou jm\u00e9no a \u010d\u00edslo na obr\u00e1zku p\u0159esn\u011b takov\u00e9, jak\u00e9 chcete, nemus\u00edte je zad\u00e1vat znovu. Pokud tomu tak nen\u00ed, m\u011bli byste zadat po\u017eadovan\u00e9 jm\u00e9no a \u010d\u00edslo.<\/p>\n<p>Tipy pro pran\u00ed: Doporu\u010dujeme pr\u00e1t fotbalov\u00e1 tri\u010dka v ruce. Pokud chcete pou\u017e\u00edt pra\u010dku, nezapome\u0148te fotbalov\u00e1 tri\u010dka obr\u00e1tit naruby a pot\u00e9 je vyprat. Pra\u010dku napl\u0148te studenou vodou a pou\u017eijte jemn\u00fd cyklus, abyste l\u00e9pe ochr\u00e1nili barvy.<\/p>","protected":false},"excerpt":{"rendered":"<p>P\u0159ed z\u00edt\u0159ej\u0161\u00edm z\u00e1pasem Braz\u00edlie proti Argentin\u011b jsme z\u00edskali p\u0159esn\u011bj\u0161\u00ed informace o designu dom\u00e1c\u00edho dresu na MS 2022. Dres vyroben\u00fd spole\u010dnost\u00ed Nike pro MS 2022 bude p\u0159edstaven ve druh\u00e9 polovin\u011b roku a m\u00e1 nov\u00e9, sv\u011btlej\u0161\u00ed barevn\u00e9 sch\u00e9ma. Fotbalov\u00fd dres Nike Braz\u00edlie 2022 m\u011bn\u00ed klasickou \u017elutou za z\u00e1\u0159ivou \u017elutou, ofici\u00e1ln\u011b \u201eDynamic [\u2026]<\/p>","protected":false},"featured_media":5225,"comment_status":"open","ping_status":"closed","template":"","meta":[],"product_brand":[],"product_cat":[112],"product_tag":[20,210,114,222,21,22,23,24],"class_list":{"0":"post-5182","1":"product","2":"type-product","3":"status-publish","4":"has-post-thumbnail","6":"product_cat-brasilien-trikots","7":"product_tag-coole-fussballtrikots","8":"product_tag-brasilien-auswaertstrikot","9":"product_tag-brasilien-trikots","10":"product_tag-fussball-wm-2022-trikots","11":"product_tag-fussballtrikot-fuer-herren","12":"product_tag-fussballtrikot-guenstig-kaufen","13":"product_tag-fussballtrikot-kurzarm","14":"product_tag-guenstiges-fussballtrikot","16":"first","17":"instock","18":"shipping-taxable","19":"purchasable","20":"product-type-variable"},"_links":{"self":[{"href":"https:\/\/www.billigtrikotde.com\/cs\/wp-json\/wp\/v2\/product\/5182","targetHints":{"allow":["GET"]}}],"collection":[{"href":"https:\/\/www.billigtrikotde.com\/cs\/wp-json\/wp\/v2\/product"}],"about":[{"href":"https:\/\/www.billigtrikotde.com\/cs\/wp-json\/wp\/v2\/types\/product"}],"replies":[{"embeddable":true,"href":"https:\/\/www.billigtrikotde.com\/cs\/wp-json\/wp\/v2\/comments?post=5182"}],"wp:featuredmedia":[{"embeddable":true,"href":"https:\/\/www.billigtrikotde.com\/cs\/wp-json\/wp\/v2\/media\/5225"}],"wp:attachment":[{"href":"https:\/\/www.billigtrikotde.com\/cs\/wp-json\/wp\/v2\/media?parent=5182"}],"wp:term":[{"taxonomy":"product_brand","embeddable":true,"href":"https:\/\/www.billigtrikotde.com\/cs\/wp-json\/wp\/v2\/product_brand?post=5182"},{"taxonomy":"product_cat","embeddable":true,"href":"https:\/\/www.billigtrikotde.com\/cs\/wp-json\/wp\/v2\/product_cat?post=5182"},{"taxonomy":"product_tag","embeddable":true,"href":"https:\/\/www.billigtrikotde.com\/cs\/wp-json\/wp\/v2\/product_tag?post=5182"}],"curies":[{"name":"wp","href":"https:\/\/api.w.org\/{rel}","templated":true}]}}