{"id":5134,"date":"2024-10-23T16:25:23","date_gmt":"2024-10-23T14:25:23","guid":{"rendered":"http:\/\/billigtrikots.com\/?post_type=product&#038;p=5134"},"modified":"2024-10-23T16:27:35","modified_gmt":"2024-10-23T14:27:35","slug":"inter-mailand-stadium-jersey-fussball-trikot-kurzarm-herren-heimtrikot-barella-23","status":"publish","type":"product","link":"https:\/\/www.billigtrikotde.com\/cs\/inter-mailand-stadium-jersey-fussball-trikot-kurzarm-herren-heimtrikot-barella-23\/","title":{"rendered":"Inter Mil\u00e1n Stadium dres fotbalov\u00fd dres kr\u00e1tk\u00fd ruk\u00e1v mu\u017e\u016f dom\u00e1c\u00ed dres BARELLA 23"},"content":{"rendered":"<p>Prvn\u00ed skute\u010dn\u00e9 obr\u00e1zky tri\u010dka nadch\u00e1zej\u00edc\u00ed kolekce Nike x Inter unikly. Inspirov\u00e1no nadch\u00e1zej\u00edc\u00edm \u010dtvrt\u00fdm dressem Inter, ukazuje podobn\u00fd design jako tri\u010dko. \u010ctvrt\u00fd dres Nike Inter Milan 2020-2021 se prezentuje v mimo\u0159\u00e1dn\u00e9m designu, kter\u00fd kombinuje r\u016fzn\u00e9 vzory a grafiky v mashupov\u00e9m vzhledu. Nike Inter [\u2026]<\/p>\n<p>Kolekce Nike Inter Milan 20-21 letn\u00ed kolekce p\u0159edstavuje sv\u011b\u017e\u00ed vzhledy. Inspirov\u00e1no \u010dtvrt\u00fdm dresy a kolekc\u00ed p\u0159edz\u00e1pasov\u00fdch a \u017eivotn\u00edho stylu kolekc\u00ed klubu, kolekce Nike Inter 20-21 letn\u00ed kolekce kombinuje r\u016fzn\u00e9 designy pro jeden produkt.<\/p>\n<p>Tipy pro tisk: Pokud jsou jm\u00e9no a \u010d\u00edslo na obr\u00e1zku p\u0159esn\u011b takov\u00e9, jak\u00e9 chcete, nemus\u00edte je zad\u00e1vat znovu. Pokud tomu tak nen\u00ed, m\u011bli byste zadat po\u017eadovan\u00e9 jm\u00e9no a \u010d\u00edslo.<\/p>\n<p>Tipy pro pran\u00ed: Doporu\u010dujeme pr\u00e1t fotbalov\u00e1 tri\u010dka v ruce. Pokud chcete pou\u017e\u00edt pra\u010dku, nezapome\u0148te fotbalov\u00e1 tri\u010dka obr\u00e1tit naruby a pot\u00e9 je vyprat. Pra\u010dku napl\u0148te studenou vodou a pou\u017eijte jemn\u00fd cyklus, abyste l\u00e9pe ochr\u00e1nili barvy.<\/p>","protected":false},"excerpt":{"rendered":"<p>Prvn\u00ed skute\u010dn\u00e9 obr\u00e1zky tri\u010dka nadch\u00e1zej\u00edc\u00ed kolekce Nike x Inter unikly. Inspirov\u00e1no nadch\u00e1zej\u00edc\u00edm \u010dtvrt\u00fdm dressem Inter, ukazuje podobn\u00fd design jako tri\u010dko. \u010ctvrt\u00fd dres Nike Inter Milan 2020-2021 se prezentuje v mimo\u0159\u00e1dn\u00e9m designu, kter\u00fd kombinuje r\u016fzn\u00e9 vzory a grafiky v mashupov\u00e9m vzhledu. Nike Inter [\u2026]<\/p>","protected":false},"featured_media":5174,"comment_status":"open","ping_status":"closed","template":"","meta":[],"product_brand":[],"product_cat":[77],"product_tag":[20,21,22,23,24,241,78],"class_list":{"0":"post-5134","1":"product","2":"type-product","3":"status-publish","4":"has-post-thumbnail","6":"product_cat-inter-milan","7":"product_tag-coole-fussballtrikots","8":"product_tag-fussballtrikot-fuer-herren","9":"product_tag-fussballtrikot-guenstig-kaufen","10":"product_tag-fussballtrikot-kurzarm","11":"product_tag-guenstiges-fussballtrikot","12":"product_tag-inter-mailand-ausweichtrikot","13":"product_tag-inter-milan-trikots","15":"first","16":"instock","17":"shipping-taxable","18":"purchasable","19":"product-type-variable"},"_links":{"self":[{"href":"https:\/\/www.billigtrikotde.com\/cs\/wp-json\/wp\/v2\/product\/5134","targetHints":{"allow":["GET"]}}],"collection":[{"href":"https:\/\/www.billigtrikotde.com\/cs\/wp-json\/wp\/v2\/product"}],"about":[{"href":"https:\/\/www.billigtrikotde.com\/cs\/wp-json\/wp\/v2\/types\/product"}],"replies":[{"embeddable":true,"href":"https:\/\/www.billigtrikotde.com\/cs\/wp-json\/wp\/v2\/comments?post=5134"}],"wp:featuredmedia":[{"embeddable":true,"href":"https:\/\/www.billigtrikotde.com\/cs\/wp-json\/wp\/v2\/media\/5174"}],"wp:attachment":[{"href":"https:\/\/www.billigtrikotde.com\/cs\/wp-json\/wp\/v2\/media?parent=5134"}],"wp:term":[{"taxonomy":"product_brand","embeddable":true,"href":"https:\/\/www.billigtrikotde.com\/cs\/wp-json\/wp\/v2\/product_brand?post=5134"},{"taxonomy":"product_cat","embeddable":true,"href":"https:\/\/www.billigtrikotde.com\/cs\/wp-json\/wp\/v2\/product_cat?post=5134"},{"taxonomy":"product_tag","embeddable":true,"href":"https:\/\/www.billigtrikotde.com\/cs\/wp-json\/wp\/v2\/product_tag?post=5134"}],"curies":[{"name":"wp","href":"https:\/\/api.w.org\/{rel}","templated":true}]}}