{"id":5076,"date":"2024-10-23T16:22:03","date_gmt":"2024-10-23T14:22:03","guid":{"rendered":"http:\/\/billigtrikots.com\/?post_type=product&#038;p=5076"},"modified":"2024-10-23T16:24:42","modified_gmt":"2024-10-23T14:24:42","slug":"fc-barcelona-2022-23-heimtrikot-dunkles-blau-trikotsatz-kurzarm-mit-aufdruck-neto-13","status":"publish","type":"product","link":"https:\/\/www.billigtrikotde.com\/cs\/fc-barcelona-2022-23-heimtrikot-dunkles-blau-trikotsatz-kurzarm-mit-aufdruck-neto-13\/","title":{"rendered":"FC Barcelona 2022\/23 dom\u00e1c\u00ed dres tmav\u011b modr\u00e1 souprava dres\u016f kr\u00e1tk\u00fd ruk\u00e1v s potiskem NETO 13"},"content":{"rendered":"<p>Dres FC Barcelona 2022-23 p\u0159in\u00e1\u0161\u00ed stylov\u00fd vzhled t\u00edm, \u017ee dopl\u0148uje tradi\u010dn\u00ed pruhy Blaugrana o tmav\u011b modrou barvu.<\/p>\n<p>Ruk\u00e1vy a l\u00edmec dresu Barcelona 22-23 jsou jednobarevn\u011b tmav\u011b modr\u00e9, zat\u00edmco p\u0159edn\u00ed strana m\u00e1 pom\u011brn\u011b \u0161irok\u00e9 pruhy v tmav\u011b modr\u00e9, kr\u00e1lovskomodr\u00e9 a \u010derven\u00e9 barv\u011b.<\/p>\n<p>Ofici\u00e1ln\u00ed n\u00e1zev tmav\u011b modr\u00e9 barvy na dresu je \u201eObsidian\u201c, co\u017e je tak\u00e9 barva log na zlat\u00e9m venkovn\u00edm dresu.<\/p>\n<p>Uvnit\u0159 modr\u00fdch a \u010derven\u00fdch pruh\u016f na p\u0159edn\u00ed stran\u011b dom\u00e1c\u00edho dresu Nike FC Barcelona 2022-2023 se nach\u00e1z\u00ed decentn\u00ed potisk, kter\u00fd bude vid\u011bt i na r\u016fzn\u00fdch dal\u0161\u00edch p\u0159edm\u011btech kolekce, v\u010detn\u011b p\u0159edz\u00e1pasov\u00e9ho tri\u010dka.<\/p>\n<p>Podle d\u0159\u00edv\u011bj\u0161\u00ed zpr\u00e1vy SPORT bylo design inspirov\u00e1n tak\u00e9 Olympijsk\u00fdmi hrami v roce 1992 v Barcelon\u011b a prom\u011bnou, kterou m\u011bsto za\u017eilo. Tato inspirace je na venkovn\u00edm dresu je\u0161t\u011b z\u0159eteln\u011bj\u0161\u00ed, kter\u00fd je ozdoben\u00fd prvky v designu olympijsk\u00fdch medailov\u00fdch p\u00e1s\u016f z p\u0159ed 30 lety.<\/p>\n<p>Kalhoty a stulpny dom\u00e1c\u00edho dresu Barcelona 22-23 odr\u00e1\u017eej\u00ed tmav\u011b modrou barvu, co\u017e je opakuj\u00edc\u00ed se t\u00e9ma v historii dom\u00e1c\u00edch dres\u016f katal\u00e1nsk\u00e9ho klubu.<\/p>\n<p>Tipy pro tisk: Pokud jsou jm\u00e9no a \u010d\u00edslo na obr\u00e1zku p\u0159esn\u011b takov\u00e9, jak\u00e9 chcete, nemus\u00edte je zad\u00e1vat znovu. Pokud tomu tak nen\u00ed, m\u011bli byste zadat po\u017eadovan\u00e9 jm\u00e9no a \u010d\u00edslo.<\/p>\n<p>Tipy pro pran\u00ed: Doporu\u010dujeme pr\u00e1t fotbalov\u00e1 tri\u010dka v ruce. Pokud chcete pou\u017e\u00edt pra\u010dku, nezapome\u0148te fotbalov\u00e1 tri\u010dka obr\u00e1tit naruby a pot\u00e9 je vyprat. Pra\u010dku napl\u0148te studenou vodou a pou\u017eijte jemn\u00fd cyklus, abyste l\u00e9pe ochr\u00e1nili barvy.<\/p>","protected":false},"excerpt":{"rendered":"<p>Dres FC Barcelona 2022-23 p\u0159in\u00e1\u0161\u00ed stylov\u00fd vzhled t\u00edm, \u017ee tradi\u010dn\u00ed pruhy Blaugrana dopl\u0148uje o tmav\u011b modrou barvu. Ruk\u00e1vy a l\u00edmec dresu Barcelona 22-23 jsou jednobarevn\u011b tmav\u011b modr\u00e9, zat\u00edmco p\u0159edn\u00ed strana m\u00e1 pom\u011brn\u011b \u0161irok\u00e9 pruhy v tmav\u011b modr\u00e9, kr\u00e1lovskomodr\u00e9 a \u010derven\u00e9 barv\u011b. Ofici\u00e1ln\u00ed n\u00e1zev tmav\u011b modr\u00e9 barvy na dresu je \u201eObsidian\u201c, co\u017e tak\u00e9 [\u2026]<\/p>","protected":false},"featured_media":5112,"comment_status":"open","ping_status":"closed","template":"","meta":[],"product_brand":[],"product_cat":[31],"product_tag":[32,20,33,21,22,23,24],"class_list":{"0":"post-5076","1":"product","2":"type-product","3":"status-publish","4":"has-post-thumbnail","6":"product_cat-fc-barcelona","7":"product_tag-barcelona-heimtrikot","8":"product_tag-coole-fussballtrikots","9":"product_tag-fc-barcelona-trikots","10":"product_tag-fussballtrikot-fuer-herren","11":"product_tag-fussballtrikot-guenstig-kaufen","12":"product_tag-fussballtrikot-kurzarm","13":"product_tag-guenstiges-fussballtrikot","15":"first","16":"instock","17":"shipping-taxable","18":"purchasable","19":"product-type-variable"},"_links":{"self":[{"href":"https:\/\/www.billigtrikotde.com\/cs\/wp-json\/wp\/v2\/product\/5076","targetHints":{"allow":["GET"]}}],"collection":[{"href":"https:\/\/www.billigtrikotde.com\/cs\/wp-json\/wp\/v2\/product"}],"about":[{"href":"https:\/\/www.billigtrikotde.com\/cs\/wp-json\/wp\/v2\/types\/product"}],"replies":[{"embeddable":true,"href":"https:\/\/www.billigtrikotde.com\/cs\/wp-json\/wp\/v2\/comments?post=5076"}],"wp:featuredmedia":[{"embeddable":true,"href":"https:\/\/www.billigtrikotde.com\/cs\/wp-json\/wp\/v2\/media\/5112"}],"wp:attachment":[{"href":"https:\/\/www.billigtrikotde.com\/cs\/wp-json\/wp\/v2\/media?parent=5076"}],"wp:term":[{"taxonomy":"product_brand","embeddable":true,"href":"https:\/\/www.billigtrikotde.com\/cs\/wp-json\/wp\/v2\/product_brand?post=5076"},{"taxonomy":"product_cat","embeddable":true,"href":"https:\/\/www.billigtrikotde.com\/cs\/wp-json\/wp\/v2\/product_cat?post=5076"},{"taxonomy":"product_tag","embeddable":true,"href":"https:\/\/www.billigtrikotde.com\/cs\/wp-json\/wp\/v2\/product_tag?post=5076"}],"curies":[{"name":"wp","href":"https:\/\/api.w.org\/{rel}","templated":true}]}}