{"id":493,"date":"2024-10-23T12:51:44","date_gmt":"2024-10-23T10:51:44","guid":{"rendered":"http:\/\/billigtrikots.com\/?post_type=product&#038;p=493"},"modified":"2024-10-23T12:53:15","modified_gmt":"2024-10-23T10:53:15","slug":"herren-drittes-trikot-fc-barcelona-third-stadium-shirt-2021-22-dunkelblau-gelb","status":"publish","type":"product","link":"https:\/\/www.billigtrikotde.com\/cs\/herren-drittes-trikot-fc-barcelona-third-stadium-shirt-2021-22-dunkelblau-gelb\/","title":{"rendered":"P\u00e1nsk\u00fd t\u0159et\u00ed dres FC Barcelona T\u0159et\u00ed stadionov\u00fd dres 2021\/22 tmav\u011b modr\u00fd\/\u017elut\u00fd"},"content":{"rendered":"<p>T\u0159et\u00ed tri\u010dko FC Barcelona Stadion disponuje t\u00fdmov\u00fdmi detaily na vysoce prody\u0161n\u00e9m materi\u00e1lu, abyste z\u016fstali na h\u0159i\u0161ti nebo v tribun\u00e1ch chladn\u00ed a such\u00ed a podpo\u0159ili sv\u016fj t\u00fdm.<\/p>\n<p>Tipy pro tisk: Pokud jsou jm\u00e9no a \u010d\u00edslo na obr\u00e1zku p\u0159esn\u011b takov\u00e9, jak\u00e9 chcete, nemus\u00edte je zad\u00e1vat znovu. Pokud tomu tak nen\u00ed, m\u011bli byste zadat po\u017eadovan\u00e9 jm\u00e9no a \u010d\u00edslo.<\/p>\n<p>Tipy pro pran\u00ed: Doporu\u010dujeme pr\u00e1t fotbalov\u00e1 tri\u010dka v ruce. Pokud chcete pou\u017e\u00edt pra\u010dku, nezapome\u0148te fotbalov\u00e1 tri\u010dka obr\u00e1tit naruby a pot\u00e9 je vyprat. Pra\u010dku napl\u0148te studenou vodou a pou\u017eijte jemn\u00fd cyklus, abyste l\u00e9pe ochr\u00e1nili barvy.<\/p>","protected":false},"excerpt":{"rendered":"<p>Das dritte FC Barcelona Stadion-Shirt verf\u00fcgt \u00fcber Team-Details auf einem hoch atmungsaktivem Gewebe, damit Sie k\u00fchl und trocken auf dem Spielfeld oder auf der Trib\u00fcne bleiben und Ihr Team anfeuern. Tipps zum Drucken: Wenn der Name und die Nummer auf dem Bild genau Ihren W\u00fcnschen entsprechen, m\u00fcssen Sie sie nicht erneut eingeben. Wenn nicht, sollten [&hellip;]<\/p>","protected":false},"featured_media":525,"comment_status":"open","ping_status":"closed","template":"","meta":[],"product_brand":[],"product_cat":[31],"product_tag":[20,37,33,21,22,23,24],"class_list":{"0":"post-493","1":"product","2":"type-product","3":"status-publish","4":"has-post-thumbnail","6":"product_cat-fc-barcelona","7":"product_tag-coole-fussballtrikots","8":"product_tag-fc-barcelona-ausweichtrikot","9":"product_tag-fc-barcelona-trikots","10":"product_tag-fussballtrikot-fuer-herren","11":"product_tag-fussballtrikot-guenstig-kaufen","12":"product_tag-fussballtrikot-kurzarm","13":"product_tag-guenstiges-fussballtrikot","15":"first","16":"instock","17":"shipping-taxable","18":"purchasable","19":"product-type-variable"},"_links":{"self":[{"href":"https:\/\/www.billigtrikotde.com\/cs\/wp-json\/wp\/v2\/product\/493","targetHints":{"allow":["GET"]}}],"collection":[{"href":"https:\/\/www.billigtrikotde.com\/cs\/wp-json\/wp\/v2\/product"}],"about":[{"href":"https:\/\/www.billigtrikotde.com\/cs\/wp-json\/wp\/v2\/types\/product"}],"replies":[{"embeddable":true,"href":"https:\/\/www.billigtrikotde.com\/cs\/wp-json\/wp\/v2\/comments?post=493"}],"wp:featuredmedia":[{"embeddable":true,"href":"https:\/\/www.billigtrikotde.com\/cs\/wp-json\/wp\/v2\/media\/525"}],"wp:attachment":[{"href":"https:\/\/www.billigtrikotde.com\/cs\/wp-json\/wp\/v2\/media?parent=493"}],"wp:term":[{"taxonomy":"product_brand","embeddable":true,"href":"https:\/\/www.billigtrikotde.com\/cs\/wp-json\/wp\/v2\/product_brand?post=493"},{"taxonomy":"product_cat","embeddable":true,"href":"https:\/\/www.billigtrikotde.com\/cs\/wp-json\/wp\/v2\/product_cat?post=493"},{"taxonomy":"product_tag","embeddable":true,"href":"https:\/\/www.billigtrikotde.com\/cs\/wp-json\/wp\/v2\/product_tag?post=493"}],"curies":[{"name":"wp","href":"https:\/\/api.w.org\/{rel}","templated":true}]}}