{"id":4921,"date":"2024-10-23T16:13:24","date_gmt":"2024-10-23T14:13:24","guid":{"rendered":"http:\/\/billigtrikots.com\/?post_type=product&#038;p=4921"},"modified":"2024-10-23T16:15:43","modified_gmt":"2024-10-23T14:15:43","slug":"herren-trikotsatz-kurzarm-boca-juniors-drittes-fussballtrikot-gelb-2022","status":"publish","type":"product","link":"https:\/\/www.billigtrikotde.com\/cs\/herren-trikotsatz-kurzarm-boca-juniors-drittes-fussballtrikot-gelb-2022\/","title":{"rendered":"P\u00e1nsk\u00e1 sada dres\u016f kr\u00e1tk\u00e9 ruk\u00e1vy Boca Juniors t\u0159et\u00ed fotbalov\u00fd dres \u017elut\u00fd 2022"},"content":{"rendered":"<p>80 let jedn\u00e9 z nejp\u016fsobiv\u011bj\u0161\u00edch atmosf\u00e9r v profesion\u00e1ln\u00edm fotbale si zaslou\u017e\u00ed trochu uzn\u00e1n\u00ed, a adidas p\u0159ich\u00e1z\u00ed s t\u00edmto pat\u0159i\u010dn\u011b t\u0159et\u00edm trikem Boca Juniors 20\/21, kter\u00e9 obsahuje na m\u00edru vyroben\u00fd La Bombonera tisk, jen\u017e se objev\u00ed na hrudi a \u201eLa Bombonera, 80. v\u00fdro\u010d\u00ed\u201c.<br \/>\nOdv\u00e1\u017en\u00e9 \u017elut\u00e9 triko lad\u00ed s vzhledem barvy na dom\u00e1c\u00ed i venkovn\u00ed dresy, ale zde stoj\u00ed v centru d\u011bn\u00ed, s modr\u00fdmi detaily, kter\u00e9 se objevuj\u00ed kolem l\u00edmce, man\u017eet, sponzora a zna\u010dky. Na m\u00edru vyti\u0161t\u011bn\u00fd modro-\u017elut\u00fd potisk vede pod\u00e9l bo\u010dn\u00edch pruh\u016f, zat\u00edmco Boca\u016fv slogan La Mitad +1 (\u201epolovina plus jedna\u201c) je um\u00edst\u011bn na horn\u00ed zadn\u00ed stran\u011b bezprost\u0159edn\u011b pod l\u00edmcem, aby vytvo\u0159il \u010dist\u00fd dojem.<\/p>\n<p>Tipy pro tisk: Pokud jsou jm\u00e9no a \u010d\u00edslo na obr\u00e1zku p\u0159esn\u011b takov\u00e9, jak\u00e9 chcete, nemus\u00edte je zad\u00e1vat znovu. Pokud tomu tak nen\u00ed, m\u011bli byste zadat po\u017eadovan\u00e9 jm\u00e9no a \u010d\u00edslo.<\/p>\n<p>Tipy pro pran\u00ed: Doporu\u010dujeme pr\u00e1t fotbalov\u00e1 tri\u010dka v ruce. Pokud chcete pou\u017e\u00edt pra\u010dku, nezapome\u0148te fotbalov\u00e1 tri\u010dka obr\u00e1tit naruby a pot\u00e9 je vyprat. Pra\u010dku napl\u0148te studenou vodou a pou\u017eijte jemn\u00fd cyklus, abyste l\u00e9pe ochr\u00e1nili barvy.<\/p>","protected":false},"excerpt":{"rendered":"<p>80 Jahre einer der beeindruckendsten Atmosph\u00e4ren im Profifu\u00dfball verdienen ein wenig Anerkennung, und adidas kommt dem geb\u00fchrend mit dem dritten Boca Juniors 20\/21 Trikot nach, das einen ma\u00dfgeschneiderten La Bombonera-Druck enth\u00e4lt, der auf der Brust erscheint und \u201eLa Bombonera, 80. Jahrestag\u201c. Das mutige gelbe Trikot passt gut zum Erscheinungsbild der Farbe auf den Heim- und [&hellip;]<\/p>","protected":false},"featured_media":4961,"comment_status":"open","ping_status":"closed","template":"","meta":[],"product_brand":[],"product_cat":[15],"product_tag":[20,208,207,21,22,23,24],"class_list":{"0":"post-4921","1":"product","2":"type-product","3":"status-publish","4":"has-post-thumbnail","6":"product_cat-unkategorisiert","7":"product_tag-coole-fussballtrikots","8":"product_tag-boca-juniors-heimtrikot","9":"product_tag-boca-juniors-trikots","10":"product_tag-fussballtrikot-fuer-herren","11":"product_tag-fussballtrikot-guenstig-kaufen","12":"product_tag-fussballtrikot-kurzarm","13":"product_tag-guenstiges-fussballtrikot","15":"first","16":"instock","17":"shipping-taxable","18":"purchasable","19":"product-type-variable"},"_links":{"self":[{"href":"https:\/\/www.billigtrikotde.com\/cs\/wp-json\/wp\/v2\/product\/4921","targetHints":{"allow":["GET"]}}],"collection":[{"href":"https:\/\/www.billigtrikotde.com\/cs\/wp-json\/wp\/v2\/product"}],"about":[{"href":"https:\/\/www.billigtrikotde.com\/cs\/wp-json\/wp\/v2\/types\/product"}],"replies":[{"embeddable":true,"href":"https:\/\/www.billigtrikotde.com\/cs\/wp-json\/wp\/v2\/comments?post=4921"}],"wp:featuredmedia":[{"embeddable":true,"href":"https:\/\/www.billigtrikotde.com\/cs\/wp-json\/wp\/v2\/media\/4961"}],"wp:attachment":[{"href":"https:\/\/www.billigtrikotde.com\/cs\/wp-json\/wp\/v2\/media?parent=4921"}],"wp:term":[{"taxonomy":"product_brand","embeddable":true,"href":"https:\/\/www.billigtrikotde.com\/cs\/wp-json\/wp\/v2\/product_brand?post=4921"},{"taxonomy":"product_cat","embeddable":true,"href":"https:\/\/www.billigtrikotde.com\/cs\/wp-json\/wp\/v2\/product_cat?post=4921"},{"taxonomy":"product_tag","embeddable":true,"href":"https:\/\/www.billigtrikotde.com\/cs\/wp-json\/wp\/v2\/product_tag?post=4921"}],"curies":[{"name":"wp","href":"https:\/\/api.w.org\/{rel}","templated":true}]}}