{"id":4829,"date":"2024-10-23T16:08:49","date_gmt":"2024-10-23T14:08:49","guid":{"rendered":"http:\/\/billigtrikots.com\/?post_type=product&#038;p=4829"},"modified":"2024-10-23T16:10:58","modified_gmt":"2024-10-23T14:10:58","slug":"spanien-heimtrikot-home-em-2022-rot-kurzarm-kurze-hosen-m-llorente-6","status":"publish","type":"product","link":"https:\/\/www.billigtrikotde.com\/cs\/spanien-heimtrikot-home-em-2022-rot-kurzarm-kurze-hosen-m-llorente-6\/","title":{"rendered":"\u0160pan\u011blsko Dom\u00e1c\u00ed dres EM 2022 \u010cerven\u00fd s kr\u00e1tk\u00fdm ruk\u00e1vem + \u0161ortky M.LLORENTE 6"},"content":{"rendered":"<p>Nov\u00e9 oble\u010den\u00ed Spanien Em 2022 p\u0159in\u00e1\u0161\u00ed neobvykl\u00fd vzhled, i kdy\u017e pou\u017e\u00edv\u00e1 tradi\u010dn\u00ed barvy \u010derven\u00e1 a \u017elut\u00e1. Podle Adidasu m\u00e1 fotbalov\u00fd dres Spanien 2022 \u201epixelovan\u00fd design inspirovan\u00fd st\u00e1tn\u00ed vlajkou\u201c. To vede ke kostkovan\u00e9mu Designu v r\u016fzn\u00fdch odst\u00ednech \u010derven\u00e9, kter\u00fd pokra\u010duje na r\u016fznobarevn\u00fdch ruk\u00e1vech. T\u0159\u00edsstrepy se nach\u00e1zej\u00ed na ramenou dresu Adidas Spanien EM 2020, zat\u00edmco l\u00edmec inspirovan\u00fd 90. l\u00e9ty dotv\u00e1\u0159\u00ed design.<\/p>\n<p>Tipy pro tisk: Pokud jsou jm\u00e9no a \u010d\u00edslo na obr\u00e1zku p\u0159esn\u011b takov\u00e9, jak\u00e9 chcete, nemus\u00edte je zad\u00e1vat znovu. Pokud tomu tak nen\u00ed, m\u011bli byste zadat po\u017eadovan\u00e9 jm\u00e9no a \u010d\u00edslo.<\/p>\n<p>Tipy pro pran\u00ed: Doporu\u010dujeme pr\u00e1t fotbalov\u00e1 tri\u010dka v ruce. Pokud chcete pou\u017e\u00edt pra\u010dku, nezapome\u0148te fotbalov\u00e1 tri\u010dka obr\u00e1tit naruby a pot\u00e9 je vyprat. Pra\u010dku napl\u0148te studenou vodou a pou\u017eijte jemn\u00fd cyklus, abyste l\u00e9pe ochr\u00e1nili barvy.<\/p>","protected":false},"excerpt":{"rendered":"<p>Das neue Spanien Em 2022 Trikot f\u00fchrt einen ungew\u00f6hnlichen Look ein, obwohl es die traditionellen Farben Rot und Gelb aufweist.Laut Adidas weist das Spanien 2022 Fu\u00dfballtrikot ein \u201everpixeltes Design auf, das von der Landesflagge inspiriert ist\u201c. Dies f\u00fchrt zu einem Karo-Design in verschiedenen Rott\u00f6nen, die auf den unterschiedlich farbigen \u00c4rmeln fortgef\u00fchrt werden.Die Drei Streifen befinden [&hellip;]<\/p>","protected":false},"featured_media":4869,"comment_status":"open","ping_status":"closed","template":"","meta":[],"product_brand":[],"product_cat":[131],"product_tag":[20,21,22,23,24,132],"class_list":{"0":"post-4829","1":"product","2":"type-product","3":"status-publish","4":"has-post-thumbnail","6":"product_cat-spanien-trikots","7":"product_tag-coole-fussballtrikots","8":"product_tag-fussballtrikot-fuer-herren","9":"product_tag-fussballtrikot-guenstig-kaufen","10":"product_tag-fussballtrikot-kurzarm","11":"product_tag-guenstiges-fussballtrikot","12":"product_tag-spanien-heimtrikot","14":"first","15":"instock","16":"shipping-taxable","17":"purchasable","18":"product-type-variable"},"_links":{"self":[{"href":"https:\/\/www.billigtrikotde.com\/cs\/wp-json\/wp\/v2\/product\/4829","targetHints":{"allow":["GET"]}}],"collection":[{"href":"https:\/\/www.billigtrikotde.com\/cs\/wp-json\/wp\/v2\/product"}],"about":[{"href":"https:\/\/www.billigtrikotde.com\/cs\/wp-json\/wp\/v2\/types\/product"}],"replies":[{"embeddable":true,"href":"https:\/\/www.billigtrikotde.com\/cs\/wp-json\/wp\/v2\/comments?post=4829"}],"wp:featuredmedia":[{"embeddable":true,"href":"https:\/\/www.billigtrikotde.com\/cs\/wp-json\/wp\/v2\/media\/4869"}],"wp:attachment":[{"href":"https:\/\/www.billigtrikotde.com\/cs\/wp-json\/wp\/v2\/media?parent=4829"}],"wp:term":[{"taxonomy":"product_brand","embeddable":true,"href":"https:\/\/www.billigtrikotde.com\/cs\/wp-json\/wp\/v2\/product_brand?post=4829"},{"taxonomy":"product_cat","embeddable":true,"href":"https:\/\/www.billigtrikotde.com\/cs\/wp-json\/wp\/v2\/product_cat?post=4829"},{"taxonomy":"product_tag","embeddable":true,"href":"https:\/\/www.billigtrikotde.com\/cs\/wp-json\/wp\/v2\/product_tag?post=4829"}],"curies":[{"name":"wp","href":"https:\/\/api.w.org\/{rel}","templated":true}]}}