{"id":4805,"date":"2024-10-23T16:07:41","date_gmt":"2024-10-23T14:07:41","guid":{"rendered":"http:\/\/billigtrikots.com\/?post_type=product&#038;p=4805"},"modified":"2024-10-23T16:09:50","modified_gmt":"2024-10-23T14:09:50","slug":"spanien-trikot-away-em-2021-weiss-kurzarm-kurze-hosen-pique-3","status":"publish","type":"product","link":"https:\/\/www.billigtrikotde.com\/cs\/spanien-trikot-away-em-2021-weiss-kurzarm-kurze-hosen-pique-3\/","title":{"rendered":"\u0160pan\u011blsko Jersey Away EM 2021 White Short Sleeve + Shorts PIQUE 3"},"content":{"rendered":"<p>Podporujete sv\u016fj t\u00fdm ve v\u0161ech dob\u00e1ch, v dobr\u00fdch i \u0161patn\u00fdch, s prody\u0161n\u00fdm modelem v b\u00edl\u00e9 barv\u011b. Jist\u011b ide\u00e1ln\u00ed volba \u2013 dres od adidas. Jako prav\u00fd fanou\u0161ek \u0160pan\u011blska pot\u0159ebujete tento venkovn\u00ed dres, kter\u00fd nos\u00ed hr\u00e1\u010di na evropsk\u00e9m \u0161ampion\u00e1tu. Pohodln\u00fd, odv\u00e1d\u011bj\u00edc\u00ed pot, prody\u0161n\u00fd a lehk\u00fd funk\u010dn\u00ed materi\u00e1l ho p\u0159esv\u011bd\u010d\u00ed. Nab\u00edz\u00ed vysokou odolnost. Skv\u011bl\u00fd vzhled tohoto dresu je podtr\u017een logem svazu na hrudi. S t\u00edmto dreskem uk\u00e1\u017eete sv\u016fj t\u00fdmov\u00fd duch a v\u0161ude budete vypadat sportovn\u011b.<\/p>\n<p>N\u011bkter\u00e9 okam\u017eiky z\u016fstanou nav\u017edy v pam\u011bti. Ur\u010dit\u011b si ka\u017ed\u00fd fanou\u0161ek \u0160pan\u011blska vzpomene na radost z v\u00edt\u011bzstv\u00ed a d\u00e9\u0161\u0165 konfety, kdy\u017e t\u00fdm v Ji\u017en\u00ed Africe zvedl poh\u00e1r. Venkovn\u00ed dres zachycuje tento obraz abstraktn\u00edm, ru\u010dn\u011b malovan\u00fdm designem. M\u011bkk\u00fd, rychleschnouc\u00ed materi\u00e1l nav\u00edc zaji\u0161\u0165uje pohodln\u00e9 no\u0161en\u00ed na h\u0159i\u0161ti nebo v stadionu. Tkan\u00e9 logo svazu na hrudi ukazuje, za kterou reprezentaci va\u0161e srdce bije.<\/p>\n<p>Tipy pro tisk: Pokud jsou jm\u00e9no a \u010d\u00edslo na obr\u00e1zku p\u0159esn\u011b takov\u00e9, jak\u00e9 chcete, nemus\u00edte je zad\u00e1vat znovu. Pokud tomu tak nen\u00ed, m\u011bli byste zadat po\u017eadovan\u00e9 jm\u00e9no a \u010d\u00edslo.<\/p>\n<p>Tipy pro pran\u00ed: Doporu\u010dujeme pr\u00e1t fotbalov\u00e1 tri\u010dka v ruce. Pokud chcete pou\u017e\u00edt pra\u010dku, nezapome\u0148te fotbalov\u00e1 tri\u010dka obr\u00e1tit naruby a pot\u00e9 je vyprat. Pra\u010dku napl\u0148te studenou vodou a pou\u017eijte jemn\u00fd cyklus, abyste l\u00e9pe ochr\u00e1nili barvy.<\/p>","protected":false},"excerpt":{"rendered":"<p>Du unterst\u00fctzt dein Team in guten wie in schlechten Zeiten mit dem atmungsaktiven Modell in Wei\u00df. Sicher die perfekte Entscheidung \u2013 das Trikot von adidas. Als echter Spanien-Fan brauchst du dieses Ausw\u00e4rts-Trikot, das die Spieler bei der Europameisterschaft tragen. Die bequeme, schwei\u00dfableitende, atmungsaktive und leichte Funktionsweise l\u00e4sst es \u00fcberzeugen. Eine hohe Haltbarkeit wird dir geboten. [&hellip;]<\/p>","protected":false},"featured_media":4845,"comment_status":"open","ping_status":"closed","template":"","meta":[],"product_brand":[],"product_cat":[131],"product_tag":[20,21,22,23,24,132],"class_list":{"0":"post-4805","1":"product","2":"type-product","3":"status-publish","4":"has-post-thumbnail","6":"product_cat-spanien-trikots","7":"product_tag-coole-fussballtrikots","8":"product_tag-fussballtrikot-fuer-herren","9":"product_tag-fussballtrikot-guenstig-kaufen","10":"product_tag-fussballtrikot-kurzarm","11":"product_tag-guenstiges-fussballtrikot","12":"product_tag-spanien-heimtrikot","14":"first","15":"instock","16":"shipping-taxable","17":"purchasable","18":"product-type-variable"},"_links":{"self":[{"href":"https:\/\/www.billigtrikotde.com\/cs\/wp-json\/wp\/v2\/product\/4805","targetHints":{"allow":["GET"]}}],"collection":[{"href":"https:\/\/www.billigtrikotde.com\/cs\/wp-json\/wp\/v2\/product"}],"about":[{"href":"https:\/\/www.billigtrikotde.com\/cs\/wp-json\/wp\/v2\/types\/product"}],"replies":[{"embeddable":true,"href":"https:\/\/www.billigtrikotde.com\/cs\/wp-json\/wp\/v2\/comments?post=4805"}],"wp:featuredmedia":[{"embeddable":true,"href":"https:\/\/www.billigtrikotde.com\/cs\/wp-json\/wp\/v2\/media\/4845"}],"wp:attachment":[{"href":"https:\/\/www.billigtrikotde.com\/cs\/wp-json\/wp\/v2\/media?parent=4805"}],"wp:term":[{"taxonomy":"product_brand","embeddable":true,"href":"https:\/\/www.billigtrikotde.com\/cs\/wp-json\/wp\/v2\/product_brand?post=4805"},{"taxonomy":"product_cat","embeddable":true,"href":"https:\/\/www.billigtrikotde.com\/cs\/wp-json\/wp\/v2\/product_cat?post=4805"},{"taxonomy":"product_tag","embeddable":true,"href":"https:\/\/www.billigtrikotde.com\/cs\/wp-json\/wp\/v2\/product_tag?post=4805"}],"curies":[{"name":"wp","href":"https:\/\/api.w.org\/{rel}","templated":true}]}}