{"id":475,"date":"2024-10-23T12:50:44","date_gmt":"2024-10-23T10:50:44","guid":{"rendered":"http:\/\/billigtrikots.com\/?post_type=product&#038;p=475"},"modified":"2024-10-23T12:52:44","modified_gmt":"2024-10-23T10:52:44","slug":"fc-barcelona-herren-3rd-trikot-2021-22-dunkelblau-gelb-mit-aufdruck-roberto-20","status":"publish","type":"product","link":"https:\/\/www.billigtrikotde.com\/cs\/fc-barcelona-herren-3rd-trikot-2021-22-dunkelblau-gelb-mit-aufdruck-roberto-20\/","title":{"rendered":"FC Barcelona p\u00e1nsk\u00e9 3. dres 2021\/22 tmav\u011b modr\u00fd\/\u017elut\u00fd s potiskem ROBERTO 20"},"content":{"rendered":"<p>Tri\u010dko od Nike v modr\u00e9 barv\u011b ti umo\u017en\u00ed nosit barvy sv\u00e9ho obl\u00edben\u00e9ho klubu a v\u0161em uk\u00e1zat, za co tv\u00e9 srdce bije. V\u00edce fandovstv\u00ed snad ani nejde! S t\u00edmto n\u00e1hradn\u00edm tri\u010dkem FC Barcelona roz\u0161\u00ed\u0159\u00ed\u0161 svou fanou\u0161kovskou kolekci o kousek, kter\u00fd nos\u00ed hr\u00e1\u010di v Primera Division. Jeho super pohodln\u00fd, prody\u0161n\u00fd, odv\u00e1d\u011bj\u00edc\u00ed pot a lehk\u00fd funk\u010dn\u00ed materi\u00e1l ho \u010din\u00ed p\u0159esv\u011bd\u010div\u00fdm. Toto je sportovn\u00ed top, kter\u00fd d\u00edky klubov\u00e9 vlajce na hrudi m\u016f\u017ee jist\u011b zaz\u00e1\u0159it. S t\u00edmto sportovn\u00edm topem bude\u0161 dob\u0159e vybaven na ka\u017edou tr\u00e9ninkovou jednotku. S t\u00edmto modr\u00fdm sportovn\u00edm topem s pruhovan\u00fdm vzorem podtrhne\u0161 sv\u016fj styl.<\/p>\n<p>Tipy pro tisk: Pokud jsou jm\u00e9no a \u010d\u00edslo na obr\u00e1zku p\u0159esn\u011b takov\u00e9, jak\u00e9 chcete, nemus\u00edte je zad\u00e1vat znovu. Pokud tomu tak nen\u00ed, m\u011bli byste zadat po\u017eadovan\u00e9 jm\u00e9no a \u010d\u00edslo.<\/p>\n<p>Tipy pro pran\u00ed: Doporu\u010dujeme pr\u00e1t fotbalov\u00e1 tri\u010dka v ruce. Pokud chcete pou\u017e\u00edt pra\u010dku, nezapome\u0148te fotbalov\u00e1 tri\u010dka obr\u00e1tit naruby a pot\u00e9 je vyprat. Pra\u010dku napl\u0148te studenou vodou a pou\u017eijte jemn\u00fd cyklus, abyste l\u00e9pe ochr\u00e1nili barvy.<\/p>","protected":false},"excerpt":{"rendered":"<p>Das Shirt von Nike in Blau l\u00e4sst dich die Farben deines Lieblingsclubs tragen und allen zeigen, wof\u00fcr dein Herz schl\u00e4gt. Mehr Fantum geht kaum! Mit diesem FC Barcelona-Ausweich-Shirt erweiterst du deine Fan-Kollektion um einen Artikel, wie ihn die Spieler in der Primera Division tragen. Die super bequeme, atmungsaktive, schwei\u00dfableitende und leichte Funktionsweise l\u00e4sst es \u00fcberzeugen. [&hellip;]<\/p>","protected":false},"featured_media":512,"comment_status":"open","ping_status":"closed","template":"","meta":[],"product_brand":[],"product_cat":[31],"product_tag":[20,37,33,21,22,23,24],"class_list":{"0":"post-475","1":"product","2":"type-product","3":"status-publish","4":"has-post-thumbnail","6":"product_cat-fc-barcelona","7":"product_tag-coole-fussballtrikots","8":"product_tag-fc-barcelona-ausweichtrikot","9":"product_tag-fc-barcelona-trikots","10":"product_tag-fussballtrikot-fuer-herren","11":"product_tag-fussballtrikot-guenstig-kaufen","12":"product_tag-fussballtrikot-kurzarm","13":"product_tag-guenstiges-fussballtrikot","15":"first","16":"instock","17":"shipping-taxable","18":"purchasable","19":"product-type-variable"},"_links":{"self":[{"href":"https:\/\/www.billigtrikotde.com\/cs\/wp-json\/wp\/v2\/product\/475","targetHints":{"allow":["GET"]}}],"collection":[{"href":"https:\/\/www.billigtrikotde.com\/cs\/wp-json\/wp\/v2\/product"}],"about":[{"href":"https:\/\/www.billigtrikotde.com\/cs\/wp-json\/wp\/v2\/types\/product"}],"replies":[{"embeddable":true,"href":"https:\/\/www.billigtrikotde.com\/cs\/wp-json\/wp\/v2\/comments?post=475"}],"wp:featuredmedia":[{"embeddable":true,"href":"https:\/\/www.billigtrikotde.com\/cs\/wp-json\/wp\/v2\/media\/512"}],"wp:attachment":[{"href":"https:\/\/www.billigtrikotde.com\/cs\/wp-json\/wp\/v2\/media?parent=475"}],"wp:term":[{"taxonomy":"product_brand","embeddable":true,"href":"https:\/\/www.billigtrikotde.com\/cs\/wp-json\/wp\/v2\/product_brand?post=475"},{"taxonomy":"product_cat","embeddable":true,"href":"https:\/\/www.billigtrikotde.com\/cs\/wp-json\/wp\/v2\/product_cat?post=475"},{"taxonomy":"product_tag","embeddable":true,"href":"https:\/\/www.billigtrikotde.com\/cs\/wp-json\/wp\/v2\/product_tag?post=475"}],"curies":[{"name":"wp","href":"https:\/\/api.w.org\/{rel}","templated":true}]}}